{"id":1733,"date":"2023-10-16T23:32:02","date_gmt":"2023-10-16T23:32:02","guid":{"rendered":"https:\/\/bolyai200.temesvaros.ro\/dr-bokor-jozsef-es-dr-szabo-zoltan\/"},"modified":"2023-10-16T23:46:54","modified_gmt":"2023-10-16T23:46:54","slug":"dr-bokor-jozsef-and-dr-szabo-zoltan","status":"publish","type":"page","link":"https:\/\/bolyai200.temesvaros.ro\/en\/dr-bokor-jozsef-and-dr-szabo-zoltan\/","title":{"rendered":"Dr. J\u00f3zsef Bokor and dr. Zolt\u00e1n Szab\u00f3"},"content":{"rendered":"\t\t<div data-elementor-type=\"wp-page\" data-elementor-id=\"1733\" class=\"elementor elementor-1733 elementor-1724\" data-elementor-post-type=\"page\">\n\t\t\t\t\t\t<section class=\"elementor-section elementor-top-section elementor-element elementor-element-d711d2a elementor-section-boxed elementor-section-height-default elementor-section-height-default\" data-id=\"d711d2a\" data-element_type=\"section\" data-settings=\"{&quot;background_background&quot;:&quot;classic&quot;}\">\n\t\t\t\t\t\t<div class=\"elementor-container elementor-column-gap-default\">\n\t\t\t\t\t<div class=\"elementor-column elementor-col-100 elementor-top-column elementor-element elementor-element-98d0366\" data-id=\"98d0366\" data-element_type=\"column\">\n\t\t\t<div class=\"elementor-widget-wrap elementor-element-populated\">\n\t\t\t\t\t\t<div class=\"elementor-element elementor-element-496ab32 elementor-widget elementor-widget-heading\" data-id=\"496ab32\" data-element_type=\"widget\" data-widget_type=\"heading.default\">\n\t\t\t\t<div class=\"elementor-widget-container\">\n\t\t\t\t\t<h2 class=\"elementor-heading-title elementor-size-default\">Dr. Zolt\u00e1n Szab\u00f3 and dr. J\u00f3zsef Bokor<\/h2>\t\t\t\t<\/div>\n\t\t\t\t<\/div>\n\t\t\t\t\t<\/div>\n\t\t<\/div>\n\t\t\t\t\t<\/div>\n\t\t<\/section>\n\t\t\t\t<section class=\"elementor-section elementor-top-section elementor-element elementor-element-1604545 elementor-section-full_width elementor-section-height-default elementor-section-height-default\" data-id=\"1604545\" data-element_type=\"section\">\n\t\t\t\t\t\t<div class=\"elementor-container elementor-column-gap-no\">\n\t\t\t\t\t<div class=\"elementor-column elementor-col-50 elementor-top-column elementor-element elementor-element-4a6b9473\" data-id=\"4a6b9473\" data-element_type=\"column\" data-settings=\"{&quot;background_background&quot;:&quot;classic&quot;}\">\n\t\t\t<div class=\"elementor-widget-wrap elementor-element-populated\">\n\t\t\t\t\t\t<div class=\"elementor-element elementor-element-e4f350a elementor-widget elementor-widget-image\" data-id=\"e4f350a\" data-element_type=\"widget\" data-widget_type=\"image.default\">\n\t\t\t\t<div class=\"elementor-widget-container\">\n\t\t\t\t\t\t\t\t\t\t\t\t\t\t\t<img fetchpriority=\"high\" decoding=\"async\" width=\"631\" height=\"680\" src=\"https:\/\/bolyai200.temesvaros.ro\/wp-content\/uploads\/2023\/10\/04-BokorJ.jpg\" class=\"attachment-large size-large wp-image-1665\" alt=\"04 bokorj\" srcset=\"https:\/\/bolyai200.temesvaros.ro\/wp-content\/uploads\/2023\/10\/04-BokorJ.jpg 631w, https:\/\/bolyai200.temesvaros.ro\/wp-content\/uploads\/2023\/10\/04-BokorJ-278x300.jpg 278w\" sizes=\"(max-width: 631px) 100vw, 631px\" \/>\t\t\t\t\t\t\t\t\t\t\t\t\t\t\t<\/div>\n\t\t\t\t<\/div>\n\t\t\t\t<div class=\"elementor-element elementor-element-86b8e23 elementor-widget elementor-widget-image\" data-id=\"86b8e23\" data-element_type=\"widget\" data-widget_type=\"image.default\">\n\t\t\t\t<div class=\"elementor-widget-container\">\n\t\t\t\t\t\t\t\t\t\t\t\t\t\t\t<img decoding=\"async\" width=\"768\" height=\"902\" src=\"https:\/\/bolyai200.temesvaros.ro\/wp-content\/uploads\/2023\/10\/04-SzaboZ-768x902.jpg\" class=\"attachment-medium_large size-medium_large wp-image-1668\" alt=\"04 szaboz\" srcset=\"https:\/\/bolyai200.temesvaros.ro\/wp-content\/uploads\/2023\/10\/04-SzaboZ-768x902.jpg 768w, https:\/\/bolyai200.temesvaros.ro\/wp-content\/uploads\/2023\/10\/04-SzaboZ-255x300.jpg 255w, https:\/\/bolyai200.temesvaros.ro\/wp-content\/uploads\/2023\/10\/04-SzaboZ-872x1024.jpg 872w, https:\/\/bolyai200.temesvaros.ro\/wp-content\/uploads\/2023\/10\/04-SzaboZ-1307x1536.jpg 1307w, https:\/\/bolyai200.temesvaros.ro\/wp-content\/uploads\/2023\/10\/04-SzaboZ.jpg 1492w\" sizes=\"(max-width: 768px) 100vw, 768px\" \/>\t\t\t\t\t\t\t\t\t\t\t\t\t\t\t<\/div>\n\t\t\t\t<\/div>\n\t\t\t\t\t<\/div>\n\t\t<\/div>\n\t\t\t\t<div class=\"elementor-column elementor-col-50 elementor-top-column elementor-element elementor-element-56bc6187\" data-id=\"56bc6187\" data-element_type=\"column\">\n\t\t\t<div class=\"elementor-widget-wrap elementor-element-populated\">\n\t\t\t\t\t\t<section class=\"elementor-section elementor-inner-section elementor-element elementor-element-4a742f27 elementor-section-full_width elementor-section-content-middle elementor-section-height-default elementor-section-height-default\" data-id=\"4a742f27\" data-element_type=\"section\" data-settings=\"{&quot;background_background&quot;:&quot;classic&quot;}\">\n\t\t\t\t\t\t<div class=\"elementor-container elementor-column-gap-no\">\n\t\t\t\t\t<div class=\"elementor-column elementor-col-100 elementor-inner-column elementor-element elementor-element-3409769d\" data-id=\"3409769d\" data-element_type=\"column\" data-settings=\"{&quot;background_background&quot;:&quot;classic&quot;}\">\n\t\t\t<div class=\"elementor-widget-wrap elementor-element-populated\">\n\t\t\t\t\t\t<div class=\"elementor-element elementor-element-a86589c elementor-widget elementor-widget-text-editor\" data-id=\"a86589c\" data-element_type=\"widget\" data-widget_type=\"text-editor.default\">\n\t\t\t\t<div class=\"elementor-widget-container\">\n\t\t\t\t\t\t\t\t\t<p><strong><span>Hyperbolic geometry in systems and control<\/span><\/strong><\/p><p><strong><span>Zolt\u00e1n Szab\u00f3 and J\u00f3zsef Bokor <\/span><\/strong><\/p><p><span>\u00a0<\/span><\/p><p>Geometry is one of the richest areas for mathematical exploration. The visual aspects of the subject make exploration and experimentation natural and intuitive. At the same time, the abstractions developed to explain geometric patterns and connections make the approach extremely powerful and applicable to a wide variety of situations. Euclidean geometry includes a rich variety of concepts such as point, line, incidence, parallel lines, angle, distance between points, congruence of segments, and congruence of angles. Already from the beginning the fifth postulate was recognized as less obvious than the others. During more than two thousand years of fascinating mathematical history geometers were trying to either prove it from the other axioms or replace it by something more obvious. In the nineteenth century development of the Bolyai-Lobachevsky geometry, as the first instance of non-Euclidean geometries, had a great impact on the evolution of mathematical thinking. Non-Euclidean geometry has turned out to be more than just a logical curiosity, and many of its basic features continue to play important roles in several branches of mathematics and its applications.<\/p><p>The invention of Cartesian coordinates revolutionized mathematics by providing the first systematic link between Euclidean geometry and algebra, and provided enlightening geometric interpretations for many other branches of mathematics.<\/p><p>The main concern of this work is to highlight the deep relation that exists between the seemingly different fields of geometry, algebra and control theory. Felix Klein, in the late 1800s, proposed group theory as a tool for formulating and understanding geometrical constructions. The Kleinian view makes the link between geometry and group theory; Descartes provides the dictionary between the geometrical entities and the algebraic ones while through different representations and homomorphism the abstract group theoretical facts will obtain an algebraic (linear algebraic) formulation that open the way to engineering applications.<\/p><p>Concerning system modeling, the hyperbolic-distance defined by certain finite Blaschke-products plays a central role in modeling techniques that uses nonstandard system representations such as generalized orthogonal basis functions or, recently, rational wavelets. In these methods a robust basis selection (pole selection) algorithm was developed based on hyperbolic-geometric results.<\/p><p>Concerning the time-domain development of robust control we focus on a quadratic separator framework and illustrate its hyperbolic geometrical roots. In this respect the main model is the projective matrix space endowed with a hyperbolic metric. This framework allows us to relate the indefinite space approach (Grassmannian view, Krein-space approach) to the hyperbolic view. The central object is the (operator) matrix M\u00f6bius transformation and its domain. The properties of this transformation, i.e., the geometry, reveals the structure of robust control problems. A fundamental observation is that solutions of the quadratic performance problems, e.g., robust control design, are parametrized by the elements of the unit ball. The group actions that correspond to the addition of stable plants are the hyperbolic motions of the unit ball. We provide an explicit parametrization of these operators and the corresponding induced operation on this parameter space.<\/p><p>As a starting point of Euclidean and non-Euclidean worlds the most fundamental geometries are the projective and affine ones. Feedback stability is related to such geometries. Following the Kleinian project we identify the proper mathematical objects and the groups associated with these objects that are related to the concept of stability and stabilizing controllers. While traditional geometric control theory is centered on a local view based on differential geometry, a global view is centered on an input-output framework, based on a Kleinian approach to the geometry. Transformation groups play fundamental roles, since they leave a given global property, e.g., stability invariant. We put an emphasis on this concept of the geometry and its direct applicability to control problems. The method also provides tools for controller manipulations that preserve the property at hand, called controller blending.<\/p><p>In the presentation classical control problems will be illustrated through this new approach in system identification and modeling for robust control.<\/p><p><\/p>\t\t\t\t\t\t\t\t<\/div>\n\t\t\t\t<\/div>\n\t\t\t\t\t<\/div>\n\t\t<\/div>\n\t\t\t\t\t<\/div>\n\t\t<\/section>\n\t\t\t\t\t<\/div>\n\t\t<\/div>\n\t\t\t\t\t<\/div>\n\t\t<\/section>\n\t\t\t\t<\/div>\n\t\t","protected":false},"excerpt":{"rendered":"<p>Dr. Bokor J\u00f3zsef \u00e9s dr. Szab\u00f3 Zolt\u00e1n Bokor J\u00f3zsef \u00e9s Szab\u00f3 Zolt\u00e1n: Hiperbolikus geometria a rendszerelm\u00e9letben A geometria a matematikai kutat\u00e1sok egyik leggazdagabb ter\u00fclete. A t\u00e9ma vizu\u00e1lis vonatkoz\u00e1sai term\u00e9szetess\u00e9 \u00e9s intuit\u00edvv\u00e1 teszik a felfedez\u00e9st \u00e9s a k\u00eds\u00e9rletez\u00e9st. Ugyanakkor a geometriai mint\u00e1k \u00e9s \u00f6sszef\u00fcgg\u00e9sek magyar\u00e1zat\u00e1ra kidolgozott absztrakci\u00f3k rendk\u00edv\u00fcl er\u0151teljess\u00e9 \u00e9s a legk\u00fcl\u00f6nf\u00e9l\u00e9bb helyzetekben alkalmazhat\u00f3v\u00e1 teszik a [&hellip;]<\/p>\n","protected":false},"author":2,"featured_media":1868,"parent":0,"menu_order":19,"comment_status":"closed","ping_status":"closed","template":"","meta":{"_seopress_robots_primary_cat":"","_seopress_titles_title":"","_seopress_titles_desc":"","_seopress_robots_index":"","ngg_post_thumbnail":0,"footnotes":""},"_links":{"self":[{"href":"https:\/\/bolyai200.temesvaros.ro\/en\/wp-json\/wp\/v2\/pages\/1733"}],"collection":[{"href":"https:\/\/bolyai200.temesvaros.ro\/en\/wp-json\/wp\/v2\/pages"}],"about":[{"href":"https:\/\/bolyai200.temesvaros.ro\/en\/wp-json\/wp\/v2\/types\/page"}],"author":[{"embeddable":true,"href":"https:\/\/bolyai200.temesvaros.ro\/en\/wp-json\/wp\/v2\/users\/2"}],"replies":[{"embeddable":true,"href":"https:\/\/bolyai200.temesvaros.ro\/en\/wp-json\/wp\/v2\/comments?post=1733"}],"version-history":[{"count":5,"href":"https:\/\/bolyai200.temesvaros.ro\/en\/wp-json\/wp\/v2\/pages\/1733\/revisions"}],"predecessor-version":[{"id":1739,"href":"https:\/\/bolyai200.temesvaros.ro\/en\/wp-json\/wp\/v2\/pages\/1733\/revisions\/1739"}],"wp:featuredmedia":[{"embeddable":true,"href":"https:\/\/bolyai200.temesvaros.ro\/en\/wp-json\/wp\/v2\/media\/1868"}],"wp:attachment":[{"href":"https:\/\/bolyai200.temesvaros.ro\/en\/wp-json\/wp\/v2\/media?parent=1733"}],"curies":[{"name":"wp","href":"https:\/\/api.w.org\/{rel}","templated":true}]}}