{"id":1779,"date":"2023-10-17T00:15:07","date_gmt":"2023-10-17T00:15:07","guid":{"rendered":"https:\/\/bolyai200.temesvaros.ro\/dr-gall-anthony\/"},"modified":"2023-10-17T00:27:18","modified_gmt":"2023-10-17T00:27:18","slug":"dr-gall-anthony","status":"publish","type":"page","link":"https:\/\/bolyai200.temesvaros.ro\/en\/dr-gall-anthony\/","title":{"rendered":"Dr. Gall Anthony"},"content":{"rendered":"\t\t<div data-elementor-type=\"wp-page\" data-elementor-id=\"1779\" class=\"elementor elementor-1779 elementor-1753\" data-elementor-post-type=\"page\">\n\t\t\t\t\t\t<section class=\"elementor-section elementor-top-section elementor-element elementor-element-d711d2a elementor-section-boxed elementor-section-height-default elementor-section-height-default\" data-id=\"d711d2a\" data-element_type=\"section\" data-settings=\"{&quot;background_background&quot;:&quot;classic&quot;}\">\n\t\t\t\t\t\t<div class=\"elementor-container elementor-column-gap-default\">\n\t\t\t\t\t<div class=\"elementor-column elementor-col-100 elementor-top-column elementor-element elementor-element-98d0366\" data-id=\"98d0366\" data-element_type=\"column\">\n\t\t\t<div class=\"elementor-widget-wrap elementor-element-populated\">\n\t\t\t\t\t\t<div class=\"elementor-element elementor-element-496ab32 elementor-widget elementor-widget-heading\" data-id=\"496ab32\" data-element_type=\"widget\" data-widget_type=\"heading.default\">\n\t\t\t\t<div class=\"elementor-widget-container\">\n\t\t\t\t\t<h2 class=\"elementor-heading-title elementor-size-default\">Dr. Gall Anthony<\/h2>\t\t\t\t<\/div>\n\t\t\t\t<\/div>\n\t\t\t\t\t<\/div>\n\t\t<\/div>\n\t\t\t\t\t<\/div>\n\t\t<\/section>\n\t\t\t\t<section class=\"elementor-section elementor-top-section elementor-element elementor-element-1604545 elementor-section-full_width elementor-section-height-default elementor-section-height-default\" data-id=\"1604545\" data-element_type=\"section\">\n\t\t\t\t\t\t<div class=\"elementor-container elementor-column-gap-no\">\n\t\t\t\t\t<div class=\"elementor-column elementor-col-50 elementor-top-column elementor-element elementor-element-4a6b9473\" data-id=\"4a6b9473\" data-element_type=\"column\" data-settings=\"{&quot;background_background&quot;:&quot;classic&quot;}\">\n\t\t\t<div class=\"elementor-widget-wrap elementor-element-populated\">\n\t\t\t\t\t\t<div class=\"elementor-element elementor-element-e4f350a elementor-widget elementor-widget-image\" data-id=\"e4f350a\" data-element_type=\"widget\" data-widget_type=\"image.default\">\n\t\t\t\t<div class=\"elementor-widget-container\">\n\t\t\t\t\t\t\t\t\t\t\t\t\t\t\t<img fetchpriority=\"high\" decoding=\"async\" width=\"768\" height=\"1152\" src=\"https:\/\/bolyai200.temesvaros.ro\/wp-content\/uploads\/2023\/10\/07-Anthony-Gall-768x1152.jpg\" class=\"attachment-medium_large size-medium_large wp-image-1758\" alt=\"07 anthony gall\" srcset=\"https:\/\/bolyai200.temesvaros.ro\/wp-content\/uploads\/2023\/10\/07-Anthony-Gall-768x1152.jpg 768w, https:\/\/bolyai200.temesvaros.ro\/wp-content\/uploads\/2023\/10\/07-Anthony-Gall-200x300.jpg 200w, https:\/\/bolyai200.temesvaros.ro\/wp-content\/uploads\/2023\/10\/07-Anthony-Gall-683x1024.jpg 683w, https:\/\/bolyai200.temesvaros.ro\/wp-content\/uploads\/2023\/10\/07-Anthony-Gall-1024x1536.jpg 1024w, https:\/\/bolyai200.temesvaros.ro\/wp-content\/uploads\/2023\/10\/07-Anthony-Gall-1366x2048.jpg 1366w, https:\/\/bolyai200.temesvaros.ro\/wp-content\/uploads\/2023\/10\/07-Anthony-Gall.jpg 1707w\" sizes=\"(max-width: 768px) 100vw, 768px\" \/>\t\t\t\t\t\t\t\t\t\t\t\t\t\t\t<\/div>\n\t\t\t\t<\/div>\n\t\t\t\t\t<\/div>\n\t\t<\/div>\n\t\t\t\t<div class=\"elementor-column elementor-col-50 elementor-top-column elementor-element elementor-element-56bc6187\" data-id=\"56bc6187\" data-element_type=\"column\">\n\t\t\t<div class=\"elementor-widget-wrap elementor-element-populated\">\n\t\t\t\t\t\t<section class=\"elementor-section elementor-inner-section elementor-element elementor-element-4a742f27 elementor-section-full_width elementor-section-content-middle elementor-section-height-default elementor-section-height-default\" data-id=\"4a742f27\" data-element_type=\"section\" data-settings=\"{&quot;background_background&quot;:&quot;classic&quot;}\">\n\t\t\t\t\t\t<div class=\"elementor-container elementor-column-gap-no\">\n\t\t\t\t\t<div class=\"elementor-column elementor-col-100 elementor-inner-column elementor-element elementor-element-3409769d\" data-id=\"3409769d\" data-element_type=\"column\" data-settings=\"{&quot;background_background&quot;:&quot;classic&quot;}\">\n\t\t\t<div class=\"elementor-widget-wrap elementor-element-populated\">\n\t\t\t\t\t\t<div class=\"elementor-element elementor-element-a86589c elementor-widget elementor-widget-text-editor\" data-id=\"a86589c\" data-element_type=\"widget\" data-widget_type=\"text-editor.default\">\n\t\t\t\t<div class=\"elementor-widget-container\">\n\t\t\t\t\t\t\t\t\t<p><span>Dr. Gall Anthony, professor, \u00d3buda University<\/span><\/p><p><strong>K\u00e1roly K\u00f3s: a renaissance style champion for the preservation of beauty and place in Modern Transylvania 1905-1977<\/strong><\/p><p><\/p><p><img decoding=\"async\" src=\"http:\/\/bolyai200.temesvaros.ro\/wp-content\/uploads\/2023\/10\/07-Anthony-Gall-honlapon-az-eloadas-leiras-vegere-eletrajz-ele-185x300.jpg\" alt=\"07 anthony gall honlapon az eloadas leiras vegere eletrajz ele\" width=\"185\" height=\"300\" class=\"size-medium wp-image-1761 aligncenter\" srcset=\"https:\/\/bolyai200.temesvaros.ro\/wp-content\/uploads\/2023\/10\/07-Anthony-Gall-honlapon-az-eloadas-leiras-vegere-eletrajz-ele-185x300.jpg 185w, https:\/\/bolyai200.temesvaros.ro\/wp-content\/uploads\/2023\/10\/07-Anthony-Gall-honlapon-az-eloadas-leiras-vegere-eletrajz-ele-632x1024.jpg 632w, https:\/\/bolyai200.temesvaros.ro\/wp-content\/uploads\/2023\/10\/07-Anthony-Gall-honlapon-az-eloadas-leiras-vegere-eletrajz-ele-768x1245.jpg 768w, https:\/\/bolyai200.temesvaros.ro\/wp-content\/uploads\/2023\/10\/07-Anthony-Gall-honlapon-az-eloadas-leiras-vegere-eletrajz-ele-947x1536.jpg 947w, https:\/\/bolyai200.temesvaros.ro\/wp-content\/uploads\/2023\/10\/07-Anthony-Gall-honlapon-az-eloadas-leiras-vegere-eletrajz-ele-1263x2048.jpg 1263w, https:\/\/bolyai200.temesvaros.ro\/wp-content\/uploads\/2023\/10\/07-Anthony-Gall-honlapon-az-eloadas-leiras-vegere-eletrajz-ele.jpg 1579w\" sizes=\"(max-width: 185px) 100vw, 185px\" \/><\/p><p>Anthony Gall is an Australian architect, historian and educator resident in Budapest since 1989. He is Professor in Architecture and Dean of the Faculty of the Mikl\u00f3s Ybl Faculty of Architecture and Engineering at \u00d3buda University.<\/p>\t\t\t\t\t\t\t\t<\/div>\n\t\t\t\t<\/div>\n\t\t\t\t\t<\/div>\n\t\t<\/div>\n\t\t\t\t\t<\/div>\n\t\t<\/section>\n\t\t\t\t\t<\/div>\n\t\t<\/div>\n\t\t\t\t\t<\/div>\n\t\t<\/section>\n\t\t\t\t<\/div>\n\t\t","protected":false},"excerpt":{"rendered":"<p>Dr. Gall Anthony Dr. Gall Anthony, professor, \u00d3buda University K\u00e1roly K\u00f3s: a renaissance style champion for the preservation of beauty and place in Modern Transylvania 1905-1977 Anthony Gall is an Australian architect, historian and educator resident in Budapest since 1989. He is Professor in Architecture and Dean of the Faculty of the Mikl\u00f3s Ybl Faculty [&hellip;]<\/p>\n","protected":false},"author":2,"featured_media":1759,"parent":0,"menu_order":22,"comment_status":"closed","ping_status":"closed","template":"","meta":{"_seopress_robots_primary_cat":"","_seopress_titles_title":"","_seopress_titles_desc":"","_seopress_robots_index":"","ngg_post_thumbnail":0,"footnotes":""},"_links":{"self":[{"href":"https:\/\/bolyai200.temesvaros.ro\/en\/wp-json\/wp\/v2\/pages\/1779"}],"collection":[{"href":"https:\/\/bolyai200.temesvaros.ro\/en\/wp-json\/wp\/v2\/pages"}],"about":[{"href":"https:\/\/bolyai200.temesvaros.ro\/en\/wp-json\/wp\/v2\/types\/page"}],"author":[{"embeddable":true,"href":"https:\/\/bolyai200.temesvaros.ro\/en\/wp-json\/wp\/v2\/users\/2"}],"replies":[{"embeddable":true,"href":"https:\/\/bolyai200.temesvaros.ro\/en\/wp-json\/wp\/v2\/comments?post=1779"}],"version-history":[{"count":4,"href":"https:\/\/bolyai200.temesvaros.ro\/en\/wp-json\/wp\/v2\/pages\/1779\/revisions"}],"predecessor-version":[{"id":1969,"href":"https:\/\/bolyai200.temesvaros.ro\/en\/wp-json\/wp\/v2\/pages\/1779\/revisions\/1969"}],"wp:featuredmedia":[{"embeddable":true,"href":"https:\/\/bolyai200.temesvaros.ro\/en\/wp-json\/wp\/v2\/media\/1759"}],"wp:attachment":[{"href":"https:\/\/bolyai200.temesvaros.ro\/en\/wp-json\/wp\/v2\/media?parent=1779"}],"curies":[{"name":"wp","href":"https:\/\/api.w.org\/{rel}","templated":true}]}}