{"id":1815,"date":"2023-10-17T00:54:13","date_gmt":"2023-10-17T00:54:13","guid":{"rendered":"https:\/\/bolyai200.temesvaros.ro\/dr-klepp-ferenc\/"},"modified":"2023-10-17T01:01:53","modified_gmt":"2023-10-17T01:01:53","slug":"dr-klepp-ferenc","status":"publish","type":"page","link":"https:\/\/bolyai200.temesvaros.ro\/en\/dr-klepp-ferenc\/","title":{"rendered":"Dr. Klepp Ferenc"},"content":{"rendered":"\t\t<div data-elementor-type=\"wp-page\" data-elementor-id=\"1815\" class=\"elementor elementor-1815 elementor-1806\" data-elementor-post-type=\"page\">\n\t\t\t\t\t\t<section class=\"elementor-section elementor-top-section elementor-element elementor-element-d711d2a elementor-section-boxed elementor-section-height-default elementor-section-height-default\" data-id=\"d711d2a\" data-element_type=\"section\" data-settings=\"{&quot;background_background&quot;:&quot;classic&quot;}\">\n\t\t\t\t\t\t<div class=\"elementor-container elementor-column-gap-default\">\n\t\t\t\t\t<div class=\"elementor-column elementor-col-100 elementor-top-column elementor-element elementor-element-98d0366\" data-id=\"98d0366\" data-element_type=\"column\">\n\t\t\t<div class=\"elementor-widget-wrap elementor-element-populated\">\n\t\t\t\t\t\t<div class=\"elementor-element elementor-element-496ab32 elementor-widget elementor-widget-heading\" data-id=\"496ab32\" data-element_type=\"widget\" data-widget_type=\"heading.default\">\n\t\t\t\t<div class=\"elementor-widget-container\">\n\t\t\t\t\t<h2 class=\"elementor-heading-title elementor-size-default\">Dr. Klepp Ferenc<\/h2>\t\t\t\t<\/div>\n\t\t\t\t<\/div>\n\t\t\t\t\t<\/div>\n\t\t<\/div>\n\t\t\t\t\t<\/div>\n\t\t<\/section>\n\t\t\t\t<section class=\"elementor-section elementor-top-section elementor-element elementor-element-1604545 elementor-section-full_width elementor-section-height-default elementor-section-height-default\" data-id=\"1604545\" data-element_type=\"section\">\n\t\t\t\t\t\t<div class=\"elementor-container elementor-column-gap-no\">\n\t\t\t\t\t<div class=\"elementor-column elementor-col-50 elementor-top-column elementor-element elementor-element-4a6b9473\" data-id=\"4a6b9473\" data-element_type=\"column\" data-settings=\"{&quot;background_background&quot;:&quot;classic&quot;}\">\n\t\t\t<div class=\"elementor-widget-wrap elementor-element-populated\">\n\t\t\t\t\t\t<div class=\"elementor-element elementor-element-e4f350a elementor-widget elementor-widget-image\" data-id=\"e4f350a\" data-element_type=\"widget\" data-widget_type=\"image.default\">\n\t\t\t\t<div class=\"elementor-widget-container\">\n\t\t\t\t\t\t\t\t\t\t\t\t\t\t\t<img fetchpriority=\"high\" decoding=\"async\" width=\"428\" height=\"542\" src=\"https:\/\/bolyai200.temesvaros.ro\/wp-content\/uploads\/2023\/10\/11-Klepp-e1697504256188.png\" class=\"attachment-large size-large wp-image-1808\" alt=\"11 klepp\" srcset=\"https:\/\/bolyai200.temesvaros.ro\/wp-content\/uploads\/2023\/10\/11-Klepp-e1697504256188.png 428w, https:\/\/bolyai200.temesvaros.ro\/wp-content\/uploads\/2023\/10\/11-Klepp-e1697504256188-237x300.png 237w\" sizes=\"(max-width: 428px) 100vw, 428px\" \/>\t\t\t\t\t\t\t\t\t\t\t\t\t\t\t<\/div>\n\t\t\t\t<\/div>\n\t\t\t\t\t<\/div>\n\t\t<\/div>\n\t\t\t\t<div class=\"elementor-column elementor-col-50 elementor-top-column elementor-element elementor-element-56bc6187\" data-id=\"56bc6187\" data-element_type=\"column\">\n\t\t\t<div class=\"elementor-widget-wrap elementor-element-populated\">\n\t\t\t\t\t\t<section class=\"elementor-section elementor-inner-section elementor-element elementor-element-4a742f27 elementor-section-full_width elementor-section-content-middle elementor-section-height-default elementor-section-height-default\" data-id=\"4a742f27\" data-element_type=\"section\" data-settings=\"{&quot;background_background&quot;:&quot;classic&quot;}\">\n\t\t\t\t\t\t<div class=\"elementor-container elementor-column-gap-no\">\n\t\t\t\t\t<div class=\"elementor-column elementor-col-100 elementor-inner-column elementor-element elementor-element-3409769d\" data-id=\"3409769d\" data-element_type=\"column\" data-settings=\"{&quot;background_background&quot;:&quot;classic&quot;}\">\n\t\t\t<div class=\"elementor-widget-wrap elementor-element-populated\">\n\t\t\t\t\t\t<div class=\"elementor-element elementor-element-a86589c elementor-widget__width-initial elementor-widget elementor-widget-text-editor\" data-id=\"a86589c\" data-element_type=\"widget\" data-widget_type=\"text-editor.default\">\n\t\t\t\t<div class=\"elementor-widget-container\">\n\t\t\t\t\t\t\t\t\t<p><span>Dr. Klepp Ferenc, professor emeritus, Politehnica University Timi\u0219oara:<br \/><strong>Travel with J\u00e1nos Bolyai through Europe<\/strong><\/span><\/p><p>The presentation leads from the non-Euclidean geometry of J\u00e1nos Bolyai, announced in Temesv\u00e1r 200 years ago, to the Finsler geometry. It is interesting that academician Radu Miron, the research creator of the Romanian Finsler geometry, also hold in Timisoara the lecture that lanced the National Seminars on Finsler Spaces in Brasov.<\/p><p><\/p><p>Next, events related to Bolyai geometry in Germany, Switzerland and other countries are mentioned. In the end, the tangible models of this geometry from the Mathematikum in Giessen are presented.<\/p>\t\t\t\t\t\t\t\t<\/div>\n\t\t\t\t<\/div>\n\t\t\t\t\t<\/div>\n\t\t<\/div>\n\t\t\t\t\t<\/div>\n\t\t<\/section>\n\t\t\t\t\t<\/div>\n\t\t<\/div>\n\t\t\t\t\t<\/div>\n\t\t<\/section>\n\t\t\t\t<\/div>\n\t\t","protected":false},"excerpt":{"rendered":"<p>Dr. Klepp Ferenc Dr. Klepp Ferenc, professor emeritus, Politehnica University Timi\u0219oara: Travel with J\u00e1nos Bolyai through Europe The presentation leads from the non-Euclidean geometry of J\u00e1nos Bolyai, announced in Temesv\u00e1r 200 years ago, to the Finsler geometry. It is interesting that academician Radu Miron, the research creator of the Romanian Finsler geometry, also hold in [&hellip;]<\/p>\n","protected":false},"author":2,"featured_media":1809,"parent":0,"menu_order":28,"comment_status":"closed","ping_status":"closed","template":"","meta":{"_seopress_robots_primary_cat":"","_seopress_titles_title":"","_seopress_titles_desc":"","_seopress_robots_index":"","ngg_post_thumbnail":0,"footnotes":""},"_links":{"self":[{"href":"https:\/\/bolyai200.temesvaros.ro\/en\/wp-json\/wp\/v2\/pages\/1815"}],"collection":[{"href":"https:\/\/bolyai200.temesvaros.ro\/en\/wp-json\/wp\/v2\/pages"}],"about":[{"href":"https:\/\/bolyai200.temesvaros.ro\/en\/wp-json\/wp\/v2\/types\/page"}],"author":[{"embeddable":true,"href":"https:\/\/bolyai200.temesvaros.ro\/en\/wp-json\/wp\/v2\/users\/2"}],"replies":[{"embeddable":true,"href":"https:\/\/bolyai200.temesvaros.ro\/en\/wp-json\/wp\/v2\/comments?post=1815"}],"version-history":[{"count":4,"href":"https:\/\/bolyai200.temesvaros.ro\/en\/wp-json\/wp\/v2\/pages\/1815\/revisions"}],"predecessor-version":[{"id":1820,"href":"https:\/\/bolyai200.temesvaros.ro\/en\/wp-json\/wp\/v2\/pages\/1815\/revisions\/1820"}],"wp:featuredmedia":[{"embeddable":true,"href":"https:\/\/bolyai200.temesvaros.ro\/en\/wp-json\/wp\/v2\/media\/1809"}],"wp:attachment":[{"href":"https:\/\/bolyai200.temesvaros.ro\/en\/wp-json\/wp\/v2\/media?parent=1815"}],"curies":[{"name":"wp","href":"https:\/\/api.w.org\/{rel}","templated":true}]}}