{"id":2027,"date":"2023-10-19T10:01:00","date_gmt":"2023-10-19T10:01:00","guid":{"rendered":"https:\/\/bolyai200.temesvaros.ro\/orgonakoncert\/"},"modified":"2023-10-19T12:33:54","modified_gmt":"2023-10-19T12:33:54","slug":"organ-concert","status":"publish","type":"page","link":"https:\/\/bolyai200.temesvaros.ro\/en\/organ-concert\/","title":{"rendered":"Organ concert"},"content":{"rendered":"\t\t<div data-elementor-type=\"wp-page\" data-elementor-id=\"2027\" class=\"elementor elementor-2027 elementor-1975\" data-elementor-post-type=\"page\">\n\t\t\t\t\t\t<section class=\"elementor-section elementor-top-section elementor-element elementor-element-d711d2a elementor-section-boxed elementor-section-height-default elementor-section-height-default\" data-id=\"d711d2a\" data-element_type=\"section\" data-settings=\"{&quot;background_background&quot;:&quot;classic&quot;}\">\n\t\t\t\t\t\t<div class=\"elementor-container elementor-column-gap-default\">\n\t\t\t\t\t<div class=\"elementor-column elementor-col-100 elementor-top-column elementor-element elementor-element-98d0366\" data-id=\"98d0366\" data-element_type=\"column\">\n\t\t\t<div class=\"elementor-widget-wrap elementor-element-populated\">\n\t\t\t\t\t\t<div class=\"elementor-element elementor-element-496ab32 elementor-widget elementor-widget-heading\" data-id=\"496ab32\" data-element_type=\"widget\" data-widget_type=\"heading.default\">\n\t\t\t\t<div class=\"elementor-widget-container\">\n\t\t\t\t\t<h2 class=\"elementor-heading-title elementor-size-default\">Organ concert with contemporary works of the two Bolyai<\/h2>\t\t\t\t<\/div>\n\t\t\t\t<\/div>\n\t\t\t\t\t<\/div>\n\t\t<\/div>\n\t\t\t\t\t<\/div>\n\t\t<\/section>\n\t\t\t\t<section class=\"elementor-section elementor-top-section elementor-element elementor-element-1604545 elementor-section-full_width elementor-section-height-default elementor-section-height-default\" data-id=\"1604545\" data-element_type=\"section\">\n\t\t\t\t\t\t<div class=\"elementor-container elementor-column-gap-no\">\n\t\t\t\t\t<div class=\"elementor-column elementor-col-50 elementor-top-column elementor-element elementor-element-4a6b9473\" data-id=\"4a6b9473\" data-element_type=\"column\" data-settings=\"{&quot;background_background&quot;:&quot;classic&quot;}\">\n\t\t\t<div class=\"elementor-widget-wrap elementor-element-populated\">\n\t\t\t\t\t\t<div class=\"elementor-element elementor-element-e4f350a elementor-widget elementor-widget-image\" data-id=\"e4f350a\" data-element_type=\"widget\" data-widget_type=\"image.default\">\n\t\t\t\t<div class=\"elementor-widget-container\">\n\t\t\t\t\t\t\t\t\t\t\t\t\t\t\t<img fetchpriority=\"high\" decoding=\"async\" width=\"800\" height=\"534\" src=\"https:\/\/bolyai200.temesvaros.ro\/wp-content\/uploads\/2023\/10\/Viorel-Ciurtin-6-.jpg\" class=\"attachment-large size-large wp-image-1997\" alt=\"viorel ciurtin 6\" srcset=\"https:\/\/bolyai200.temesvaros.ro\/wp-content\/uploads\/2023\/10\/Viorel-Ciurtin-6-.jpg 1024w, https:\/\/bolyai200.temesvaros.ro\/wp-content\/uploads\/2023\/10\/Viorel-Ciurtin-6--300x200.jpg 300w, https:\/\/bolyai200.temesvaros.ro\/wp-content\/uploads\/2023\/10\/Viorel-Ciurtin-6--768x512.jpg 768w\" sizes=\"(max-width: 800px) 100vw, 800px\" \/>\t\t\t\t\t\t\t\t\t\t\t\t\t\t\t<\/div>\n\t\t\t\t<\/div>\n\t\t\t\t<div class=\"elementor-element elementor-element-6b282c1 elementor-widget elementor-widget-image\" data-id=\"6b282c1\" data-element_type=\"widget\" data-widget_type=\"image.default\">\n\t\t\t\t<div class=\"elementor-widget-container\">\n\t\t\t\t\t\t\t\t\t\t\t\t\t\t\t<img decoding=\"async\" width=\"800\" height=\"798\" src=\"https:\/\/bolyai200.temesvaros.ro\/wp-content\/uploads\/2023\/10\/Robert-Ciurtin.jpg\" class=\"attachment-large size-large wp-image-1979\" alt=\"robert ciurtin\" srcset=\"https:\/\/bolyai200.temesvaros.ro\/wp-content\/uploads\/2023\/10\/Robert-Ciurtin.jpg 960w, https:\/\/bolyai200.temesvaros.ro\/wp-content\/uploads\/2023\/10\/Robert-Ciurtin-300x300.jpg 300w, https:\/\/bolyai200.temesvaros.ro\/wp-content\/uploads\/2023\/10\/Robert-Ciurtin-150x150.jpg 150w, https:\/\/bolyai200.temesvaros.ro\/wp-content\/uploads\/2023\/10\/Robert-Ciurtin-768x766.jpg 768w\" sizes=\"(max-width: 800px) 100vw, 800px\" \/>\t\t\t\t\t\t\t\t\t\t\t\t\t\t\t<\/div>\n\t\t\t\t<\/div>\n\t\t\t\t\t<\/div>\n\t\t<\/div>\n\t\t\t\t<div class=\"elementor-column elementor-col-50 elementor-top-column elementor-element elementor-element-56bc6187\" data-id=\"56bc6187\" data-element_type=\"column\">\n\t\t\t<div class=\"elementor-widget-wrap elementor-element-populated\">\n\t\t\t\t\t\t<section class=\"elementor-section elementor-inner-section elementor-element elementor-element-4a742f27 elementor-section-full_width elementor-section-content-middle elementor-section-height-default elementor-section-height-default\" data-id=\"4a742f27\" data-element_type=\"section\" data-settings=\"{&quot;background_background&quot;:&quot;classic&quot;}\">\n\t\t\t\t\t\t<div class=\"elementor-container elementor-column-gap-no\">\n\t\t\t\t\t<div class=\"elementor-column elementor-col-100 elementor-inner-column elementor-element elementor-element-3409769d\" data-id=\"3409769d\" data-element_type=\"column\" data-settings=\"{&quot;background_background&quot;:&quot;classic&quot;}\">\n\t\t\t<div class=\"elementor-widget-wrap elementor-element-populated\">\n\t\t\t\t\t\t<div class=\"elementor-element elementor-element-a86589c elementor-widget__width-initial elementor-widget elementor-widget-text-editor\" data-id=\"a86589c\" data-element_type=\"widget\" data-widget_type=\"text-editor.default\">\n\t\t\t\t<div class=\"elementor-widget-container\">\n\t\t\t\t\t\t\t\t\t<p><u>About the works<\/u><\/p><p>1. J. S. Bach \u2013 Concerto BWV 593. Bach made several transcriptions of Antonio Vivaldi&#8217;s violin concertos. He adapted them for solo harpsichord and solo organ. It is a transcription from Vivaldi&#8217;s Concerto for Two Violins in A minor RV 522 for organ. The work has 3 parts Allegro, Larghetto e Spiritoso, Allegro.<\/p><p>2. G. F. Haendel Suite in G major-Aria. The suite is an instrumental musical work consisting of several parts written in the same tone but contrasting in character and movement. Basically, it is a musical composition, consisting of a series of instrumental pieces, united in a work of greater proportions. This suite constitutes a cycle of dances:<\/p><ol><li>Allemande<\/li><li>Allegro<\/li><li>Courante<\/li><li>Air: Presto<\/li><li>Menuetto<\/li><li>Gavotta<\/li><li>Gigue<br \/><br \/><\/li><\/ol><p>3. G. F. Haendel Largo \u2013 is part of the Messiah Oratorio, being one of Handel&#8217;s best-known compositions written for choir and orchestra.<\/p><p>4. Franz Liszt Le rossignol \u2013 This short fantasy was composed by Franz Liszt in 1842 after an eponymous melody by Alecsandr Alabyev written in 1825. If the introduction announces in some way the impressionist language of the late nineteenth century, the sequel foreshadows the structure of Hungarian rhapsodies: a slow part, followed by a fast part.<\/p><p>5. Franz Liszt \u2013 Die Loreley \u2013 Loreley, a descendant of Homer&#8217;s mermaids stands on a rocky promontory on the Rhine River and lures shipwrecked sailors with her beautiful song. Heinrich Heine&#8217;s poetic masterpiece on the fatal power of myth delighted Liszt so much that he returned to his first thoughts many times over the years with minor adjustments and major reworkings, publishing three more versions for voice and piano, the last of which was also with orchestral accompaniment. Loreley is depicted on melodic lines that yearn upwards, as if looking at the top of the cliff, followed by pianistic waters that foam and foam as catastrophe ensues. Liszt, the great pianist, seduces his listeners with instrumental &#8220;singing&#8221;.<\/p><p>6. Brahms \u2013 Hungarian Dance No. 5. The Hungarian Dances by Johannes Brahms, are a set of 21 lively dance songs, mainly based on Hungarian themes, completed in 1879. Lasting about one minute to five minutes, the dances are among Brahms&#8217;s most popular works and were the most profitable for him. Each dance was arranged for a wide variety of instruments and ensembles. Brahms originally wrote the four-handed piano version and later arranged the first ten dances for solo piano.<br \/>The best-known Hungarian dances include numbers 1 and 5, the latter being based on the cs\u00e1rd\u00e1s &#8220;B\u00e1rtfai eml\u00e9k&#8221; (Memories of B\u00e1rtfa) by Hungarian composer B\u00e9la K\u00e9ler, which Brahms mistakenly believed to be a traditional folk song. A footnote from the Ludwig-Masters edition of a modern orchestration of Hungarian Dance No. 1 states: &#8220;It is believed that the material for this dance comes from the Divine Cs\u00e1rd\u00e1s (ca. 1850) by Hungarian composer and conductor Miska Borz\u00f3&#8221;.<\/p><p>7. G. F. Haendel \u2013 Symphony from the oratorio Soloman \u2013 Arrival of the Queen of Sheba. Third Act (Meeting with the Queen of Sheba) The subject of Act III is the visit made to Solomon by the Queen of Sheba. Solomon and his men distract her by depicting a musical mask with grand choirs that take turns evoking the language of music, the quest for military glory, the despair of the rejected lover, and the storm that ends. All celebrate Israel led by the wise king, Solomon, personifying a golden age of peace, happiness, and prosperity.<br \/><br \/><\/p><p><u>Biographies<\/u><\/p><p>Organist <strong><em>Viorel Ciurtin<\/em><\/strong> was born in 1982 in Timisoara. He studied piano and organ at the Ion Vidu National College of Music in the capital of Banat. He studied at the Faculty of Music of the West University of Timisoara and obtained his bachelor&#8217;s degree in music and instrumental interpretation, specializing in organ. In 2009 he completed his master&#8217;s degree.<\/p><p>At the same time, in 2008, he continued his studies in Szeged, Hungary, in the class of Prof. L\u00e1szl\u00f3 Csan\u00e1di. During 2010 he perfected organistic art in Italy at the National Conservatory of Cuneo, in the class of Prof. Massimo Nosetti. He also took artistic masterclasses with the famous professor Helmut Plattner in Bayreuth, Germany.<\/p><p>In 2008 he won the Bronze Medal at the International Organ Competition in Szeged (Hungary), and the following year he won the Eduard Terenyi Prize at the Organ Competition at the Timorgelfest Festival in Timisoara.<\/p><p>He gives symphonic concerts C. Saint-Sa\u00ebns: Third Symphony in C minor, op. 78, Organ Symphony \u2013 Banat Philharmonic. His concerts held in Austria, Hungary, Poland, Italy and Romania (Brasov, Arad, Oradea, Bucharest, Cluj, Sibiu, etc.) enjoyed a remarkable success.<\/p><p>He has been a lecturer at the &#8220;Sabin Dr\u0103goi&#8221; College of Arts in Arad for 11 years, where he founded the organ department. All these students pursued careers as organists. He founded the orchestra &#8220;Universul Musicii&#8221;. He also runs a musical instrument store called Universul Musicii in Timisoara, with the best instruments and the best recognized brands in Europe. He is titular organist and cantor at the New Millennium Reformed Church in Timisoara, promoting concerts and musical events.<\/p><p><strong><em>Ciurtin Robert<\/em><\/strong> was born in the year 2010 . He began to play the piano at the age of 3 years with his father. Later, he started school at the Ion Vidu Music High School, piano instrument, under the guidance of teacher Icleanu Anda Dr\u0103gan. He won the grand prize at the Young Artist International Artistic Interpretation and Creation Competition in 2023, First Prize at the National Olympiad of Instrumental Interpretation Zonal Level in 2023. At the age of 9 he began to study saxophone, being part of the orchestra Universul Muzicii and also in the brass band of the Ion Vidu Music High School. He is organist at the Reformed Church in Fratelia.<\/p><p>Ciurtin Robert will play Franz Liszt on piano: Die Loreley and Brahms Hungarian Dance for 4 Hands (with Ciurtin Viorel).<\/p>\t\t\t\t\t\t\t\t<\/div>\n\t\t\t\t<\/div>\n\t\t\t\t\t<\/div>\n\t\t<\/div>\n\t\t\t\t\t<\/div>\n\t\t<\/section>\n\t\t\t\t\t<\/div>\n\t\t<\/div>\n\t\t\t\t\t<\/div>\n\t\t<\/section>\n\t\t\t\t<section class=\"elementor-section elementor-top-section elementor-element elementor-element-197121a elementor-section-boxed elementor-section-height-default elementor-section-height-default\" data-id=\"197121a\" data-element_type=\"section\" data-settings=\"{&quot;background_background&quot;:&quot;classic&quot;}\">\n\t\t\t\t\t\t<div class=\"elementor-container elementor-column-gap-default\">\n\t\t\t\t\t<div class=\"elementor-column elementor-col-100 elementor-top-column elementor-element elementor-element-5fb3dc0\" data-id=\"5fb3dc0\" data-element_type=\"column\">\n\t\t\t<div class=\"elementor-widget-wrap elementor-element-populated\">\n\t\t\t\t\t\t<div class=\"elementor-element elementor-element-085bbfe elementor-widget elementor-widget-gallery\" data-id=\"085bbfe\" data-element_type=\"widget\" data-settings=\"{&quot;gallery_layout&quot;:&quot;justified&quot;,&quot;lazyload&quot;:&quot;yes&quot;,&quot;ideal_row_height&quot;:{&quot;unit&quot;:&quot;px&quot;,&quot;size&quot;:200,&quot;sizes&quot;:[]},&quot;ideal_row_height_tablet&quot;:{&quot;unit&quot;:&quot;px&quot;,&quot;size&quot;:150,&quot;sizes&quot;:[]},&quot;ideal_row_height_mobile&quot;:{&quot;unit&quot;:&quot;px&quot;,&quot;size&quot;:150,&quot;sizes&quot;:[]},&quot;gap&quot;:{&quot;unit&quot;:&quot;px&quot;,&quot;size&quot;:10,&quot;sizes&quot;:[]},&quot;gap_tablet&quot;:{&quot;unit&quot;:&quot;px&quot;,&quot;size&quot;:10,&quot;sizes&quot;:[]},&quot;gap_mobile&quot;:{&quot;unit&quot;:&quot;px&quot;,&quot;size&quot;:10,&quot;sizes&quot;:[]},&quot;link_to&quot;:&quot;file&quot;,&quot;overlay_background&quot;:&quot;yes&quot;,&quot;content_hover_animation&quot;:&quot;fade-in&quot;}\" data-widget_type=\"gallery.default\">\n\t\t\t\t<div class=\"elementor-widget-container\">\n\t\t\t\t\t\t\t<div class=\"elementor-gallery__container\">\n\t\t\t\t\t\t\t<a class=\"e-gallery-item elementor-gallery-item elementor-animated-content\" href=\"https:\/\/bolyai200.temesvaros.ro\/wp-content\/uploads\/2023\/10\/Uj-Ezredev-orgona.jpg\" data-elementor-open-lightbox=\"yes\" data-elementor-lightbox-slideshow=\"085bbfe\" data-elementor-lightbox-title=\"uj ezredev orgona\" data-elementor-lightbox-description=\"uj ezredev orgona\" data-e-action-hash=\"#elementor-action%3Aaction%3Dlightbox%26settings%3DeyJpZCI6MjAwMCwidXJsIjoiaHR0cHM6XC9cL2JvbHlhaTIwMC50ZW1lc3Zhcm9zLnJvXC93cC1jb250ZW50XC91cGxvYWRzXC8yMDIzXC8xMFwvVWotRXpyZWRldi1vcmdvbmEuanBnIiwic2xpZGVzaG93IjoiMDg1YmJmZSJ9\">\n\t\t\t\t\t<div class=\"e-gallery-image elementor-gallery-item__image\" data-thumbnail=\"https:\/\/bolyai200.temesvaros.ro\/wp-content\/uploads\/2023\/10\/Uj-Ezredev-orgona-300x169.jpg\" data-width=\"300\" data-height=\"169\" aria-label=\"uj ezredev orgona\" role=\"img\" ><\/div>\n\t\t\t\t\t\t\t\t\t\t\t<div class=\"elementor-gallery-item__overlay\"><\/div>\n\t\t\t\t\t\t\t\t\t\t\t\t\t\t<\/a>\n\t\t\t\t\t\t\t<a class=\"e-gallery-item elementor-gallery-item elementor-animated-content\" href=\"https:\/\/bolyai200.temesvaros.ro\/wp-content\/uploads\/2023\/10\/Viorel-Ciurtin-6-.jpg\" data-elementor-open-lightbox=\"yes\" data-elementor-lightbox-slideshow=\"085bbfe\" data-elementor-lightbox-title=\"viorel ciurtin 6\" data-elementor-lightbox-description=\"viorel ciurtin 6\" data-e-action-hash=\"#elementor-action%3Aaction%3Dlightbox%26settings%3DeyJpZCI6MTk5NywidXJsIjoiaHR0cHM6XC9cL2JvbHlhaTIwMC50ZW1lc3Zhcm9zLnJvXC93cC1jb250ZW50XC91cGxvYWRzXC8yMDIzXC8xMFwvVmlvcmVsLUNpdXJ0aW4tNi0uanBnIiwic2xpZGVzaG93IjoiMDg1YmJmZSJ9\">\n\t\t\t\t\t<div class=\"e-gallery-image elementor-gallery-item__image\" data-thumbnail=\"https:\/\/bolyai200.temesvaros.ro\/wp-content\/uploads\/2023\/10\/Viorel-Ciurtin-6--300x200.jpg\" data-width=\"300\" data-height=\"200\" aria-label=\"viorel ciurtin 6\" role=\"img\" ><\/div>\n\t\t\t\t\t\t\t\t\t\t\t<div class=\"elementor-gallery-item__overlay\"><\/div>\n\t\t\t\t\t\t\t\t\t\t\t\t\t\t<\/a>\n\t\t\t\t\t\t\t<a class=\"e-gallery-item elementor-gallery-item elementor-animated-content\" href=\"https:\/\/bolyai200.temesvaros.ro\/wp-content\/uploads\/2023\/10\/Robert-Ciurtin.jpg\" data-elementor-open-lightbox=\"yes\" data-elementor-lightbox-slideshow=\"085bbfe\" data-elementor-lightbox-title=\"robert ciurtin\" data-elementor-lightbox-description=\"robert ciurtin\" data-e-action-hash=\"#elementor-action%3Aaction%3Dlightbox%26settings%3DeyJpZCI6MTk3OSwidXJsIjoiaHR0cHM6XC9cL2JvbHlhaTIwMC50ZW1lc3Zhcm9zLnJvXC93cC1jb250ZW50XC91cGxvYWRzXC8yMDIzXC8xMFwvUm9iZXJ0LUNpdXJ0aW4uanBnIiwic2xpZGVzaG93IjoiMDg1YmJmZSJ9\">\n\t\t\t\t\t<div class=\"e-gallery-image elementor-gallery-item__image\" data-thumbnail=\"https:\/\/bolyai200.temesvaros.ro\/wp-content\/uploads\/2023\/10\/Robert-Ciurtin-300x300.jpg\" data-width=\"300\" data-height=\"300\" aria-label=\"robert ciurtin\" role=\"img\" ><\/div>\n\t\t\t\t\t\t\t\t\t\t\t<div class=\"elementor-gallery-item__overlay\"><\/div>\n\t\t\t\t\t\t\t\t\t\t\t\t\t\t<\/a>\n\t\t\t\t\t\t\t<a class=\"e-gallery-item elementor-gallery-item elementor-animated-content\" href=\"https:\/\/bolyai200.temesvaros.ro\/wp-content\/uploads\/2023\/10\/Viorel-Ciurtin-2-.jpg\" data-elementor-open-lightbox=\"yes\" data-elementor-lightbox-slideshow=\"085bbfe\" data-elementor-lightbox-title=\"viorel ciurtin 2\" data-elementor-lightbox-description=\"viorel ciurtin 2\" data-e-action-hash=\"#elementor-action%3Aaction%3Dlightbox%26settings%3DeyJpZCI6MTk4NSwidXJsIjoiaHR0cHM6XC9cL2JvbHlhaTIwMC50ZW1lc3Zhcm9zLnJvXC93cC1jb250ZW50XC91cGxvYWRzXC8yMDIzXC8xMFwvVmlvcmVsLUNpdXJ0aW4tMi0uanBnIiwic2xpZGVzaG93IjoiMDg1YmJmZSJ9\">\n\t\t\t\t\t<div class=\"e-gallery-image elementor-gallery-item__image\" data-thumbnail=\"https:\/\/bolyai200.temesvaros.ro\/wp-content\/uploads\/2023\/10\/Viorel-Ciurtin-2--300x225.jpg\" data-width=\"300\" data-height=\"225\" aria-label=\"viorel ciurtin 2\" role=\"img\" ><\/div>\n\t\t\t\t\t\t\t\t\t\t\t<div class=\"elementor-gallery-item__overlay\"><\/div>\n\t\t\t\t\t\t\t\t\t\t\t\t\t\t<\/a>\n\t\t\t\t\t\t\t<a class=\"e-gallery-item elementor-gallery-item elementor-animated-content\" href=\"https:\/\/bolyai200.temesvaros.ro\/wp-content\/uploads\/2023\/10\/Viorel-Ciurtin-1-.jpg\" data-elementor-open-lightbox=\"yes\" data-elementor-lightbox-slideshow=\"085bbfe\" data-elementor-lightbox-title=\"viorel ciurtin 1\" data-elementor-lightbox-description=\"viorel ciurtin 1\" data-e-action-hash=\"#elementor-action%3Aaction%3Dlightbox%26settings%3DeyJpZCI6MTk4MiwidXJsIjoiaHR0cHM6XC9cL2JvbHlhaTIwMC50ZW1lc3Zhcm9zLnJvXC93cC1jb250ZW50XC91cGxvYWRzXC8yMDIzXC8xMFwvVmlvcmVsLUNpdXJ0aW4tMS0uanBnIiwic2xpZGVzaG93IjoiMDg1YmJmZSJ9\">\n\t\t\t\t\t<div class=\"e-gallery-image elementor-gallery-item__image\" data-thumbnail=\"https:\/\/bolyai200.temesvaros.ro\/wp-content\/uploads\/2023\/10\/Viorel-Ciurtin-1--300x225.jpg\" data-width=\"300\" data-height=\"225\" aria-label=\"viorel ciurtin 1\" role=\"img\" ><\/div>\n\t\t\t\t\t\t\t\t\t\t\t<div class=\"elementor-gallery-item__overlay\"><\/div>\n\t\t\t\t\t\t\t\t\t\t\t\t\t\t<\/a>\n\t\t\t\t\t\t\t<a class=\"e-gallery-item elementor-gallery-item elementor-animated-content\" href=\"https:\/\/bolyai200.temesvaros.ro\/wp-content\/uploads\/2023\/10\/Viorel-Ciurtin-5-.jpg\" data-elementor-open-lightbox=\"yes\" data-elementor-lightbox-slideshow=\"085bbfe\" data-elementor-lightbox-title=\"viorel ciurtin 5\" data-elementor-lightbox-description=\"viorel ciurtin 5\" data-e-action-hash=\"#elementor-action%3Aaction%3Dlightbox%26settings%3DeyJpZCI6MTk5NCwidXJsIjoiaHR0cHM6XC9cL2JvbHlhaTIwMC50ZW1lc3Zhcm9zLnJvXC93cC1jb250ZW50XC91cGxvYWRzXC8yMDIzXC8xMFwvVmlvcmVsLUNpdXJ0aW4tNS0uanBnIiwic2xpZGVzaG93IjoiMDg1YmJmZSJ9\">\n\t\t\t\t\t<div class=\"e-gallery-image elementor-gallery-item__image\" data-thumbnail=\"https:\/\/bolyai200.temesvaros.ro\/wp-content\/uploads\/2023\/10\/Viorel-Ciurtin-5--200x300.jpg\" data-width=\"200\" data-height=\"300\" aria-label=\"viorel ciurtin 5\" role=\"img\" ><\/div>\n\t\t\t\t\t\t\t\t\t\t\t<div class=\"elementor-gallery-item__overlay\"><\/div>\n\t\t\t\t\t\t\t\t\t\t\t\t\t\t<\/a>\n\t\t\t\t\t\t\t<a class=\"e-gallery-item elementor-gallery-item elementor-animated-content\" href=\"https:\/\/bolyai200.temesvaros.ro\/wp-content\/uploads\/2023\/10\/Viorel-Ciurtin-3-.jpg\" data-elementor-open-lightbox=\"yes\" data-elementor-lightbox-slideshow=\"085bbfe\" data-elementor-lightbox-title=\"viorel ciurtin 3\" data-elementor-lightbox-description=\"viorel ciurtin 3\" data-e-action-hash=\"#elementor-action%3Aaction%3Dlightbox%26settings%3DeyJpZCI6MTk4OCwidXJsIjoiaHR0cHM6XC9cL2JvbHlhaTIwMC50ZW1lc3Zhcm9zLnJvXC93cC1jb250ZW50XC91cGxvYWRzXC8yMDIzXC8xMFwvVmlvcmVsLUNpdXJ0aW4tMy0uanBnIiwic2xpZGVzaG93IjoiMDg1YmJmZSJ9\">\n\t\t\t\t\t<div class=\"e-gallery-image elementor-gallery-item__image\" data-thumbnail=\"https:\/\/bolyai200.temesvaros.ro\/wp-content\/uploads\/2023\/10\/Viorel-Ciurtin-3--200x300.jpg\" data-width=\"200\" data-height=\"300\" aria-label=\"viorel ciurtin 3\" role=\"img\" ><\/div>\n\t\t\t\t\t\t\t\t\t\t\t<div class=\"elementor-gallery-item__overlay\"><\/div>\n\t\t\t\t\t\t\t\t\t\t\t\t\t\t<\/a>\n\t\t\t\t\t<\/div>\n\t\t\t\t\t<\/div>\n\t\t\t\t<\/div>\n\t\t\t\t\t<\/div>\n\t\t<\/div>\n\t\t\t\t\t<\/div>\n\t\t<\/section>\n\t\t\t\t<section class=\"elementor-section elementor-top-section elementor-element elementor-element-d35141a elementor-section-boxed elementor-section-height-default elementor-section-height-default\" data-id=\"d35141a\" data-element_type=\"section\">\n\t\t\t\t\t\t<div class=\"elementor-container elementor-column-gap-default\">\n\t\t\t\t\t<div class=\"elementor-column elementor-col-100 elementor-top-column elementor-element elementor-element-f61a840\" data-id=\"f61a840\" data-element_type=\"column\">\n\t\t\t<div class=\"elementor-widget-wrap elementor-element-populated\">\n\t\t\t\t\t\t<div class=\"elementor-element elementor-element-62e6690 elementor-widget-divider--view-line elementor-widget elementor-widget-divider\" data-id=\"62e6690\" data-element_type=\"widget\" data-widget_type=\"divider.default\">\n\t\t\t\t<div class=\"elementor-widget-container\">\n\t\t\t\t\t\t\t<div class=\"elementor-divider\">\n\t\t\t<span class=\"elementor-divider-separator\">\n\t\t\t\t\t\t<\/span>\n\t\t<\/div>\n\t\t\t\t\t\t<\/div>\n\t\t\t\t<\/div>\n\t\t\t\t\t<\/div>\n\t\t<\/div>\n\t\t\t\t\t<\/div>\n\t\t<\/section>\n\t\t\t\t<\/div>\n\t\t","protected":false},"excerpt":{"rendered":"<p>Organ concert with contemporary works of the two Bolyai About the works 1. J. S. Bach \u2013 Concerto BWV 593. Bach made several transcriptions of Antonio Vivaldi&#8217;s violin concertos. He adapted them for solo harpsichord and solo organ. It is a transcription from Vivaldi&#8217;s Concerto for Two Violins in A minor RV 522 for organ. [&hellip;]<\/p>\n","protected":false},"author":2,"featured_media":1998,"parent":0,"menu_order":26,"comment_status":"closed","ping_status":"closed","template":"","meta":{"_seopress_robots_primary_cat":"","_seopress_titles_title":"","_seopress_titles_desc":"","_seopress_robots_index":"","ngg_post_thumbnail":0,"footnotes":""},"_links":{"self":[{"href":"https:\/\/bolyai200.temesvaros.ro\/en\/wp-json\/wp\/v2\/pages\/2027"}],"collection":[{"href":"https:\/\/bolyai200.temesvaros.ro\/en\/wp-json\/wp\/v2\/pages"}],"about":[{"href":"https:\/\/bolyai200.temesvaros.ro\/en\/wp-json\/wp\/v2\/types\/page"}],"author":[{"embeddable":true,"href":"https:\/\/bolyai200.temesvaros.ro\/en\/wp-json\/wp\/v2\/users\/2"}],"replies":[{"embeddable":true,"href":"https:\/\/bolyai200.temesvaros.ro\/en\/wp-json\/wp\/v2\/comments?post=2027"}],"version-history":[{"count":7,"href":"https:\/\/bolyai200.temesvaros.ro\/en\/wp-json\/wp\/v2\/pages\/2027\/revisions"}],"predecessor-version":[{"id":2054,"href":"https:\/\/bolyai200.temesvaros.ro\/en\/wp-json\/wp\/v2\/pages\/2027\/revisions\/2054"}],"wp:featuredmedia":[{"embeddable":true,"href":"https:\/\/bolyai200.temesvaros.ro\/en\/wp-json\/wp\/v2\/media\/1998"}],"wp:attachment":[{"href":"https:\/\/bolyai200.temesvaros.ro\/en\/wp-json\/wp\/v2\/media?parent=2027"}],"curies":[{"name":"wp","href":"https:\/\/api.w.org\/{rel}","templated":true}]}}