{"id":2711,"date":"2023-10-31T17:00:48","date_gmt":"2023-10-31T17:00:48","guid":{"rendered":"https:\/\/bolyai200.temesvaros.ro\/teglasy-sandor\/"},"modified":"2023-10-31T17:11:33","modified_gmt":"2023-10-31T17:11:33","slug":"teglasy-sandor","status":"publish","type":"page","link":"https:\/\/bolyai200.temesvaros.ro\/en\/teglasy-sandor\/","title":{"rendered":"T\u00e9gl\u00e1sy S\u00e1ndor"},"content":{"rendered":"\t\t<div data-elementor-type=\"wp-page\" data-elementor-id=\"2711\" class=\"elementor elementor-2711 elementor-2700\" data-elementor-post-type=\"page\">\n\t\t\t\t\t\t<section class=\"elementor-section elementor-top-section elementor-element elementor-element-d711d2a elementor-section-boxed elementor-section-height-default elementor-section-height-default\" data-id=\"d711d2a\" data-element_type=\"section\" data-settings=\"{&quot;background_background&quot;:&quot;classic&quot;}\">\n\t\t\t\t\t\t<div class=\"elementor-container elementor-column-gap-default\">\n\t\t\t\t\t<div class=\"elementor-column elementor-col-100 elementor-top-column elementor-element elementor-element-98d0366\" data-id=\"98d0366\" data-element_type=\"column\">\n\t\t\t<div class=\"elementor-widget-wrap elementor-element-populated\">\n\t\t\t\t\t\t<div class=\"elementor-element elementor-element-496ab32 elementor-widget elementor-widget-heading\" data-id=\"496ab32\" data-element_type=\"widget\" data-widget_type=\"heading.default\">\n\t\t\t\t<div class=\"elementor-widget-container\">\n\t\t\t\t\t<h2 class=\"elementor-heading-title elementor-size-default\">T\u00e9gl\u00e1sy S\u00e1ndor<\/h2>\t\t\t\t<\/div>\n\t\t\t\t<\/div>\n\t\t\t\t\t<\/div>\n\t\t<\/div>\n\t\t\t\t\t<\/div>\n\t\t<\/section>\n\t\t\t\t<section class=\"elementor-section elementor-top-section elementor-element elementor-element-1604545 elementor-section-full_width elementor-section-height-default elementor-section-height-default\" data-id=\"1604545\" data-element_type=\"section\">\n\t\t\t\t\t\t<div class=\"elementor-container elementor-column-gap-no\">\n\t\t\t\t\t<div class=\"elementor-column elementor-col-50 elementor-top-column elementor-element elementor-element-4a6b9473\" data-id=\"4a6b9473\" data-element_type=\"column\" data-settings=\"{&quot;background_background&quot;:&quot;classic&quot;}\">\n\t\t\t<div class=\"elementor-widget-wrap elementor-element-populated\">\n\t\t\t\t\t\t<div class=\"elementor-element elementor-element-e4f350a elementor-widget elementor-widget-image\" data-id=\"e4f350a\" data-element_type=\"widget\" data-widget_type=\"image.default\">\n\t\t\t\t<div class=\"elementor-widget-container\">\n\t\t\t\t\t\t\t\t\t\t\t\t\t\t\t<img fetchpriority=\"high\" decoding=\"async\" width=\"800\" height=\"600\" src=\"https:\/\/bolyai200.temesvaros.ro\/wp-content\/uploads\/2023\/10\/Teglasy-Sandor-konyv-1024x768.jpg\" class=\"attachment-large size-large wp-image-2702\" alt=\"t\u00e9gl\u00e1sy s\u00e1ndor k\u00f6nyv\" srcset=\"https:\/\/bolyai200.temesvaros.ro\/wp-content\/uploads\/2023\/10\/Teglasy-Sandor-konyv-1024x768.jpg 1024w, https:\/\/bolyai200.temesvaros.ro\/wp-content\/uploads\/2023\/10\/Teglasy-Sandor-konyv-300x225.jpg 300w, https:\/\/bolyai200.temesvaros.ro\/wp-content\/uploads\/2023\/10\/Teglasy-Sandor-konyv-768x576.jpg 768w, https:\/\/bolyai200.temesvaros.ro\/wp-content\/uploads\/2023\/10\/Teglasy-Sandor-konyv-1536x1152.jpg 1536w, https:\/\/bolyai200.temesvaros.ro\/wp-content\/uploads\/2023\/10\/Teglasy-Sandor-konyv.jpg 2048w\" sizes=\"(max-width: 800px) 100vw, 800px\" \/>\t\t\t\t\t\t\t\t\t\t\t\t\t\t\t<\/div>\n\t\t\t\t<\/div>\n\t\t\t\t\t<\/div>\n\t\t<\/div>\n\t\t\t\t<div class=\"elementor-column elementor-col-50 elementor-top-column elementor-element elementor-element-56bc6187\" data-id=\"56bc6187\" data-element_type=\"column\">\n\t\t\t<div class=\"elementor-widget-wrap elementor-element-populated\">\n\t\t\t\t\t\t<section class=\"elementor-section elementor-inner-section elementor-element elementor-element-4a742f27 elementor-section-full_width elementor-section-content-middle elementor-section-height-default elementor-section-height-default\" data-id=\"4a742f27\" data-element_type=\"section\" data-settings=\"{&quot;background_background&quot;:&quot;classic&quot;}\">\n\t\t\t\t\t\t<div class=\"elementor-container elementor-column-gap-no\">\n\t\t\t\t\t<div class=\"elementor-column elementor-col-100 elementor-inner-column elementor-element elementor-element-3409769d\" data-id=\"3409769d\" data-element_type=\"column\" data-settings=\"{&quot;background_background&quot;:&quot;classic&quot;}\">\n\t\t\t<div class=\"elementor-widget-wrap elementor-element-populated\">\n\t\t\t\t\t\t<div class=\"elementor-element elementor-element-a86589c elementor-widget elementor-widget-text-editor\" data-id=\"a86589c\" data-element_type=\"widget\" data-widget_type=\"text-editor.default\">\n\t\t\t\t<div class=\"elementor-widget-container\">\n\t\t\t\t\t\t\t\t\t<p>S\u00e1ndor T\u00e9gl\u00e1sy, translator:<br \/><em><strong>Dutch and Hungarian Protestants relations in the interwar period<br \/><\/strong><\/em><strong><span>Book presentation and translators&#8217; reflections on the Hungarian translation of Maarten J. Aalders&#8217; book<\/span><\/strong><\/p><p><span><br \/>The book was written based on more than a thousand letters written by theology professor Jen\u0151 Sebesty\u00e9n to a multitude of church leaders and politicians in the Netherlands \u2013 the originals reside in the R\u00e1day Archive, Budapest. These are the backbone of most chapters \u2013 Sebesty\u00e9n is the main protagonist in most of them \u2013 or plays at least some role in them. <\/span><\/p><p><span>On the Dutch side, the main protagonists are the children of Abraham Kuyper, Dutch church- and university founder, theologian, and prime minister \u2013 but certainly not only them. These Dutch personalities were in charge of several projects to provide support to the needy of the Hungarian church and society in general and to the Reformed Church in Hungary specifically.<\/span><\/p><p><span>Apart from Sebesty\u00e9n, numerous other Hungarians studied in Holland from 1623 onward. And when, after the armistice at the end of World War I, it became clear that Hungary was in a bad situation and its survival was threatened from all sides, the Protestant churches in Hungary decided to send a delegation to the Netherlands to urge their kindred spirits to sound the alarm bells. One of the people who showed particular merit at that time was J. Cramer, to whom the theological school in Cluj awarded an honorary professorship in 1921. The efforts were in vain, and on June 4, 1920, the fate of Hungary was sealed. <\/span><\/p><p><span>Meanwhile, a large relief effort had begun, from Protestants and Catholics both. Between 1920 and 1930, 28,000 children were lovingly admitted to the Netherlands for some time to recover from all the hardships of the years of war and revolution. Children&#8217;s soup kitchens were also started, and children&#8217;s homes were established. <\/span><\/p><p><span>In addition to this charitable work, contacts in the church field grew. The Neo-Calvinists in particular felt called to help Sebesty\u00e9n in his efforts to reform the Church of Hungary in the Neo-Calvinist spirit. At the so-called January conferences in Budapest, Dutch professors were guests more than once, students from Amsterdam and Kampen came to G\u00f6d\u00f6ll\u0151 in the summer of 1924 to get acquainted with their Hungarian colleagues.<\/span><\/p><p><span>The translator had more responsibility and tasks than in a usual translation project, as the author does not speak Hungarian, but used many Hungarian sources. While writing the original (Dutch) version of the book, several expert Hungarian professors of Dutch Language and Literature as well as church historians helped the author with sources from Hungarian secondary literature, advice and translations. At the same time, the translator&#8217;s own historical knowledge and research in Hungarian (and Dutch) databases and in libraries were also required to check original sources and provide feedback to the author regarding general or specific facts of Hungarian history discussed in the book. In addition, of course, there were Dutch expressions and notions that required creative solutions during translation.<\/span><\/p><p><span>The book is written from a Dutch perspective, and the authors intention is to send an invitation to his Hungarian colleagues to shed light on the story of this close relationship from their perspective, to continue research and to make corrections if necessary.<br \/><br \/><\/span><\/p><p><strong>Roll-up poster exhibition<\/strong><\/p><p><span>Thanks to M\u00e1t\u00e9 Millisits, a historian, art historian and enthusiastic urban preservationist, a collection of roll-up posters also comes to accompany this book presentation. It presents iconic moments of relations between the Dutch and Hungarian reformed churches in Hungarian, on 13 richly illustrated roll-up posters, from the Reformation until the outbreak of World War II.<\/span><\/p><p><span>The exhibition will be on display for a few weeks after the completion of Bolyai 200 at the New Millennial Reformed Center in Timisoara.<br \/><br \/><\/span><\/p><p><\/p><p><strong>About the author<\/strong><\/p><p><span>Maarten J. Aalders (1954) studied theology, church history at the Vrije Universiteit Amsterdam. He served as pastor in Woubrugge and Amstelveen. Since 2018 he has been working at the Research Institute for Neo-Calvinism at the Kampen Theological University. He is the author of several well-received books on contemporary church history.<br \/><br \/><\/span><\/p><p><strong>About translator<\/strong><\/p><p><span>S\u00e1ndor T\u00e9gl\u00e1sy (Budapest, 1976) studied German and Dutch at E\u00f6tv\u00f6s Lor\u00e1nd University and currently lives in Timi\u015foara with his wife and son. After obtaining his master&#8217;s degree in 2001, worked as a translator and editor for the new German-Hungarian dictionary. Starting in 2002 he worked as an IT specialist, specializing in IT security, among others at Microsoft. In 2018 he returned to the field of translation, text production and proofreading, with working languages English, German, Dutch and Hungarian.<\/span><\/p>\t\t\t\t\t\t\t\t<\/div>\n\t\t\t\t<\/div>\n\t\t\t\t\t<\/div>\n\t\t<\/div>\n\t\t\t\t\t<\/div>\n\t\t<\/section>\n\t\t\t\t\t<\/div>\n\t\t<\/div>\n\t\t\t\t\t<\/div>\n\t\t<\/section>\n\t\t\t\t<\/div>\n\t\t","protected":false},"excerpt":{"rendered":"<p>T\u00e9gl\u00e1sy S\u00e1ndor S\u00e1ndor T\u00e9gl\u00e1sy, translator:Dutch and Hungarian Protestants relations in the interwar periodBook presentation and translators&#8217; reflections on the Hungarian translation of Maarten J. Aalders&#8217; book The book was written based on more than a thousand letters written by theology professor Jen\u0151 Sebesty\u00e9n to a multitude of church leaders and politicians in the Netherlands \u2013 [&hellip;]<\/p>\n","protected":false},"author":2,"featured_media":2703,"parent":0,"menu_order":23,"comment_status":"closed","ping_status":"closed","template":"","meta":{"_seopress_robots_primary_cat":"","_seopress_titles_title":"","_seopress_titles_desc":"","_seopress_robots_index":"","ngg_post_thumbnail":0,"footnotes":""},"_links":{"self":[{"href":"https:\/\/bolyai200.temesvaros.ro\/en\/wp-json\/wp\/v2\/pages\/2711"}],"collection":[{"href":"https:\/\/bolyai200.temesvaros.ro\/en\/wp-json\/wp\/v2\/pages"}],"about":[{"href":"https:\/\/bolyai200.temesvaros.ro\/en\/wp-json\/wp\/v2\/types\/page"}],"author":[{"embeddable":true,"href":"https:\/\/bolyai200.temesvaros.ro\/en\/wp-json\/wp\/v2\/users\/2"}],"replies":[{"embeddable":true,"href":"https:\/\/bolyai200.temesvaros.ro\/en\/wp-json\/wp\/v2\/comments?post=2711"}],"version-history":[{"count":5,"href":"https:\/\/bolyai200.temesvaros.ro\/en\/wp-json\/wp\/v2\/pages\/2711\/revisions"}],"predecessor-version":[{"id":2716,"href":"https:\/\/bolyai200.temesvaros.ro\/en\/wp-json\/wp\/v2\/pages\/2711\/revisions\/2716"}],"wp:featuredmedia":[{"embeddable":true,"href":"https:\/\/bolyai200.temesvaros.ro\/en\/wp-json\/wp\/v2\/media\/2703"}],"wp:attachment":[{"href":"https:\/\/bolyai200.temesvaros.ro\/en\/wp-json\/wp\/v2\/media?parent=2711"}],"curies":[{"name":"wp","href":"https:\/\/api.w.org\/{rel}","templated":true}]}}