{"id":1051,"date":"2023-10-03T21:04:35","date_gmt":"2023-10-03T21:04:35","guid":{"rendered":"https:\/\/bolyai200.temesvaros.ro\/?page_id=1051"},"modified":"2023-11-14T07:08:59","modified_gmt":"2023-11-14T07:08:59","slug":"invitatie-pentru-echipe-de-liceeni","status":"publish","type":"page","link":"https:\/\/bolyai200.temesvaros.ro\/ro\/invitatie-pentru-echipe-de-liceeni\/","title":{"rendered":"Atelier media"},"content":{"rendered":"\t\t<div data-elementor-type=\"wp-page\" data-elementor-id=\"1051\" class=\"elementor elementor-1051 elementor-1018\" data-elementor-post-type=\"page\">\n\t\t\t\t\t\t<section class=\"elementor-section elementor-top-section elementor-element elementor-element-3992349 elementor-section-content-middle elementor-section-boxed elementor-section-height-default elementor-section-height-default\" data-id=\"3992349\" data-element_type=\"section\" data-settings=\"{&quot;background_background&quot;:&quot;classic&quot;}\">\n\t\t\t\t\t\t<div class=\"elementor-container elementor-column-gap-default\">\n\t\t\t\t\t<div class=\"elementor-column elementor-col-100 elementor-top-column elementor-element elementor-element-d5033da\" data-id=\"d5033da\" data-element_type=\"column\">\n\t\t\t<div class=\"elementor-widget-wrap elementor-element-populated\">\n\t\t\t\t\t\t<div class=\"elementor-element elementor-element-c9bef51 elementor-widget elementor-widget-heading\" data-id=\"c9bef51\" data-element_type=\"widget\" data-widget_type=\"heading.default\">\n\t\t\t\t<div class=\"elementor-widget-container\">\n\t\t\t\t\t<h2 class=\"elementor-heading-title elementor-size-default\">Invita\u021bie pentru echipe de liceeni<\/h2>\t\t\t\t<\/div>\n\t\t\t\t<\/div>\n\t\t\t\t<div class=\"elementor-element elementor-element-4c64e06 elementor-widget elementor-widget-text-editor\" data-id=\"4c64e06\" data-element_type=\"widget\" data-widget_type=\"text-editor.default\">\n\t\t\t\t<div class=\"elementor-widget-container\">\n\t\t\t\t\t\t\t\t\t<p>Anul acesta se \u00eemplinesc 200 de ani de c\u00e2nd J\u00e1nos Bolyai a formulat celebrul enun\u021b \u00een scrisoarea adresat\u0103 tat\u0103lui s\u0103u: &#8211; <em>Am creat o lume nou\u0103, diferit\u0103, din nimic<\/em>. Pentru a marca acest moment, organiz\u0103m Festivalul de Art\u0103 \u0219i \u0218tiin\u021b\u0103 Bolyai200, care face parte din programul Timi\u0219oara 2023 Capital\u0103 Cultural\u0103 European\u0103.<\/p><p>Cu aceast\u0103 ocazie organiz\u0103m o activitate special\u0103: Atelier media pentru genera\u021bia Z \u0219i concurs, pentru elevii de liceu, la care a\u0219tept\u0103m echipe de trei elevi \u00eempreun\u0103 cu profesorii lor mentori. La eveniment vor participa \u0219ase echipe din \u0219colile care s-au \u00eenscris. Pentru aceste echipe vom organizat un workshop creativ pe 3 noiembrie, dup\u0103 care vor participa la evenimentele Festivalului de Art\u0103 \u0219i \u0218tiin\u021b\u0103 Bolyai200 \u0219i, \u00een paralel, vor dezvolta un proiect creativ care s\u0103 promoveze via\u021ba, opera sau mesajul lui Bolyai. Lucr\u0103rile echipelor vor fi vizionate \u0219i premiate \u00een ultima zi a programului (5 noiembrie) \u0219i ulterior vor fi promovate pe site-ul proiectului.<\/p><p><strong>\u00censcrierea echipelor<\/strong> const\u0103 din: formularea unei scrisori de inten\u021bie, completarea setului de \u00eentreb\u0103ri legate de via\u021ba lui Bolyai (quiz) \u0219i trimiterea a 2-3 lucr\u0103ri ale echipei sau membrilor echipei (film de scurtmetraj, poster, interviu, anima\u021bie etc.). \u00centreb\u0103rile \u0219i informa\u021biile despre competi\u021bie sunt disponibile pe site-ul <a href=\"https:\/\/bolyai200.temesvaros.ro\/\" target=\"_blank\" rel=\"noopener\">https:\/\/bolyai200.temesvaros.ro\/<\/a>.<\/p><p>A\u0219tept\u0103m \u00eenscrierea echipelor: p\u00e2n\u0103 pe 13 octombrie 2023. Data selec\u021biei echipelor invitate la atelierul media Genera\u021bia Z al festivalului Bolyai200 este: 17 octombrie 2023.<\/p><p><strong>\u00censcriere: <\/strong><a href=\"https:\/\/docs.google.com\/forms\/d\/e\/1FAIpQLSdVSJcSmPEQi7bdmiGs_fjgbes8-fXS1wSdJVZpxz-JvHurjw\/viewform\" target=\"_blank\" rel=\"noopener\">https:\/\/docs.google.com\/forms\/d\/e\/1FAIpQLSdVSJcSmPEQi7bdmiGs_fjgbes8-fXS1wSdJVZpxz-JvHurjw\/viewform<\/a><\/p><p>Toate costurile particip\u0103rii echipelor la program (cazare, mas\u0103, formare, programe culturale) sunt asigurate din proiect.<\/p><p>Suntem \u00eencrez\u0103tori c\u0103 Programul Festivalului de \u0218tiin\u021b\u0103 \u0219i Art\u0103 Bolyai200 va fi o oportunitate pentru cultivarea talentelor elevilor, pentru familiarizarea cu opera \u0219i via\u021ba lui Bolyai, pentru a lega prietenii \u0219i parteneriate. Informa\u021bii suplimentare pot fi solicitate la adresa e-mail: office.bartok@gmail.com.<\/p><p>V\u0103 rug\u0103m s\u0103 v\u0103 asigura\u021bi c\u0103 apelul nostru de concurs ajunge la profesorii \u0219i elevii \u0219colii dvs.<\/p><p>\u00cen numele echipei organizatoare v\u0103 dorim succes \u0219i v\u0103 a\u0219tept\u0103m!<\/p>\t\t\t\t\t\t\t\t<\/div>\n\t\t\t\t<\/div>\n\t\t\t\t<div class=\"elementor-element elementor-element-acb5ec2 elementor-align-center elementor-widget elementor-widget-button\" data-id=\"acb5ec2\" data-element_type=\"widget\" data-widget_type=\"button.default\">\n\t\t\t\t<div class=\"elementor-widget-container\">\n\t\t\t\t\t\t\t\t\t<div class=\"elementor-button-wrapper\">\n\t\t\t\t\t<a class=\"elementor-button elementor-button-link elementor-size-sm\" href=\"https:\/\/docs.google.com\/forms\/d\/e\/1FAIpQLSdVSJcSmPEQi7bdmiGs_fjgbes8-fXS1wSdJVZpxz-JvHurjw\/viewform\">\n\t\t\t\t\t\t<span class=\"elementor-button-content-wrapper\">\n\t\t\t\t\t\t\t\t\t<span class=\"elementor-button-text\">\u00censcriere<\/span>\n\t\t\t\t\t<\/span>\n\t\t\t\t\t<\/a>\n\t\t\t\t<\/div>\n\t\t\t\t\t\t\t\t<\/div>\n\t\t\t\t<\/div>\n\t\t\t\t\t<\/div>\n\t\t<\/div>\n\t\t\t\t\t<\/div>\n\t\t<\/section>\n\t\t\t\t<section class=\"elementor-section elementor-top-section elementor-element elementor-element-50ea362 elementor-section-boxed elementor-section-height-default elementor-section-height-default\" data-id=\"50ea362\" data-element_type=\"section\">\n\t\t\t\t\t\t<div class=\"elementor-container elementor-column-gap-default\">\n\t\t\t\t\t<div class=\"elementor-column elementor-col-100 elementor-top-column elementor-element elementor-element-7001eae\" data-id=\"7001eae\" data-element_type=\"column\">\n\t\t\t<div class=\"elementor-widget-wrap elementor-element-populated\">\n\t\t\t\t\t\t<div class=\"elementor-element elementor-element-f0ea174 elementor-widget elementor-widget-menu-anchor\" data-id=\"f0ea174\" data-element_type=\"widget\" data-widget_type=\"menu-anchor.default\">\n\t\t\t\t<div class=\"elementor-widget-container\">\n\t\t\t\t\t\t\t<div class=\"elementor-menu-anchor\" id=\"szervezok\"><\/div>\n\t\t\t\t\t\t<\/div>\n\t\t\t\t<\/div>\n\t\t\t\t<div class=\"elementor-element elementor-element-0b538e7 elementor-widget elementor-widget-heading\" data-id=\"0b538e7\" data-element_type=\"widget\" data-widget_type=\"heading.default\">\n\t\t\t\t<div class=\"elementor-widget-container\">\n\t\t\t\t\t<h2 class=\"elementor-heading-title elementor-size-default\">Echipe<\/h2>\t\t\t\t<\/div>\n\t\t\t\t<\/div>\n\t\t\t\t<div class=\"elementor-element elementor-element-5f3f77b elementor-widget elementor-widget-text-editor\" data-id=\"5f3f77b\" data-element_type=\"widget\" data-widget_type=\"text-editor.default\">\n\t\t\t\t<div class=\"elementor-widget-container\">\n\t\t\t\t\t\t\t\t\t<ul><li><span><span>Colegiul Na\u021bional &#8220;Bethlen G\u00e1bor&#8221; (Aiud)<\/span><\/span><p><\/p><\/li><li><div><p><span>Colegiul Na\u021bional <\/span>&#8220;Csiky Gergely&#8221; (Arad)<\/p><\/div><\/li><li><div><p>Colegiul de Excelen\u021b\u0103 \u0219i Internatul Bolyai (Senta, Serbia)<\/p><\/div><\/li><li><div><p>Liceul Teoretic &#8220;Bart\u00f3k B\u00e9la&#8221; (Timi\u0219oara)<\/p><\/div><\/li><li><div><p>Liceul Teoretic &#8220;Bolyai Farkas&#8221; (Tg. Mure\u0219) &#8211; echipa b\u0103ie\u021bilor<\/p><\/div><\/li><li><div><p>Liceul Teoretic &#8220;Bolyai Farkas&#8221; (Tg. Mure\u0219) &#8211; echipa fetelor<\/p><\/div><div><\/div><\/li><\/ul>\t\t\t\t\t\t\t\t<\/div>\n\t\t\t\t<\/div>\n\t\t\t\t<div class=\"elementor-element elementor-element-97be78a elementor-widget__width-initial elementor-absolute elementor-widget-tablet__width-initial elementor-widget-mobile__width-initial elementor-widget elementor-widget-spacer\" data-id=\"97be78a\" data-element_type=\"widget\" data-settings=\"{&quot;_position&quot;:&quot;absolute&quot;}\" data-widget_type=\"spacer.default\">\n\t\t\t\t<div class=\"elementor-widget-container\">\n\t\t\t\t\t\t\t<div class=\"elementor-spacer\">\n\t\t\t<div class=\"elementor-spacer-inner\"><\/div>\n\t\t<\/div>\n\t\t\t\t\t\t<\/div>\n\t\t\t\t<\/div>\n\t\t\t\t\t<\/div>\n\t\t<\/div>\n\t\t\t\t\t<\/div>\n\t\t<\/section>\n\t\t\t\t<section class=\"elementor-section elementor-top-section elementor-element elementor-element-4c487f5 elementor-section-boxed elementor-section-height-default elementor-section-height-default\" data-id=\"4c487f5\" data-element_type=\"section\" data-settings=\"{&quot;background_background&quot;:&quot;classic&quot;}\">\n\t\t\t\t\t\t<div class=\"elementor-container elementor-column-gap-default\">\n\t\t\t\t\t<div class=\"elementor-column elementor-col-100 elementor-top-column elementor-element elementor-element-c06674b\" data-id=\"c06674b\" data-element_type=\"column\" data-settings=\"{&quot;background_background&quot;:&quot;classic&quot;}\">\n\t\t\t<div class=\"elementor-widget-wrap elementor-element-populated\">\n\t\t\t\t\t\t<div class=\"elementor-element elementor-element-42a6af5 elementor-widget elementor-widget-heading\" data-id=\"42a6af5\" data-element_type=\"widget\" data-widget_type=\"heading.default\">\n\t\t\t\t<div class=\"elementor-widget-container\">\n\t\t\t\t\t<h2 class=\"elementor-heading-title elementor-size-default\">Lucr\u0103rile echipelor<\/h2>\t\t\t\t<\/div>\n\t\t\t\t<\/div>\n\t\t\t\t<section class=\"elementor-section elementor-inner-section elementor-element elementor-element-23b1d69 elementor-section-boxed elementor-section-height-default elementor-section-height-default\" data-id=\"23b1d69\" data-element_type=\"section\">\n\t\t\t\t\t\t<div class=\"elementor-container elementor-column-gap-default\">\n\t\t\t\t\t<div class=\"elementor-column elementor-col-50 elementor-inner-column elementor-element elementor-element-f203501\" data-id=\"f203501\" data-element_type=\"column\">\n\t\t\t<div class=\"elementor-widget-wrap elementor-element-populated\">\n\t\t\t\t\t\t<div class=\"elementor-element elementor-element-a198f8e elementor-widget elementor-widget-video\" data-id=\"a198f8e\" data-element_type=\"widget\" data-settings=\"{&quot;youtube_url&quot;:&quot;https:\\\/\\\/www.youtube.com\\\/watch?v=l7PCrBpZoyE&quot;,&quot;lazy_load&quot;:&quot;yes&quot;,&quot;video_type&quot;:&quot;youtube&quot;,&quot;controls&quot;:&quot;yes&quot;}\" data-widget_type=\"video.default\">\n\t\t\t\t<div class=\"elementor-widget-container\">\n\t\t\t\t\t\t\t<div class=\"elementor-wrapper elementor-open-inline\">\n\t\t\t<div class=\"elementor-video\"><\/div>\t\t<\/div>\n\t\t\t\t\t\t<\/div>\n\t\t\t\t<\/div>\n\t\t\t\t<div class=\"elementor-element elementor-element-a75ea90 elementor-widget elementor-widget-text-editor\" data-id=\"a75ea90\" data-element_type=\"widget\" data-widget_type=\"text-editor.default\">\n\t\t\t\t<div class=\"elementor-widget-container\">\n\t\t\t\t\t\t\t\t\t<p>Colegiul Na\u021bional &#8220;Csiky Gergely&#8221; (Arad)<\/p>\t\t\t\t\t\t\t\t<\/div>\n\t\t\t\t<\/div>\n\t\t\t\t\t<\/div>\n\t\t<\/div>\n\t\t\t\t<div class=\"elementor-column elementor-col-50 elementor-inner-column elementor-element elementor-element-833d5c7\" data-id=\"833d5c7\" data-element_type=\"column\">\n\t\t\t<div class=\"elementor-widget-wrap elementor-element-populated\">\n\t\t\t\t\t\t<div class=\"elementor-element elementor-element-5eac490 elementor-widget elementor-widget-video\" data-id=\"5eac490\" data-element_type=\"widget\" data-settings=\"{&quot;youtube_url&quot;:&quot;https:\\\/\\\/www.youtube.com\\\/watch?v=g_5leMpmAWo&quot;,&quot;lazy_load&quot;:&quot;yes&quot;,&quot;video_type&quot;:&quot;youtube&quot;,&quot;controls&quot;:&quot;yes&quot;}\" data-widget_type=\"video.default\">\n\t\t\t\t<div class=\"elementor-widget-container\">\n\t\t\t\t\t\t\t<div class=\"elementor-wrapper elementor-open-inline\">\n\t\t\t<div class=\"elementor-video\"><\/div>\t\t<\/div>\n\t\t\t\t\t\t<\/div>\n\t\t\t\t<\/div>\n\t\t\t\t<div class=\"elementor-element elementor-element-f1d8023 elementor-widget elementor-widget-text-editor\" data-id=\"f1d8023\" data-element_type=\"widget\" data-widget_type=\"text-editor.default\">\n\t\t\t\t<div class=\"elementor-widget-container\">\n\t\t\t\t\t\t\t\t\t<p>Liceul Teoretic &#8220;Bolyai Farkas&#8221; (Tg. Mure\u0219) &#8211; echipa b\u0103ie\u021bilor<\/p>\t\t\t\t\t\t\t\t<\/div>\n\t\t\t\t<\/div>\n\t\t\t\t\t<\/div>\n\t\t<\/div>\n\t\t\t\t\t<\/div>\n\t\t<\/section>\n\t\t\t\t<section class=\"elementor-section elementor-inner-section elementor-element elementor-element-0f55726 elementor-section-boxed elementor-section-height-default elementor-section-height-default\" data-id=\"0f55726\" data-element_type=\"section\">\n\t\t\t\t\t\t<div class=\"elementor-container elementor-column-gap-default\">\n\t\t\t\t\t<div class=\"elementor-column elementor-col-50 elementor-inner-column elementor-element elementor-element-3e9526e\" data-id=\"3e9526e\" data-element_type=\"column\">\n\t\t\t<div class=\"elementor-widget-wrap elementor-element-populated\">\n\t\t\t\t\t\t<div class=\"elementor-element elementor-element-fb0e1c3 elementor-widget elementor-widget-video\" data-id=\"fb0e1c3\" data-element_type=\"widget\" data-settings=\"{&quot;youtube_url&quot;:&quot;https:\\\/\\\/www.youtube.com\\\/watch?v=dtV7uYzq6WA&quot;,&quot;lazy_load&quot;:&quot;yes&quot;,&quot;video_type&quot;:&quot;youtube&quot;,&quot;controls&quot;:&quot;yes&quot;}\" data-widget_type=\"video.default\">\n\t\t\t\t<div class=\"elementor-widget-container\">\n\t\t\t\t\t\t\t<div class=\"elementor-wrapper elementor-open-inline\">\n\t\t\t<div class=\"elementor-video\"><\/div>\t\t<\/div>\n\t\t\t\t\t\t<\/div>\n\t\t\t\t<\/div>\n\t\t\t\t<div class=\"elementor-element elementor-element-423754d elementor-widget elementor-widget-text-editor\" data-id=\"423754d\" data-element_type=\"widget\" data-widget_type=\"text-editor.default\">\n\t\t\t\t<div class=\"elementor-widget-container\">\n\t\t\t\t\t\t\t\t\t<div><span>Colegiul Na\u021bional &#8220;Bethlen G\u00e1bor&#8221; (Aiud)<\/span><\/div><p><\/p>\t\t\t\t\t\t\t\t<\/div>\n\t\t\t\t<\/div>\n\t\t\t\t\t<\/div>\n\t\t<\/div>\n\t\t\t\t<div class=\"elementor-column elementor-col-50 elementor-inner-column elementor-element elementor-element-635daff\" data-id=\"635daff\" data-element_type=\"column\">\n\t\t\t<div class=\"elementor-widget-wrap elementor-element-populated\">\n\t\t\t\t\t\t<div class=\"elementor-element elementor-element-8cc9666 elementor-widget elementor-widget-video\" data-id=\"8cc9666\" data-element_type=\"widget\" data-settings=\"{&quot;youtube_url&quot;:&quot;https:\\\/\\\/www.youtube.com\\\/watch?v=NAEtogzEQ9A&quot;,&quot;lazy_load&quot;:&quot;yes&quot;,&quot;video_type&quot;:&quot;youtube&quot;,&quot;controls&quot;:&quot;yes&quot;}\" data-widget_type=\"video.default\">\n\t\t\t\t<div class=\"elementor-widget-container\">\n\t\t\t\t\t\t\t<div class=\"elementor-wrapper elementor-open-inline\">\n\t\t\t<div class=\"elementor-video\"><\/div>\t\t<\/div>\n\t\t\t\t\t\t<\/div>\n\t\t\t\t<\/div>\n\t\t\t\t<div class=\"elementor-element elementor-element-0f72eda elementor-widget elementor-widget-text-editor\" data-id=\"0f72eda\" data-element_type=\"widget\" data-widget_type=\"text-editor.default\">\n\t\t\t\t<div class=\"elementor-widget-container\">\n\t\t\t\t\t\t\t\t\t<p>Liceul Teoretic &#8220;Bart\u00f3k B\u00e9la&#8221; (Timi\u0219oara)<\/p><p><a href=\"https:\/\/www.youtube.com\/watch?v=hJW2eu9pzPA\"><\/a><\/p>\t\t\t\t\t\t\t\t<\/div>\n\t\t\t\t<\/div>\n\t\t\t\t\t<\/div>\n\t\t<\/div>\n\t\t\t\t\t<\/div>\n\t\t<\/section>\n\t\t\t\t<section class=\"elementor-section elementor-inner-section elementor-element elementor-element-31269f1 elementor-section-boxed elementor-section-height-default elementor-section-height-default\" data-id=\"31269f1\" data-element_type=\"section\">\n\t\t\t\t\t\t<div class=\"elementor-container elementor-column-gap-default\">\n\t\t\t\t\t<div class=\"elementor-column elementor-col-33 elementor-inner-column elementor-element elementor-element-2cf0a46\" data-id=\"2cf0a46\" data-element_type=\"column\">\n\t\t\t<div class=\"elementor-widget-wrap\">\n\t\t\t\t\t\t\t<\/div>\n\t\t<\/div>\n\t\t\t\t<div class=\"elementor-column elementor-col-33 elementor-inner-column elementor-element elementor-element-774bb39\" data-id=\"774bb39\" data-element_type=\"column\">\n\t\t\t<div class=\"elementor-widget-wrap elementor-element-populated\">\n\t\t\t\t\t\t<div class=\"elementor-element elementor-element-1ce6e9e elementor-widget elementor-widget-video\" data-id=\"1ce6e9e\" data-element_type=\"widget\" data-settings=\"{&quot;youtube_url&quot;:&quot;https:\\\/\\\/www.youtube.com\\\/watch?v=H-FXKYQJ9SE&quot;,&quot;lazy_load&quot;:&quot;yes&quot;,&quot;video_type&quot;:&quot;youtube&quot;,&quot;controls&quot;:&quot;yes&quot;}\" data-widget_type=\"video.default\">\n\t\t\t\t<div class=\"elementor-widget-container\">\n\t\t\t\t\t\t\t<div class=\"elementor-wrapper elementor-open-inline\">\n\t\t\t<div class=\"elementor-video\"><\/div>\t\t<\/div>\n\t\t\t\t\t\t<\/div>\n\t\t\t\t<\/div>\n\t\t\t\t<div class=\"elementor-element elementor-element-55c20dd elementor-widget elementor-widget-text-editor\" data-id=\"55c20dd\" data-element_type=\"widget\" data-widget_type=\"text-editor.default\">\n\t\t\t\t<div class=\"elementor-widget-container\">\n\t\t\t\t\t\t\t\t\t<p>Colegiul de Excelen\u021b\u0103 \u0219i Internatul Bolyai (Senta, Serbia)<\/p>\t\t\t\t\t\t\t\t<\/div>\n\t\t\t\t<\/div>\n\t\t\t\t\t<\/div>\n\t\t<\/div>\n\t\t\t\t<div class=\"elementor-column elementor-col-33 elementor-inner-column elementor-element elementor-element-2c9da89\" data-id=\"2c9da89\" data-element_type=\"column\">\n\t\t\t<div class=\"elementor-widget-wrap\">\n\t\t\t\t\t\t\t<\/div>\n\t\t<\/div>\n\t\t\t\t\t<\/div>\n\t\t<\/section>\n\t\t\t\t<section class=\"elementor-section elementor-inner-section elementor-element elementor-element-91d7102 elementor-section-boxed elementor-section-height-default elementor-section-height-default\" data-id=\"91d7102\" data-element_type=\"section\">\n\t\t\t\t\t\t<div class=\"elementor-container elementor-column-gap-default\">\n\t\t\t\t\t<div class=\"elementor-column elementor-col-33 elementor-inner-column elementor-element elementor-element-7ab3d4d\" data-id=\"7ab3d4d\" data-element_type=\"column\">\n\t\t\t<div class=\"elementor-widget-wrap\">\n\t\t\t\t\t\t\t<\/div>\n\t\t<\/div>\n\t\t\t\t<div class=\"elementor-column elementor-col-33 elementor-inner-column elementor-element elementor-element-d63269b\" data-id=\"d63269b\" data-element_type=\"column\">\n\t\t\t<div class=\"elementor-widget-wrap elementor-element-populated\">\n\t\t\t\t\t\t<div class=\"elementor-element elementor-element-42114bd elementor-widget elementor-widget-image\" data-id=\"42114bd\" data-element_type=\"widget\" data-widget_type=\"image.default\">\n\t\t\t\t<div class=\"elementor-widget-container\">\n\t\t\t\t\t\t\t\t\t\t\t\t\t\t\t\t<a href=\"https:\/\/www.yumpu.com\/hu\/document\/read\/68528707\/uj-mas-vilag-exkluziv-ifjusagi-lap\" target=\"_blank\">\n\t\t\t\t\t\t\t<img fetchpriority=\"high\" decoding=\"async\" width=\"722\" height=\"1024\" src=\"https:\/\/bolyai200.temesvaros.ro\/wp-content\/uploads\/2023\/11\/Folyoirat_1-1-722x1024.jpg\" class=\"attachment-large size-large wp-image-4417\" alt=\"folyoirat 1 jpg\" srcset=\"https:\/\/bolyai200.temesvaros.ro\/wp-content\/uploads\/2023\/11\/Folyoirat_1-1-722x1024.jpg 722w, https:\/\/bolyai200.temesvaros.ro\/wp-content\/uploads\/2023\/11\/Folyoirat_1-1-211x300.jpg 211w, https:\/\/bolyai200.temesvaros.ro\/wp-content\/uploads\/2023\/11\/Folyoirat_1-1-768x1090.jpg 768w, https:\/\/bolyai200.temesvaros.ro\/wp-content\/uploads\/2023\/11\/Folyoirat_1-1-1083x1536.jpg 1083w, https:\/\/bolyai200.temesvaros.ro\/wp-content\/uploads\/2023\/11\/Folyoirat_1-1-1444x2048.jpg 1444w, https:\/\/bolyai200.temesvaros.ro\/wp-content\/uploads\/2023\/11\/Folyoirat_1-1.jpg 1748w\" sizes=\"(max-width: 722px) 100vw, 722px\" \/>\t\t\t\t\t\t\t\t<\/a>\n\t\t\t\t\t\t\t\t\t\t\t\t\t\t\t<\/div>\n\t\t\t\t<\/div>\n\t\t\t\t<div class=\"elementor-element elementor-element-085aa12 elementor-widget elementor-widget-text-editor\" data-id=\"085aa12\" data-element_type=\"widget\" data-widget_type=\"text-editor.default\">\n\t\t\t\t<div class=\"elementor-widget-container\">\n\t\t\t\t\t\t\t\t\t<p>Liceul Teoretic &#8220;Bolyai Farkas&#8221; (Tg. Mure\u0219) &#8211; echipa fetelor<\/p>\t\t\t\t\t\t\t\t<\/div>\n\t\t\t\t<\/div>\n\t\t\t\t\t<\/div>\n\t\t<\/div>\n\t\t\t\t<div class=\"elementor-column elementor-col-33 elementor-inner-column elementor-element elementor-element-d85751f\" data-id=\"d85751f\" data-element_type=\"column\">\n\t\t\t<div class=\"elementor-widget-wrap\">\n\t\t\t\t\t\t\t<\/div>\n\t\t<\/div>\n\t\t\t\t\t<\/div>\n\t\t<\/section>\n\t\t\t\t\t<\/div>\n\t\t<\/div>\n\t\t\t\t\t<\/div>\n\t\t<\/section>\n\t\t\t\t<section class=\"elementor-section elementor-top-section elementor-element elementor-element-2b899df elementor-section-boxed elementor-section-height-default elementor-section-height-default\" data-id=\"2b899df\" data-element_type=\"section\">\n\t\t\t\t\t\t<div class=\"elementor-container elementor-column-gap-default\">\n\t\t\t\t\t<div class=\"elementor-column elementor-col-100 elementor-top-column elementor-element elementor-element-bff893b\" data-id=\"bff893b\" data-element_type=\"column\">\n\t\t\t<div class=\"elementor-widget-wrap elementor-element-populated\">\n\t\t\t\t\t\t<div class=\"elementor-element elementor-element-6642224 elementor-widget elementor-widget-spacer\" data-id=\"6642224\" data-element_type=\"widget\" data-widget_type=\"spacer.default\">\n\t\t\t\t<div class=\"elementor-widget-container\">\n\t\t\t\t\t\t\t<div class=\"elementor-spacer\">\n\t\t\t<div class=\"elementor-spacer-inner\"><\/div>\n\t\t<\/div>\n\t\t\t\t\t\t<\/div>\n\t\t\t\t<\/div>\n\t\t\t\t\t<\/div>\n\t\t<\/div>\n\t\t\t\t\t<\/div>\n\t\t<\/section>\n\t\t\t\t<\/div>\n\t\t","protected":false},"excerpt":{"rendered":"<p>Invita\u021bie pentru echipe de liceeni Anul acesta se \u00eemplinesc 200 de ani de c\u00e2nd J\u00e1nos Bolyai a formulat celebrul enun\u021b \u00een scrisoarea adresat\u0103 tat\u0103lui s\u0103u: &#8211; Am creat o lume nou\u0103, diferit\u0103, din nimic. Pentru a marca acest moment, organiz\u0103m Festivalul de Art\u0103 \u0219i \u0218tiin\u021b\u0103 Bolyai200, care face parte din programul Timi\u0219oara 2023 Capital\u0103 Cultural\u0103 [&hellip;]<\/p>\n","protected":false},"author":2,"featured_media":1860,"parent":0,"menu_order":29,"comment_status":"closed","ping_status":"closed","template":"","meta":{"_seopress_robots_primary_cat":"","_seopress_titles_title":"","_seopress_titles_desc":"","_seopress_robots_index":"","ngg_post_thumbnail":0,"footnotes":""},"_links":{"self":[{"href":"https:\/\/bolyai200.temesvaros.ro\/ro\/wp-json\/wp\/v2\/pages\/1051"}],"collection":[{"href":"https:\/\/bolyai200.temesvaros.ro\/ro\/wp-json\/wp\/v2\/pages"}],"about":[{"href":"https:\/\/bolyai200.temesvaros.ro\/ro\/wp-json\/wp\/v2\/types\/page"}],"author":[{"embeddable":true,"href":"https:\/\/bolyai200.temesvaros.ro\/ro\/wp-json\/wp\/v2\/users\/2"}],"replies":[{"embeddable":true,"href":"https:\/\/bolyai200.temesvaros.ro\/ro\/wp-json\/wp\/v2\/comments?post=1051"}],"version-history":[{"count":44,"href":"https:\/\/bolyai200.temesvaros.ro\/ro\/wp-json\/wp\/v2\/pages\/1051\/revisions"}],"predecessor-version":[{"id":4423,"href":"https:\/\/bolyai200.temesvaros.ro\/ro\/wp-json\/wp\/v2\/pages\/1051\/revisions\/4423"}],"wp:featuredmedia":[{"embeddable":true,"href":"https:\/\/bolyai200.temesvaros.ro\/ro\/wp-json\/wp\/v2\/media\/1860"}],"wp:attachment":[{"href":"https:\/\/bolyai200.temesvaros.ro\/ro\/wp-json\/wp\/v2\/media?parent=1051"}],"curies":[{"name":"wp","href":"https:\/\/api.w.org\/{rel}","templated":true}]}}