{"id":1932,"date":"2023-10-18T23:03:42","date_gmt":"2023-10-18T23:03:42","guid":{"rendered":"https:\/\/bolyai200.temesvaros.ro\/hegedu-eloadas\/"},"modified":"2023-10-18T23:29:36","modified_gmt":"2023-10-18T23:29:36","slug":"recital-de-vioara","status":"publish","type":"page","link":"https:\/\/bolyai200.temesvaros.ro\/ro\/recital-de-vioara\/","title":{"rendered":"Recital de vioar\u0103"},"content":{"rendered":"\t\t<div data-elementor-type=\"wp-page\" data-elementor-id=\"1932\" class=\"elementor elementor-1932 elementor-1909\" data-elementor-post-type=\"page\">\n\t\t\t\t\t\t<section class=\"elementor-section elementor-top-section elementor-element elementor-element-d711d2a elementor-section-boxed elementor-section-height-default elementor-section-height-default\" data-id=\"d711d2a\" data-element_type=\"section\" data-settings=\"{&quot;background_background&quot;:&quot;classic&quot;}\">\n\t\t\t\t\t\t<div class=\"elementor-container elementor-column-gap-default\">\n\t\t\t\t\t<div class=\"elementor-column elementor-col-100 elementor-top-column elementor-element elementor-element-98d0366\" data-id=\"98d0366\" data-element_type=\"column\">\n\t\t\t<div class=\"elementor-widget-wrap elementor-element-populated\">\n\t\t\t\t\t\t<div class=\"elementor-element elementor-element-496ab32 elementor-widget elementor-widget-heading\" data-id=\"496ab32\" data-element_type=\"widget\" data-widget_type=\"heading.default\">\n\t\t\t\t<div class=\"elementor-widget-container\">\n\t\t\t\t\t<h2 class=\"elementor-heading-title elementor-size-default\">Recital de vioar\u0103 \u2013 piese Paganini, interpretat de Agigheoleanu Antonio-Leonard<\/h2>\t\t\t\t<\/div>\n\t\t\t\t<\/div>\n\t\t\t\t\t<\/div>\n\t\t<\/div>\n\t\t\t\t\t<\/div>\n\t\t<\/section>\n\t\t\t\t<section class=\"elementor-section elementor-top-section elementor-element elementor-element-1604545 elementor-section-full_width elementor-section-height-default elementor-section-height-default\" data-id=\"1604545\" data-element_type=\"section\">\n\t\t\t\t\t\t<div class=\"elementor-container elementor-column-gap-no\">\n\t\t\t\t\t<div class=\"elementor-column elementor-col-50 elementor-top-column elementor-element elementor-element-4a6b9473\" data-id=\"4a6b9473\" data-element_type=\"column\" data-settings=\"{&quot;background_background&quot;:&quot;classic&quot;}\">\n\t\t\t<div class=\"elementor-widget-wrap elementor-element-populated\">\n\t\t\t\t\t\t<div class=\"elementor-element elementor-element-e4f350a elementor-widget elementor-widget-image\" data-id=\"e4f350a\" data-element_type=\"widget\" data-widget_type=\"image.default\">\n\t\t\t\t<div class=\"elementor-widget-container\">\n\t\t\t\t\t\t\t\t\t\t\t\t\t\t\t<img fetchpriority=\"high\" decoding=\"async\" width=\"800\" height=\"600\" src=\"https:\/\/bolyai200.temesvaros.ro\/wp-content\/uploads\/2023\/10\/Agigheoleanu.jpg\" class=\"attachment-large size-large wp-image-1910\" alt=\"agigheoleanu\" srcset=\"https:\/\/bolyai200.temesvaros.ro\/wp-content\/uploads\/2023\/10\/Agigheoleanu.jpg 820w, https:\/\/bolyai200.temesvaros.ro\/wp-content\/uploads\/2023\/10\/Agigheoleanu-300x225.jpg 300w, https:\/\/bolyai200.temesvaros.ro\/wp-content\/uploads\/2023\/10\/Agigheoleanu-768x576.jpg 768w\" sizes=\"(max-width: 800px) 100vw, 800px\" \/>\t\t\t\t\t\t\t\t\t\t\t\t\t\t\t<\/div>\n\t\t\t\t<\/div>\n\t\t\t\t\t<\/div>\n\t\t<\/div>\n\t\t\t\t<div class=\"elementor-column elementor-col-50 elementor-top-column elementor-element elementor-element-56bc6187\" data-id=\"56bc6187\" data-element_type=\"column\">\n\t\t\t<div class=\"elementor-widget-wrap elementor-element-populated\">\n\t\t\t\t\t\t<section class=\"elementor-section elementor-inner-section elementor-element elementor-element-4a742f27 elementor-section-full_width elementor-section-content-middle elementor-section-height-default elementor-section-height-default\" data-id=\"4a742f27\" data-element_type=\"section\" data-settings=\"{&quot;background_background&quot;:&quot;classic&quot;}\">\n\t\t\t\t\t\t<div class=\"elementor-container elementor-column-gap-no\">\n\t\t\t\t\t<div class=\"elementor-column elementor-col-100 elementor-inner-column elementor-element elementor-element-3409769d\" data-id=\"3409769d\" data-element_type=\"column\" data-settings=\"{&quot;background_background&quot;:&quot;classic&quot;}\">\n\t\t\t<div class=\"elementor-widget-wrap elementor-element-populated\">\n\t\t\t\t\t\t<div class=\"elementor-element elementor-element-a86589c elementor-widget__width-initial elementor-widget elementor-widget-text-editor\" data-id=\"a86589c\" data-element_type=\"widget\" data-widget_type=\"text-editor.default\">\n\t\t\t\t<div class=\"elementor-widget-container\">\n\t\t\t\t\t\t\t\t\t<p><strong>Despre lucr\u0103ri<\/strong><\/p><p>Capriciile prezentate \u00een cadrul acestui recital reprezint\u0103 o selec\u021bie din cadrul celor 24 de Capricii pentru vioar\u0103 solo de Niccolo Paganini, scrise \u00eentre anii 1802 \u0219i 1817. Capriciile au forma unor studii, fiecare explor\u00e2nd diferite abilit\u0103\u021bi tehnice specifice ale violonistului: virtuozitate, calitate de sunet etc.<\/p><p>Capriciul nr. 5 este \u00een tonalitatea la minor \u0219i prezint\u0103 indica\u021bia de caracter Agitato, \u00eencep\u00e2nd \u0219i \u00eencheindu-se cu o sec\u021biune de arpegii urmate de game descendente \u0219i o parte median\u0103 rapid\u0103.<\/p><p>Capriciul nr. 9, supranumit \u0219i \u201eV\u00e2n\u0103torul\u201d, se afl\u0103 \u00een tonalitatea Mi Major, cu caracteristica unor duble coarde, care imit\u0103 flau\u021bii pe corzile La \u0219i Mi, respectiv hornii pe corzile Re \u0219i Sol.<\/p><p>Capriciul nr. 19 \u00een Mib Major este marcat de o sec\u021biune introductiv\u0103 de patru m\u0103suri dup\u0103 care urmeaz\u0103 por\u021biuni de agilitate tehnic\u0103 menite s\u0103 pun\u0103 \u00een valoare interpretul.<\/p><p>Capriciul 20 se afl\u0103 \u00een tonalitatea Re Major este faimos datorit\u0103 utiliz\u0103rii coardei re ca o pedal\u0103, al\u0103turi de corzile la \u0219i mi, pentru a imita un cimpoi, urm\u00e2nd apoi pasaje de virtuozitate \u00een \u0219aisprezecimi \u0219i staccato volant.<\/p><p>Capriciul 24 este ultimul din seria Capriciilor \u0219i este o tem\u0103 celebr\u0103 cu varia\u021biuni care pune \u00een valoare interpretul cu tehnici precum: game \u0219i arpegii rapide, duble \u0219i triple coarde, pizzicatto-ul m\u00e2inii st\u00e2ngi, octave \u0219i decime paralele, treceri peste coarde etc.<\/p><p>Sonata Preghiera sau Fantezia Moise este una din cele mai faimoase \u0219i des interpretate compozi\u021bii virtuoase ale acestuia. Este o tem\u0103 cu varia\u021biuni preluat\u0103 din Opera lui Rossini, Moise \u00een Egipt. \u00centreaga lucrare prezint\u0103 elemente de virtuozitate fiind scris\u0103 pentru a fi c\u00e2ntat\u0103 pe o singur\u0103 coard\u0103: coarda sol.<\/p><p>Sonata \u00een La Major op. posth. Este o tem\u0103 cu varia\u021biuni care a fost publicat\u0103 dup\u0103 moartea lui Paganini.<br \/><br \/><\/p><p><strong>Informa\u021bii biografice<\/strong><\/p><p>Leonard-Antonio Agigheoleanu este student-doctorand \u00een cadrul \u0218colii Doctorale de Muzic\u0103 \u0219i Teatru din cadrul Universit\u0103\u021bii de Vest din Timi\u0219oara, unde cercetarea sa este axat\u0103 pe repertoriul violonistic din muzica sacr\u0103 sub \u00eendrumarea prof. univ. dr. habil Marius Manyov.<\/p><p>A urmat \u00een paralel studiile de licen\u021b\u0103 \u0219i de masterat cu specializarea interpretare muzical\u0103: vioar\u0103, respectiv stilistica interpret\u0103rii muzicale \u00een cadrul Facult\u0103\u021bii de Muzic\u0103 \u0219i Teatru din Timi\u0219oara \u0219i studiile de licen\u021b\u0103 \u00een teologia pastoral\u0103 \u00een cadrul Facult\u0103\u021bii de Teologie Greco-Catolic\u0103 Babe\u0219 Bolyai din Oradea. A concertat adesea al\u0103turi de membrii orchestrei Facult\u0103\u021bii de Muzic\u0103 \u0219i Teatru pe scena Operei Na\u021bionale Rom\u00e2ne din Timi\u0219oara \u0219i a Filarmonicii Banatul din Timi\u0219oara. A studiat cu nume precum: conf. univ. dr. Cristina M\u0103l\u0103ncioiu, membr\u0103 a forma\u021biei de muzic\u0103 contemporan\u0103 ATEM, conf. univ. dr. Alexandru Tomescu, solist violonist rom\u00e2n, Melinda Dumitrescu, solist\u0103 \u0219i fost\u0103 student\u0103 a renumitului profesor violonist Zakhar Bron, Elfride Mora, student\u0103 a renumitului violonist rom\u00e2n Modest Iftinchi, asist. univ. drd. Vlad Popescu, \u0219ef de partid\u0103 al ansamblurilor Deutsche Kammerorchester Berlin \u0219i Ensemble Ruhr \u0219i Bernhard Forck, concertmaestru la Akademie f\u00fcr Alte Musik Berlin.<\/p>\t\t\t\t\t\t\t\t<\/div>\n\t\t\t\t<\/div>\n\t\t\t\t\t<\/div>\n\t\t<\/div>\n\t\t\t\t\t<\/div>\n\t\t<\/section>\n\t\t\t\t\t<\/div>\n\t\t<\/div>\n\t\t\t\t\t<\/div>\n\t\t<\/section>\n\t\t\t\t<\/div>\n\t\t","protected":false},"excerpt":{"rendered":"<p>Recital de vioar\u0103 \u2013 piese Paganini, interpretat de Agigheoleanu Antonio-Leonard Despre lucr\u0103ri Capriciile prezentate \u00een cadrul acestui recital reprezint\u0103 o selec\u021bie din cadrul celor 24 de Capricii pentru vioar\u0103 solo de Niccolo Paganini, scrise \u00eentre anii 1802 \u0219i 1817. Capriciile au forma unor studii, fiecare explor\u00e2nd diferite abilit\u0103\u021bi tehnice specifice ale violonistului: virtuozitate, calitate de [&hellip;]<\/p>\n","protected":false},"author":2,"featured_media":1912,"parent":0,"menu_order":26,"comment_status":"closed","ping_status":"closed","template":"","meta":{"_seopress_robots_primary_cat":"","_seopress_titles_title":"","_seopress_titles_desc":"","_seopress_robots_index":"","ngg_post_thumbnail":0,"footnotes":""},"_links":{"self":[{"href":"https:\/\/bolyai200.temesvaros.ro\/ro\/wp-json\/wp\/v2\/pages\/1932"}],"collection":[{"href":"https:\/\/bolyai200.temesvaros.ro\/ro\/wp-json\/wp\/v2\/pages"}],"about":[{"href":"https:\/\/bolyai200.temesvaros.ro\/ro\/wp-json\/wp\/v2\/types\/page"}],"author":[{"embeddable":true,"href":"https:\/\/bolyai200.temesvaros.ro\/ro\/wp-json\/wp\/v2\/users\/2"}],"replies":[{"embeddable":true,"href":"https:\/\/bolyai200.temesvaros.ro\/ro\/wp-json\/wp\/v2\/comments?post=1932"}],"version-history":[{"count":5,"href":"https:\/\/bolyai200.temesvaros.ro\/ro\/wp-json\/wp\/v2\/pages\/1932\/revisions"}],"predecessor-version":[{"id":1940,"href":"https:\/\/bolyai200.temesvaros.ro\/ro\/wp-json\/wp\/v2\/pages\/1932\/revisions\/1940"}],"wp:featuredmedia":[{"embeddable":true,"href":"https:\/\/bolyai200.temesvaros.ro\/ro\/wp-json\/wp\/v2\/media\/1912"}],"wp:attachment":[{"href":"https:\/\/bolyai200.temesvaros.ro\/ro\/wp-json\/wp\/v2\/media?parent=1932"}],"curies":[{"name":"wp","href":"https:\/\/api.w.org\/{rel}","templated":true}]}}