{"id":2026,"date":"2023-10-19T10:01:00","date_gmt":"2023-10-19T10:01:00","guid":{"rendered":"https:\/\/bolyai200.temesvaros.ro\/orgonakoncert\/"},"modified":"2023-10-19T12:26:01","modified_gmt":"2023-10-19T12:26:01","slug":"concert-de-orga","status":"publish","type":"page","link":"https:\/\/bolyai200.temesvaros.ro\/ro\/concert-de-orga\/","title":{"rendered":"Concert de org\u0103"},"content":{"rendered":"\t\t<div data-elementor-type=\"wp-page\" data-elementor-id=\"2026\" class=\"elementor elementor-2026 elementor-1975\" data-elementor-post-type=\"page\">\n\t\t\t\t\t\t<section class=\"elementor-section elementor-top-section elementor-element elementor-element-d711d2a elementor-section-boxed elementor-section-height-default elementor-section-height-default\" data-id=\"d711d2a\" data-element_type=\"section\" data-settings=\"{&quot;background_background&quot;:&quot;classic&quot;}\">\n\t\t\t\t\t\t<div class=\"elementor-container elementor-column-gap-default\">\n\t\t\t\t\t<div class=\"elementor-column elementor-col-100 elementor-top-column elementor-element elementor-element-98d0366\" data-id=\"98d0366\" data-element_type=\"column\">\n\t\t\t<div class=\"elementor-widget-wrap elementor-element-populated\">\n\t\t\t\t\t\t<div class=\"elementor-element elementor-element-496ab32 elementor-widget elementor-widget-heading\" data-id=\"496ab32\" data-element_type=\"widget\" data-widget_type=\"heading.default\">\n\t\t\t\t<div class=\"elementor-widget-container\">\n\t\t\t\t\t<h2 class=\"elementor-heading-title elementor-size-default\">Concert de org\u0103 din operele contemporane celor doi Bolyai<\/h2>\t\t\t\t<\/div>\n\t\t\t\t<\/div>\n\t\t\t\t\t<\/div>\n\t\t<\/div>\n\t\t\t\t\t<\/div>\n\t\t<\/section>\n\t\t\t\t<section class=\"elementor-section elementor-top-section elementor-element elementor-element-1604545 elementor-section-full_width elementor-section-height-default elementor-section-height-default\" data-id=\"1604545\" data-element_type=\"section\">\n\t\t\t\t\t\t<div class=\"elementor-container elementor-column-gap-no\">\n\t\t\t\t\t<div class=\"elementor-column elementor-col-50 elementor-top-column elementor-element elementor-element-4a6b9473\" data-id=\"4a6b9473\" data-element_type=\"column\" data-settings=\"{&quot;background_background&quot;:&quot;classic&quot;}\">\n\t\t\t<div class=\"elementor-widget-wrap elementor-element-populated\">\n\t\t\t\t\t\t<div class=\"elementor-element elementor-element-e4f350a elementor-widget elementor-widget-image\" data-id=\"e4f350a\" data-element_type=\"widget\" data-widget_type=\"image.default\">\n\t\t\t\t<div class=\"elementor-widget-container\">\n\t\t\t\t\t\t\t\t\t\t\t\t\t\t\t<img fetchpriority=\"high\" decoding=\"async\" width=\"800\" height=\"534\" src=\"https:\/\/bolyai200.temesvaros.ro\/wp-content\/uploads\/2023\/10\/Viorel-Ciurtin-6-.jpg\" class=\"attachment-large size-large wp-image-1997\" alt=\"viorel ciurtin 6\" srcset=\"https:\/\/bolyai200.temesvaros.ro\/wp-content\/uploads\/2023\/10\/Viorel-Ciurtin-6-.jpg 1024w, https:\/\/bolyai200.temesvaros.ro\/wp-content\/uploads\/2023\/10\/Viorel-Ciurtin-6--300x200.jpg 300w, https:\/\/bolyai200.temesvaros.ro\/wp-content\/uploads\/2023\/10\/Viorel-Ciurtin-6--768x512.jpg 768w\" sizes=\"(max-width: 800px) 100vw, 800px\" \/>\t\t\t\t\t\t\t\t\t\t\t\t\t\t\t<\/div>\n\t\t\t\t<\/div>\n\t\t\t\t<div class=\"elementor-element elementor-element-6b282c1 elementor-widget elementor-widget-image\" data-id=\"6b282c1\" data-element_type=\"widget\" data-widget_type=\"image.default\">\n\t\t\t\t<div class=\"elementor-widget-container\">\n\t\t\t\t\t\t\t\t\t\t\t\t\t\t\t<img decoding=\"async\" width=\"800\" height=\"798\" src=\"https:\/\/bolyai200.temesvaros.ro\/wp-content\/uploads\/2023\/10\/Robert-Ciurtin.jpg\" class=\"attachment-large size-large wp-image-1979\" alt=\"robert ciurtin\" srcset=\"https:\/\/bolyai200.temesvaros.ro\/wp-content\/uploads\/2023\/10\/Robert-Ciurtin.jpg 960w, https:\/\/bolyai200.temesvaros.ro\/wp-content\/uploads\/2023\/10\/Robert-Ciurtin-300x300.jpg 300w, https:\/\/bolyai200.temesvaros.ro\/wp-content\/uploads\/2023\/10\/Robert-Ciurtin-150x150.jpg 150w, https:\/\/bolyai200.temesvaros.ro\/wp-content\/uploads\/2023\/10\/Robert-Ciurtin-768x766.jpg 768w\" sizes=\"(max-width: 800px) 100vw, 800px\" \/>\t\t\t\t\t\t\t\t\t\t\t\t\t\t\t<\/div>\n\t\t\t\t<\/div>\n\t\t\t\t\t<\/div>\n\t\t<\/div>\n\t\t\t\t<div class=\"elementor-column elementor-col-50 elementor-top-column elementor-element elementor-element-56bc6187\" data-id=\"56bc6187\" data-element_type=\"column\">\n\t\t\t<div class=\"elementor-widget-wrap elementor-element-populated\">\n\t\t\t\t\t\t<section class=\"elementor-section elementor-inner-section elementor-element elementor-element-4a742f27 elementor-section-full_width elementor-section-content-middle elementor-section-height-default elementor-section-height-default\" data-id=\"4a742f27\" data-element_type=\"section\" data-settings=\"{&quot;background_background&quot;:&quot;classic&quot;}\">\n\t\t\t\t\t\t<div class=\"elementor-container elementor-column-gap-no\">\n\t\t\t\t\t<div class=\"elementor-column elementor-col-100 elementor-inner-column elementor-element elementor-element-3409769d\" data-id=\"3409769d\" data-element_type=\"column\" data-settings=\"{&quot;background_background&quot;:&quot;classic&quot;}\">\n\t\t\t<div class=\"elementor-widget-wrap elementor-element-populated\">\n\t\t\t\t\t\t<div class=\"elementor-element elementor-element-a86589c elementor-widget__width-initial elementor-widget elementor-widget-text-editor\" data-id=\"a86589c\" data-element_type=\"widget\" data-widget_type=\"text-editor.default\">\n\t\t\t\t<div class=\"elementor-widget-container\">\n\t\t\t\t\t\t\t\t\t<p><u><span>Despre lucr\u0103ri<\/span><\/u><\/p><p>1. J. S. Bach \u2013 Concertul BWV 593. Bach a realizat mai multe transcrip\u021bii ale concertelor pentru vioara ale lui Antonio Vivaldi. Le-a adaptat pentru clavecin solo si pentru orga solo. Este o transcrip\u021bie din Concertul pentru doua viori in La minor RV 522 a lui Vivaldi pentru orga. Lucrarea are 3 p\u00e2r\u021bi Allegro, Larghetto e Spiritoso, Allegro.<\/p><p>2. G. F. Haendel Suite in G major-Aria. Suita este o lucrare muzical\u0103 instrumental\u0103 alc\u0103tuit\u0103 din mai multe p\u0103r\u021bi scrise \u00een aceea\u0219i tonalitate, dar contrastante prin caracter \u0219i prin mi\u0219care. Practic, este o compozi\u021bie muzical\u0103, const\u00e2nd dintr-o serie de piese instrumentale, unite \u00eentr-o oper\u0103 de propor\u021bii mai mari. Aceasta suita constituie un ciclu de dansuri:<\/p><ol><li>Allemande<\/li><li>Allegro<\/li><li>Courante<\/li><li>Aria: Presto<\/li><li>Menuetto<\/li><li>Gavotta<\/li><li>Gigue<br \/><br \/><\/li><\/ol><p>3. G. F. Haendel Largo. Face parte din Oratoriul Mesia, fiind una din cele mai cunoscute compozi\u021bii a lui H\u00e4ndel scris pentru cor si orchestra.<\/p><p>4. Franz Liszt Le rossignol &#8211; Aceast\u0103 scurt\u0103 fantezie a fost compus\u0103 de Franz Liszt \u00een 1842 dup\u0103 o melodie eponim\u0103 de Alecsandr Alabyev scris\u0103 \u00een 1825. Dac\u0103 introducerea anun\u021b\u0103 \u00eentr-un anumit fel limbajul impresionist de la sf\u00e2r\u0219itul secolului al XIX-lea, continuarea prefigureaz\u0103 structura rapsodiilor maghiare: o parte lent\u0103, urmat\u0103 de o parte rapid\u0103.<\/p><p>5. Franz Liszt \u2013 Die Loreley. Loreley, o descendent\u0103 a sirenelor lui Homer st\u0103 pe un promontoriu st\u00e2ncos de pe r\u00e2ul Rin \u0219i ademene\u0219te marinarii cu c\u00e2ntecul ei frumos. Capodopera poetic\u0103 a lui Heinrich Heine despre puterea fatal\u0103 a mitului l-a \u00eenc\u00e2ntat at\u00e2t de mult pe Liszt \u00eenc\u00e2t a revenit la primele sale g\u00e2nduri de multe ori de-a lungul anilor, cu ajust\u0103ri minore \u0219i reprelucr\u0103ri majore, public\u00e2nd alte trei versiuni pentru voce \u0219i pian, ultima dintre acestea fiind, de asemenea, cu acompaniament orchestral. Loreley este descris\u0103 pe linii melodice care t\u00e2njesc \u00een sus, ca \u0219i cum ar privi v\u00e2rful st\u00e2ncii, urmate de ape pianistice care spumeaz\u0103 \u0219i spumeaz\u0103 pe m\u0103sur\u0103 ce urmeaz\u0103 catastrofa. Liszt, marele pianist, \u00ee\u0219i seduce ascult\u0103torii cu \u201ec\u00e2ntarea\u201d instrumental\u0103.<\/p><p>6. Brahms \u2013 Dans Ungar nr.5. Dansurile maghiare de Johannes Brahms, sunt un set de 21 de melodii de dans pline de via\u021b\u0103, bazate \u00een principal pe teme maghiare, finalizate \u00een 1879. Cu o durat\u0103 de aproximativ un minut p\u00e2n\u0103 la cinci minute, dansurile se num\u0103r\u0103 printre cele mai populare lucr\u0103ri ale lui Brahms \u0219i au fost cele mai profitabile pentru el. Fiecare dans a fost aranjat pentru o mare varietate de instrumente \u0219i ansambluri. Brahms a scris ini\u021bial versiunea pentru pian la patru m\u00e2ini \u0219i mai t\u00e2rziu a aranjat primele zece dansuri pentru pian solo.<br \/>Cele mai cunoscute Dansuri maghiare includ numerele 1 \u0219i 5, cel din urm\u0103 fiind bazat pe cs\u00e1rd\u00e1s &#8220;B\u00e1rtfai eml\u00e9k&#8221; (Amintiri din B\u00e1rtfa) al compozitorului maghiar B\u00e9la K\u00e9ler, pe care Brahms a crezut \u00een mod gre\u0219it c\u0103 este un c\u00e2ntec popular tradi\u021bional. O not\u0103 de subsol de pe edi\u021bia Ludwig-Masters a unei orchestra\u021bii moderne a Dansului maghiar nr. 1 afirm\u0103 &#8220;Se crede c\u0103 materialul pentru acest dans provine din Divinul Cs\u00e1rd\u00e1s (cca. 1850) al compozitorului \u0219i dirijorului maghiar Miska Borz\u00f3&#8221;.<\/p><p>7. G. F. Haendel \u2013 Simfonia from the oratorio Soloman \u2013 Arrival of the Queen of Sheba. Al treilea act (\u00cent\u00e2lnire cu Regina \u0218ebei ) Subiectul Actului III este vizita f\u0103cut\u0103 la Solomon de Regina \u0218ebei. Solomon \u0219i oamenii s\u0103i o distrag prin reprezentarea unei m\u0103\u0219ti muzicale cu coruri grandioase care evoc\u0103 pe r\u00e2nd limbajul muzicii, c\u0103utarea gloriei militare, disperarea iubitului respins \u0219i furtuna care se sf\u00e2r\u0219e\u0219te. To\u021bi s\u0103rb\u0103toresc Israelul condus de regele \u00een\u021belept, Solomon, personific\u00e2nd o epoc\u0103 de aur de pace, fericire \u0219i prosperitate.<br \/><br \/><\/p><p><u><span>Informa\u021bii biografice<\/span><\/u><\/p><p><span>Organistul <strong><em>Viorel Ciurtin<\/em><\/strong> s-a n\u0103scut \u00een anul 1982 la Timi\u0219oara. A studiat pianul \u0219i orga la Colegiul Na\u021bional de Muzic\u0103 \u201eIon Vidu\u201d din capitala Banatului. A urmat cursurile Facult\u0103\u021bii de Muzic\u0103 a Universit\u0103\u021bii de Vest din Timi\u0219oara, sus\u021bin\u00e2nd licen\u021ba \u00een muzic\u0103 \u0219i interpretare instrumental\u0103, cu specializarea orga. \u00cen anul 2009 \u0219i-a finalizat activitatea de masterat.<\/span><\/p><p><span>Concomitent continu\u0103 \u00een anul 2008 studiile la Szeged \u00een Ungaria la clasa Prof. L\u00e1szl\u00f3 Csan\u00e1di. \u00cen cursul anului 2010 s-a perfec\u021bionat \u00een arta organistic\u0103 \u00een Italia la Conservatorul Na\u021bional din Cuneo, la clasa Prof. Massimo Nosetti. A urmat de asemenea cursuri de m\u0103iestrie artistic\u0103 cu celebrul profesor Helmut Plattner la Bayreuth \u00een Germania.<\/span><\/p><p><span>\u00cen anul 2008 c\u00e2\u0219tig\u0103 Medalia de Bronz la Concursul Interna\u021bional de Org\u0103 de la Szeged (Ungaria), iar \u00een anul urm\u0103tor ob\u021bine Premiul Eduard Terenyi la Concursul de Org\u0103 din cadrul Festivalului Timorgelfest de la Timi\u0219oara.<\/span><\/p><p><span>Sus\u021bine concerte simfonice C. Saint- Sa\u00ebns: Simfonia a III \u2013a \u00een do minor, op. 78, Simfonia de org\u0103 \u2013 Filarmonica Banatul. Concertele sus\u021binute \u00een Austria, Ungaria, Polonia, Italia \u0219i Rom\u00e2nia (Bra\u0219ov, Arad, Oradea, Bucure\u0219ti, Cluj, Sibiu etc.) s-au bucurat de un remarcabil succes.<\/span><\/p><p><span>Este profesor la Colegiul de arte ,,Sabin Dr\u0103goi\u2019\u2019 din Arad de 11 ani, unde a \u00eenfiin\u021bat clasa de org\u0103. To\u021bi ace\u0219ti elevi au urmat cariera de organist. A \u00eenfiin\u021bat orchestra ,,Universul Muzicii\u2019\u2019. De asemea a deschis un magazin de instrumente muzicale cu denumirea Universul Muzicii \u00een Timi\u0219oara cu cele mai bune instrumente \u0219i cele mai bune m\u0103rci recunoscute din Europa. Este organist titular la Biserica Reformat\u0103 Noul Mileniul din Timi\u0219oara, promov\u00e2nd concerte \u0219i evenimente muzicale.<\/span><\/p><p><strong><em><span>Ciurtin Robert<\/span><\/em><\/strong><span> sa n\u0103scut in anul 2010. A \u00eenceput pianul la 3 ani cu tat\u0103l sau. Mai t\u00e2rziu a \u00eenceput \u0219coala la liceul de muzica Ion Vidu instrument pian sub \u00eendrumarea profesoarei Icleanu Anda Dr\u0103gan. A ob\u021binut marele premiu la concursul interna\u021bional de interpretare si crea\u021bie artistica Young Artist in anul 2023, Premiul I la Olimpiada Na\u021bionala De Interpretare Instrumentala Etapa zonala in anul 2023. La v\u00e2rsta de 9 ani a \u00eenceput sa studieze si saxofonul f\u0103c\u00e2nd parte din orchestra Universul Muzicii si de asemenea in fanfara liceului de muzica Ion Vidu. Este organist la biserica reformata din Fratelia.<\/span><\/p><p><span>Ciurtin Robert va c\u00e2nt\u0103 la pian Franz Liszt: Die Loreley <\/span>\u0219i<span> Bart\u00f3k- Dans ungar la 4 m\u00e2ini (al\u0103turi de Ciurtin Viorel).<\/span><\/p>\t\t\t\t\t\t\t\t<\/div>\n\t\t\t\t<\/div>\n\t\t\t\t\t<\/div>\n\t\t<\/div>\n\t\t\t\t\t<\/div>\n\t\t<\/section>\n\t\t\t\t\t<\/div>\n\t\t<\/div>\n\t\t\t\t\t<\/div>\n\t\t<\/section>\n\t\t\t\t<section class=\"elementor-section elementor-top-section elementor-element elementor-element-197121a elementor-section-boxed elementor-section-height-default elementor-section-height-default\" data-id=\"197121a\" data-element_type=\"section\" data-settings=\"{&quot;background_background&quot;:&quot;classic&quot;}\">\n\t\t\t\t\t\t<div class=\"elementor-container elementor-column-gap-default\">\n\t\t\t\t\t<div class=\"elementor-column elementor-col-100 elementor-top-column elementor-element elementor-element-5fb3dc0\" data-id=\"5fb3dc0\" data-element_type=\"column\">\n\t\t\t<div class=\"elementor-widget-wrap elementor-element-populated\">\n\t\t\t\t\t\t<div class=\"elementor-element elementor-element-085bbfe elementor-widget elementor-widget-gallery\" data-id=\"085bbfe\" data-element_type=\"widget\" data-settings=\"{&quot;gallery_layout&quot;:&quot;justified&quot;,&quot;lazyload&quot;:&quot;yes&quot;,&quot;ideal_row_height&quot;:{&quot;unit&quot;:&quot;px&quot;,&quot;size&quot;:200,&quot;sizes&quot;:[]},&quot;ideal_row_height_tablet&quot;:{&quot;unit&quot;:&quot;px&quot;,&quot;size&quot;:150,&quot;sizes&quot;:[]},&quot;ideal_row_height_mobile&quot;:{&quot;unit&quot;:&quot;px&quot;,&quot;size&quot;:150,&quot;sizes&quot;:[]},&quot;gap&quot;:{&quot;unit&quot;:&quot;px&quot;,&quot;size&quot;:10,&quot;sizes&quot;:[]},&quot;gap_tablet&quot;:{&quot;unit&quot;:&quot;px&quot;,&quot;size&quot;:10,&quot;sizes&quot;:[]},&quot;gap_mobile&quot;:{&quot;unit&quot;:&quot;px&quot;,&quot;size&quot;:10,&quot;sizes&quot;:[]},&quot;link_to&quot;:&quot;file&quot;,&quot;overlay_background&quot;:&quot;yes&quot;,&quot;content_hover_animation&quot;:&quot;fade-in&quot;}\" data-widget_type=\"gallery.default\">\n\t\t\t\t<div class=\"elementor-widget-container\">\n\t\t\t\t\t\t\t<div class=\"elementor-gallery__container\">\n\t\t\t\t\t\t\t<a class=\"e-gallery-item elementor-gallery-item elementor-animated-content\" href=\"https:\/\/bolyai200.temesvaros.ro\/wp-content\/uploads\/2023\/10\/Uj-Ezredev-orgona.jpg\" data-elementor-open-lightbox=\"yes\" data-elementor-lightbox-slideshow=\"085bbfe\" data-elementor-lightbox-title=\"uj ezredev orgona\" data-elementor-lightbox-description=\"uj ezredev orgona\" data-e-action-hash=\"#elementor-action%3Aaction%3Dlightbox%26settings%3DeyJpZCI6MjAwMCwidXJsIjoiaHR0cHM6XC9cL2JvbHlhaTIwMC50ZW1lc3Zhcm9zLnJvXC93cC1jb250ZW50XC91cGxvYWRzXC8yMDIzXC8xMFwvVWotRXpyZWRldi1vcmdvbmEuanBnIiwic2xpZGVzaG93IjoiMDg1YmJmZSJ9\">\n\t\t\t\t\t<div class=\"e-gallery-image elementor-gallery-item__image\" data-thumbnail=\"https:\/\/bolyai200.temesvaros.ro\/wp-content\/uploads\/2023\/10\/Uj-Ezredev-orgona-300x169.jpg\" data-width=\"300\" data-height=\"169\" aria-label=\"uj ezredev orgona\" role=\"img\" ><\/div>\n\t\t\t\t\t\t\t\t\t\t\t<div class=\"elementor-gallery-item__overlay\"><\/div>\n\t\t\t\t\t\t\t\t\t\t\t\t\t\t<\/a>\n\t\t\t\t\t\t\t<a class=\"e-gallery-item elementor-gallery-item elementor-animated-content\" href=\"https:\/\/bolyai200.temesvaros.ro\/wp-content\/uploads\/2023\/10\/Viorel-Ciurtin-6-.jpg\" data-elementor-open-lightbox=\"yes\" data-elementor-lightbox-slideshow=\"085bbfe\" data-elementor-lightbox-title=\"viorel ciurtin 6\" data-elementor-lightbox-description=\"viorel ciurtin 6\" data-e-action-hash=\"#elementor-action%3Aaction%3Dlightbox%26settings%3DeyJpZCI6MTk5NywidXJsIjoiaHR0cHM6XC9cL2JvbHlhaTIwMC50ZW1lc3Zhcm9zLnJvXC93cC1jb250ZW50XC91cGxvYWRzXC8yMDIzXC8xMFwvVmlvcmVsLUNpdXJ0aW4tNi0uanBnIiwic2xpZGVzaG93IjoiMDg1YmJmZSJ9\">\n\t\t\t\t\t<div class=\"e-gallery-image elementor-gallery-item__image\" data-thumbnail=\"https:\/\/bolyai200.temesvaros.ro\/wp-content\/uploads\/2023\/10\/Viorel-Ciurtin-6--300x200.jpg\" data-width=\"300\" data-height=\"200\" aria-label=\"viorel ciurtin 6\" role=\"img\" ><\/div>\n\t\t\t\t\t\t\t\t\t\t\t<div class=\"elementor-gallery-item__overlay\"><\/div>\n\t\t\t\t\t\t\t\t\t\t\t\t\t\t<\/a>\n\t\t\t\t\t\t\t<a class=\"e-gallery-item elementor-gallery-item elementor-animated-content\" href=\"https:\/\/bolyai200.temesvaros.ro\/wp-content\/uploads\/2023\/10\/Robert-Ciurtin.jpg\" data-elementor-open-lightbox=\"yes\" data-elementor-lightbox-slideshow=\"085bbfe\" data-elementor-lightbox-title=\"robert ciurtin\" data-elementor-lightbox-description=\"robert ciurtin\" data-e-action-hash=\"#elementor-action%3Aaction%3Dlightbox%26settings%3DeyJpZCI6MTk3OSwidXJsIjoiaHR0cHM6XC9cL2JvbHlhaTIwMC50ZW1lc3Zhcm9zLnJvXC93cC1jb250ZW50XC91cGxvYWRzXC8yMDIzXC8xMFwvUm9iZXJ0LUNpdXJ0aW4uanBnIiwic2xpZGVzaG93IjoiMDg1YmJmZSJ9\">\n\t\t\t\t\t<div class=\"e-gallery-image elementor-gallery-item__image\" data-thumbnail=\"https:\/\/bolyai200.temesvaros.ro\/wp-content\/uploads\/2023\/10\/Robert-Ciurtin-300x300.jpg\" data-width=\"300\" data-height=\"300\" aria-label=\"robert ciurtin\" role=\"img\" ><\/div>\n\t\t\t\t\t\t\t\t\t\t\t<div class=\"elementor-gallery-item__overlay\"><\/div>\n\t\t\t\t\t\t\t\t\t\t\t\t\t\t<\/a>\n\t\t\t\t\t\t\t<a class=\"e-gallery-item elementor-gallery-item elementor-animated-content\" href=\"https:\/\/bolyai200.temesvaros.ro\/wp-content\/uploads\/2023\/10\/Viorel-Ciurtin-2-.jpg\" data-elementor-open-lightbox=\"yes\" data-elementor-lightbox-slideshow=\"085bbfe\" data-elementor-lightbox-title=\"viorel ciurtin 2\" data-elementor-lightbox-description=\"viorel ciurtin 2\" data-e-action-hash=\"#elementor-action%3Aaction%3Dlightbox%26settings%3DeyJpZCI6MTk4NSwidXJsIjoiaHR0cHM6XC9cL2JvbHlhaTIwMC50ZW1lc3Zhcm9zLnJvXC93cC1jb250ZW50XC91cGxvYWRzXC8yMDIzXC8xMFwvVmlvcmVsLUNpdXJ0aW4tMi0uanBnIiwic2xpZGVzaG93IjoiMDg1YmJmZSJ9\">\n\t\t\t\t\t<div class=\"e-gallery-image elementor-gallery-item__image\" data-thumbnail=\"https:\/\/bolyai200.temesvaros.ro\/wp-content\/uploads\/2023\/10\/Viorel-Ciurtin-2--300x225.jpg\" data-width=\"300\" data-height=\"225\" aria-label=\"viorel ciurtin 2\" role=\"img\" ><\/div>\n\t\t\t\t\t\t\t\t\t\t\t<div class=\"elementor-gallery-item__overlay\"><\/div>\n\t\t\t\t\t\t\t\t\t\t\t\t\t\t<\/a>\n\t\t\t\t\t\t\t<a class=\"e-gallery-item elementor-gallery-item elementor-animated-content\" href=\"https:\/\/bolyai200.temesvaros.ro\/wp-content\/uploads\/2023\/10\/Viorel-Ciurtin-1-.jpg\" data-elementor-open-lightbox=\"yes\" data-elementor-lightbox-slideshow=\"085bbfe\" data-elementor-lightbox-title=\"viorel ciurtin 1\" data-elementor-lightbox-description=\"viorel ciurtin 1\" data-e-action-hash=\"#elementor-action%3Aaction%3Dlightbox%26settings%3DeyJpZCI6MTk4MiwidXJsIjoiaHR0cHM6XC9cL2JvbHlhaTIwMC50ZW1lc3Zhcm9zLnJvXC93cC1jb250ZW50XC91cGxvYWRzXC8yMDIzXC8xMFwvVmlvcmVsLUNpdXJ0aW4tMS0uanBnIiwic2xpZGVzaG93IjoiMDg1YmJmZSJ9\">\n\t\t\t\t\t<div class=\"e-gallery-image elementor-gallery-item__image\" data-thumbnail=\"https:\/\/bolyai200.temesvaros.ro\/wp-content\/uploads\/2023\/10\/Viorel-Ciurtin-1--300x225.jpg\" data-width=\"300\" data-height=\"225\" aria-label=\"viorel ciurtin 1\" role=\"img\" ><\/div>\n\t\t\t\t\t\t\t\t\t\t\t<div class=\"elementor-gallery-item__overlay\"><\/div>\n\t\t\t\t\t\t\t\t\t\t\t\t\t\t<\/a>\n\t\t\t\t\t\t\t<a class=\"e-gallery-item elementor-gallery-item elementor-animated-content\" href=\"https:\/\/bolyai200.temesvaros.ro\/wp-content\/uploads\/2023\/10\/Viorel-Ciurtin-5-.jpg\" data-elementor-open-lightbox=\"yes\" data-elementor-lightbox-slideshow=\"085bbfe\" data-elementor-lightbox-title=\"viorel ciurtin 5\" data-elementor-lightbox-description=\"viorel ciurtin 5\" data-e-action-hash=\"#elementor-action%3Aaction%3Dlightbox%26settings%3DeyJpZCI6MTk5NCwidXJsIjoiaHR0cHM6XC9cL2JvbHlhaTIwMC50ZW1lc3Zhcm9zLnJvXC93cC1jb250ZW50XC91cGxvYWRzXC8yMDIzXC8xMFwvVmlvcmVsLUNpdXJ0aW4tNS0uanBnIiwic2xpZGVzaG93IjoiMDg1YmJmZSJ9\">\n\t\t\t\t\t<div class=\"e-gallery-image elementor-gallery-item__image\" data-thumbnail=\"https:\/\/bolyai200.temesvaros.ro\/wp-content\/uploads\/2023\/10\/Viorel-Ciurtin-5--200x300.jpg\" data-width=\"200\" data-height=\"300\" aria-label=\"viorel ciurtin 5\" role=\"img\" ><\/div>\n\t\t\t\t\t\t\t\t\t\t\t<div class=\"elementor-gallery-item__overlay\"><\/div>\n\t\t\t\t\t\t\t\t\t\t\t\t\t\t<\/a>\n\t\t\t\t\t\t\t<a class=\"e-gallery-item elementor-gallery-item elementor-animated-content\" href=\"https:\/\/bolyai200.temesvaros.ro\/wp-content\/uploads\/2023\/10\/Viorel-Ciurtin-3-.jpg\" data-elementor-open-lightbox=\"yes\" data-elementor-lightbox-slideshow=\"085bbfe\" data-elementor-lightbox-title=\"viorel ciurtin 3\" data-elementor-lightbox-description=\"viorel ciurtin 3\" data-e-action-hash=\"#elementor-action%3Aaction%3Dlightbox%26settings%3DeyJpZCI6MTk4OCwidXJsIjoiaHR0cHM6XC9cL2JvbHlhaTIwMC50ZW1lc3Zhcm9zLnJvXC93cC1jb250ZW50XC91cGxvYWRzXC8yMDIzXC8xMFwvVmlvcmVsLUNpdXJ0aW4tMy0uanBnIiwic2xpZGVzaG93IjoiMDg1YmJmZSJ9\">\n\t\t\t\t\t<div class=\"e-gallery-image elementor-gallery-item__image\" data-thumbnail=\"https:\/\/bolyai200.temesvaros.ro\/wp-content\/uploads\/2023\/10\/Viorel-Ciurtin-3--200x300.jpg\" data-width=\"200\" data-height=\"300\" aria-label=\"viorel ciurtin 3\" role=\"img\" ><\/div>\n\t\t\t\t\t\t\t\t\t\t\t<div class=\"elementor-gallery-item__overlay\"><\/div>\n\t\t\t\t\t\t\t\t\t\t\t\t\t\t<\/a>\n\t\t\t\t\t<\/div>\n\t\t\t\t\t<\/div>\n\t\t\t\t<\/div>\n\t\t\t\t\t<\/div>\n\t\t<\/div>\n\t\t\t\t\t<\/div>\n\t\t<\/section>\n\t\t\t\t<section class=\"elementor-section elementor-top-section elementor-element elementor-element-d35141a elementor-section-boxed elementor-section-height-default elementor-section-height-default\" data-id=\"d35141a\" data-element_type=\"section\">\n\t\t\t\t\t\t<div class=\"elementor-container elementor-column-gap-default\">\n\t\t\t\t\t<div class=\"elementor-column elementor-col-100 elementor-top-column elementor-element elementor-element-f61a840\" data-id=\"f61a840\" data-element_type=\"column\">\n\t\t\t<div class=\"elementor-widget-wrap elementor-element-populated\">\n\t\t\t\t\t\t<div class=\"elementor-element elementor-element-62e6690 elementor-widget-divider--view-line elementor-widget elementor-widget-divider\" data-id=\"62e6690\" data-element_type=\"widget\" data-widget_type=\"divider.default\">\n\t\t\t\t<div class=\"elementor-widget-container\">\n\t\t\t\t\t\t\t<div class=\"elementor-divider\">\n\t\t\t<span class=\"elementor-divider-separator\">\n\t\t\t\t\t\t<\/span>\n\t\t<\/div>\n\t\t\t\t\t\t<\/div>\n\t\t\t\t<\/div>\n\t\t\t\t\t<\/div>\n\t\t<\/div>\n\t\t\t\t\t<\/div>\n\t\t<\/section>\n\t\t\t\t<\/div>\n\t\t","protected":false},"excerpt":{"rendered":"<p>Concert de org\u0103 din operele contemporane celor doi Bolyai Despre lucr\u0103ri 1. J. S. Bach \u2013 Concertul BWV 593. Bach a realizat mai multe transcrip\u021bii ale concertelor pentru vioara ale lui Antonio Vivaldi. Le-a adaptat pentru clavecin solo si pentru orga solo. Este o transcrip\u021bie din Concertul pentru doua viori in La minor RV 522 [&hellip;]<\/p>\n","protected":false},"author":2,"featured_media":1999,"parent":0,"menu_order":26,"comment_status":"closed","ping_status":"closed","template":"","meta":{"_seopress_robots_primary_cat":"","_seopress_titles_title":"","_seopress_titles_desc":"","_seopress_robots_index":"","ngg_post_thumbnail":0,"footnotes":""},"_links":{"self":[{"href":"https:\/\/bolyai200.temesvaros.ro\/ro\/wp-json\/wp\/v2\/pages\/2026"}],"collection":[{"href":"https:\/\/bolyai200.temesvaros.ro\/ro\/wp-json\/wp\/v2\/pages"}],"about":[{"href":"https:\/\/bolyai200.temesvaros.ro\/ro\/wp-json\/wp\/v2\/types\/page"}],"author":[{"embeddable":true,"href":"https:\/\/bolyai200.temesvaros.ro\/ro\/wp-json\/wp\/v2\/users\/2"}],"replies":[{"embeddable":true,"href":"https:\/\/bolyai200.temesvaros.ro\/ro\/wp-json\/wp\/v2\/comments?post=2026"}],"version-history":[{"count":17,"href":"https:\/\/bolyai200.temesvaros.ro\/ro\/wp-json\/wp\/v2\/pages\/2026\/revisions"}],"predecessor-version":[{"id":2045,"href":"https:\/\/bolyai200.temesvaros.ro\/ro\/wp-json\/wp\/v2\/pages\/2026\/revisions\/2045"}],"wp:featuredmedia":[{"embeddable":true,"href":"https:\/\/bolyai200.temesvaros.ro\/ro\/wp-json\/wp\/v2\/media\/1999"}],"wp:attachment":[{"href":"https:\/\/bolyai200.temesvaros.ro\/ro\/wp-json\/wp\/v2\/media?parent=2026"}],"curies":[{"name":"wp","href":"https:\/\/api.w.org\/{rel}","templated":true}]}}