{"id":2158,"date":"2023-09-09T19:24:54","date_gmt":"2023-09-09T19:24:54","guid":{"rendered":"https:\/\/bolyai200.temesvaros.ro\/renate-quehenberger\/"},"modified":"2023-10-24T11:00:19","modified_gmt":"2023-10-24T11:00:19","slug":"renate-quehenberger","status":"publish","type":"page","link":"https:\/\/bolyai200.temesvaros.ro\/ro\/renate-quehenberger\/","title":{"rendered":"Dr. Renate C.-Z.-Quehenberger"},"content":{"rendered":"\t\t<div data-elementor-type=\"wp-page\" data-elementor-id=\"2158\" class=\"elementor elementor-2158 elementor-689\" data-elementor-post-type=\"page\">\n\t\t\t\t\t\t<section class=\"elementor-section elementor-top-section elementor-element elementor-element-0616d4e elementor-section-boxed elementor-section-height-default elementor-section-height-default\" data-id=\"0616d4e\" data-element_type=\"section\" data-settings=\"{&quot;background_background&quot;:&quot;classic&quot;}\">\n\t\t\t\t\t\t<div class=\"elementor-container elementor-column-gap-default\">\n\t\t\t\t\t<div class=\"elementor-column elementor-col-100 elementor-top-column elementor-element elementor-element-dc85415\" data-id=\"dc85415\" data-element_type=\"column\">\n\t\t\t<div class=\"elementor-widget-wrap elementor-element-populated\">\n\t\t\t\t\t\t<div class=\"elementor-element elementor-element-bc51e78 elementor-widget elementor-widget-heading\" data-id=\"bc51e78\" data-element_type=\"widget\" data-widget_type=\"heading.default\">\n\t\t\t\t<div class=\"elementor-widget-container\">\n\t\t\t\t\t<h2 class=\"elementor-heading-title elementor-size-default\">Dr. Renate C.-Z.-Quehenberger<\/h2>\t\t\t\t<\/div>\n\t\t\t\t<\/div>\n\t\t\t\t\t<\/div>\n\t\t<\/div>\n\t\t\t\t\t<\/div>\n\t\t<\/section>\n\t\t\t\t<section class=\"elementor-section elementor-top-section elementor-element elementor-element-371d4ce elementor-section-boxed elementor-section-height-default elementor-section-height-default\" data-id=\"371d4ce\" data-element_type=\"section\">\n\t\t\t\t\t\t<div class=\"elementor-container elementor-column-gap-default\">\n\t\t\t\t\t<div class=\"elementor-column elementor-col-25 elementor-top-column elementor-element elementor-element-4dd430a\" data-id=\"4dd430a\" data-element_type=\"column\">\n\t\t\t<div class=\"elementor-widget-wrap\">\n\t\t\t\t\t\t\t<\/div>\n\t\t<\/div>\n\t\t\t\t<div class=\"elementor-column elementor-col-50 elementor-top-column elementor-element elementor-element-cda05b6\" data-id=\"cda05b6\" data-element_type=\"column\">\n\t\t\t<div class=\"elementor-widget-wrap elementor-element-populated\">\n\t\t\t\t\t\t<div class=\"elementor-element elementor-element-7576cb8 elementor-widget elementor-widget-video\" data-id=\"7576cb8\" data-element_type=\"widget\" data-settings=\"{&quot;video_type&quot;:&quot;vimeo&quot;,&quot;autoplay&quot;:&quot;yes&quot;,&quot;play_on_mobile&quot;:&quot;yes&quot;}\" data-widget_type=\"video.default\">\n\t\t\t\t<div class=\"elementor-widget-container\">\n\t\t\t\t\t\t\t<div class=\"elementor-wrapper elementor-open-inline\">\n\t\t\t<iframe class=\"elementor-video-iframe\" allowfullscreen allow=\"autoplay\" title=\"Player video vimeo\" src=\"https:\/\/player.vimeo.com\/video\/102773669?autoplay=1&amp;playsinline=1&amp;color&amp;autopause=0&amp;loop=0&amp;muted=0&amp;title=1&amp;portrait=1&amp;byline=1#t=\"><\/iframe>\t\t<\/div>\n\t\t\t\t\t\t<\/div>\n\t\t\t\t<\/div>\n\t\t\t\t\t<\/div>\n\t\t<\/div>\n\t\t\t\t<div class=\"elementor-column elementor-col-25 elementor-top-column elementor-element elementor-element-3d87acb\" data-id=\"3d87acb\" data-element_type=\"column\">\n\t\t\t<div class=\"elementor-widget-wrap\">\n\t\t\t\t\t\t\t<\/div>\n\t\t<\/div>\n\t\t\t\t\t<\/div>\n\t\t<\/section>\n\t\t\t\t<section class=\"elementor-section elementor-top-section elementor-element elementor-element-1604545 elementor-section-full_width elementor-section-content-middle elementor-section-height-default elementor-section-height-default\" data-id=\"1604545\" data-element_type=\"section\">\n\t\t\t\t\t\t<div class=\"elementor-container elementor-column-gap-no\">\n\t\t\t\t\t<div class=\"elementor-column elementor-col-50 elementor-top-column elementor-element elementor-element-4a6b9473\" data-id=\"4a6b9473\" data-element_type=\"column\" data-settings=\"{&quot;background_background&quot;:&quot;classic&quot;}\">\n\t\t\t<div class=\"elementor-widget-wrap elementor-element-populated\">\n\t\t\t\t\t\t<div class=\"elementor-element elementor-element-e4f350a elementor-widget elementor-widget-image\" data-id=\"e4f350a\" data-element_type=\"widget\" data-widget_type=\"image.default\">\n\t\t\t\t<div class=\"elementor-widget-container\">\n\t\t\t\t\t\t\t\t\t\t\t\t\t\t\t<img fetchpriority=\"high\" decoding=\"async\" width=\"429\" height=\"443\" src=\"https:\/\/bolyai200.temesvaros.ro\/wp-content\/uploads\/2023\/09\/Renate.jpg\" class=\"attachment-large size-large wp-image-695\" alt=\"renate\" srcset=\"https:\/\/bolyai200.temesvaros.ro\/wp-content\/uploads\/2023\/09\/Renate.jpg 429w, https:\/\/bolyai200.temesvaros.ro\/wp-content\/uploads\/2023\/09\/Renate-291x300.jpg 291w\" sizes=\"(max-width: 429px) 100vw, 429px\" \/>\t\t\t\t\t\t\t\t\t\t\t\t\t\t\t<\/div>\n\t\t\t\t<\/div>\n\t\t\t\t<div class=\"elementor-element elementor-element-2dc4dee7 elementor-widget elementor-widget-spacer\" data-id=\"2dc4dee7\" data-element_type=\"widget\" data-widget_type=\"spacer.default\">\n\t\t\t\t<div class=\"elementor-widget-container\">\n\t\t\t\t\t\t\t<div class=\"elementor-spacer\">\n\t\t\t<div class=\"elementor-spacer-inner\"><\/div>\n\t\t<\/div>\n\t\t\t\t\t\t<\/div>\n\t\t\t\t<\/div>\n\t\t\t\t\t<\/div>\n\t\t<\/div>\n\t\t\t\t<div class=\"elementor-column elementor-col-50 elementor-top-column elementor-element elementor-element-56bc6187\" data-id=\"56bc6187\" data-element_type=\"column\">\n\t\t\t<div class=\"elementor-widget-wrap elementor-element-populated\">\n\t\t\t\t\t\t<section class=\"elementor-section elementor-inner-section elementor-element elementor-element-47fe9e65 elementor-section-full_width elementor-section-height-default elementor-section-height-default\" data-id=\"47fe9e65\" data-element_type=\"section\">\n\t\t\t\t\t\t<div class=\"elementor-container elementor-column-gap-no\">\n\t\t\t\t\t<div class=\"elementor-column elementor-col-100 elementor-inner-column elementor-element elementor-element-6d7b0d20\" data-id=\"6d7b0d20\" data-element_type=\"column\">\n\t\t\t<div class=\"elementor-widget-wrap\">\n\t\t\t\t\t\t\t<\/div>\n\t\t<\/div>\n\t\t\t\t\t<\/div>\n\t\t<\/section>\n\t\t\t\t<section class=\"elementor-section elementor-inner-section elementor-element elementor-element-4a742f27 elementor-section-full_width elementor-section-content-middle elementor-section-height-default elementor-section-height-default\" data-id=\"4a742f27\" data-element_type=\"section\">\n\t\t\t\t\t\t<div class=\"elementor-container elementor-column-gap-no\">\n\t\t\t\t\t<div class=\"elementor-column elementor-col-100 elementor-inner-column elementor-element elementor-element-3409769d\" data-id=\"3409769d\" data-element_type=\"column\" data-settings=\"{&quot;background_background&quot;:&quot;classic&quot;}\">\n\t\t\t<div class=\"elementor-widget-wrap elementor-element-populated\">\n\t\t\t\t\t\t<div class=\"elementor-element elementor-element-a86589c elementor-widget elementor-widget-text-editor\" data-id=\"a86589c\" data-element_type=\"widget\" data-widget_type=\"text-editor.default\">\n\t\t\t\t<div class=\"elementor-widget-container\">\n\t\t\t\t\t\t\t\t\t<p><strong>Prezentare, expozi\u021bie \u0219i workshop<br \/><\/strong><em>(\u00een limba englez\u0103)<\/em><\/p><p><\/p><p><strong>Prezentare<\/strong>: \u201cCum se concepe o geometrie hipereuclidian\u0103 din postulatul 5 al lui Euclid\u201d<\/p><p><strong>Expozi\u021bie<\/strong> \u00een onoarea lui J\u00e1nos Bolyai: \u201cDin pl\u0103cile Penrose am construit Universul Poincar\u00e9\u201d<\/p><p><strong>Atelier de origami<\/strong>: Cum s\u0103 rezolvi ghicitoarea \u201cal 5-lea element\u201d al lui Platon cu reprezentarea 3D a pl\u0103cii Penrose Kites &amp; Darts, numit epitaedru (E\u00b1) prin \u00eenvelirea celulei unitare a spa\u021biului 5-dimensional.<br \/><br \/><\/p><p><strong>Despre speaker<\/strong><\/p><p>MA, Dr. Renate C.-Z.-Quehenberger este filozof, geometrician \u0219i cercet\u0103tor de art\u0103, afiliat la \u201cInstitute for a Global Sustainable information Society\u201d (<a href=\"https:\/\/gsis.at\/researchers\/\" target=\"_blank\" rel=\"noopener\">https:\/\/gsis.at\/researchers\/<\/a>) cu sediul \u00een Viena.<\/p><p>\u00cen teza ei \u201eOn the Hermeneutics of the Penrose Patterns \u2014 Art Research on the Phenomenology of higher dimensional Spaces\u201d ea a descris contribu\u021bia ei la matematic\u0103, descoperirea reprezent\u0103rii 3D al plac\u0103rii zmeilor \u0219i s\u0103ge\u021bilor Penrose (Epitahedron, E\u00b1), unitatea celul\u0103 al spa\u021biului 5-dimensional \u0219i relevan\u021ba acesteia pentru sfera de omologie a lui Henri Poincar\u00e9.<\/p><p>Aplicarea sa \u00een geometria cuantic\u0103, precum \u0219i implica\u021biile filozofice \u00een ceea ce prive\u0219te Universul Poincar\u00e9 \u0219i conjectura lui Poincar\u00e9 sunt subiecte ale diverselor publica\u021bii din domeniile geometriei, arheologiei, fizicii cuantice \u0219i teoriei sistemelor.<\/p><p>Vizualiz\u0103rile ei ale spa\u021biilor de dimensiuni superioare includ filme cu geometrie animat\u0103 3D, instala\u021bii \u0219i obiecte expuse \u00een spa\u021bii de art\u0103 \u0219i muzee.<\/p><p>_____________________________________<br \/>MA PhD. Renate C.-Z.-Quehenberger<\/p><p>email: <span><a href=\"mailto:reniquehenberg@yahoo.com\">reniquehenberg@yahoo.com<\/a><\/span><\/p><p><span><a href=\"https:\/\/gsis.at\/researchers\/\" target=\"_blank\" rel=\"noopener\">https:\/\/gsis.at\/researchers\/<\/a><\/span><\/p><p><span><a href=\"http:\/\/quantumcinema.uni-ak.ac.at\" target=\"_blank\" rel=\"noopener\">http:\/\/quantumcinema.uni-ak.ac.at<\/a><\/span><\/p><p><span><a href=\"http:\/\/imaginary.org\/users\/renate-quehenberger\" target=\"_blank\" rel=\"noopener\">http:\/\/imaginary.org\/users\/renate-quehenberger<\/a><\/span><\/p><p><span><a href=\"http:\/\/vimeo.com\/quehenberger\" target=\"_blank\" rel=\"noopener\">http:\/\/vimeo.com\/quehenberger<\/a><\/span><\/p><p><span><a href=\"https:\/\/dieangewandte.academia.edu\/RenateQuehenberger\" target=\"_blank\" rel=\"noopener\">https:\/\/dieangewandte.academia.edu\/RenateQuehenberger<\/a><\/span><\/p>\t\t\t\t\t\t\t\t<\/div>\n\t\t\t\t<\/div>\n\t\t\t\t\t<\/div>\n\t\t<\/div>\n\t\t\t\t\t<\/div>\n\t\t<\/section>\n\t\t\t\t\t<\/div>\n\t\t<\/div>\n\t\t\t\t\t<\/div>\n\t\t<\/section>\n\t\t\t\t<\/div>\n\t\t","protected":false},"excerpt":{"rendered":"<p>Dr. Renate C.-Z.-Quehenberger Prezentare, expozi\u021bie \u0219i workshop(\u00een limba englez\u0103) Prezentare: \u201cCum se concepe o geometrie hipereuclidian\u0103 din postulatul 5 al lui Euclid\u201d Expozi\u021bie \u00een onoarea lui J\u00e1nos Bolyai: \u201cDin pl\u0103cile Penrose am construit Universul Poincar\u00e9\u201d Atelier de origami: Cum s\u0103 rezolvi ghicitoarea \u201cal 5-lea element\u201d al lui Platon cu reprezentarea 3D a pl\u0103cii Penrose Kites [&hellip;]<\/p>\n","protected":false},"author":2,"featured_media":697,"parent":0,"menu_order":7,"comment_status":"closed","ping_status":"closed","template":"","meta":{"_seopress_robots_primary_cat":"","_seopress_titles_title":"","_seopress_titles_desc":"","_seopress_robots_index":"","ngg_post_thumbnail":0,"footnotes":""},"_links":{"self":[{"href":"https:\/\/bolyai200.temesvaros.ro\/ro\/wp-json\/wp\/v2\/pages\/2158"}],"collection":[{"href":"https:\/\/bolyai200.temesvaros.ro\/ro\/wp-json\/wp\/v2\/pages"}],"about":[{"href":"https:\/\/bolyai200.temesvaros.ro\/ro\/wp-json\/wp\/v2\/types\/page"}],"author":[{"embeddable":true,"href":"https:\/\/bolyai200.temesvaros.ro\/ro\/wp-json\/wp\/v2\/users\/2"}],"replies":[{"embeddable":true,"href":"https:\/\/bolyai200.temesvaros.ro\/ro\/wp-json\/wp\/v2\/comments?post=2158"}],"version-history":[{"count":4,"href":"https:\/\/bolyai200.temesvaros.ro\/ro\/wp-json\/wp\/v2\/pages\/2158\/revisions"}],"predecessor-version":[{"id":2162,"href":"https:\/\/bolyai200.temesvaros.ro\/ro\/wp-json\/wp\/v2\/pages\/2158\/revisions\/2162"}],"wp:featuredmedia":[{"embeddable":true,"href":"https:\/\/bolyai200.temesvaros.ro\/ro\/wp-json\/wp\/v2\/media\/697"}],"wp:attachment":[{"href":"https:\/\/bolyai200.temesvaros.ro\/ro\/wp-json\/wp\/v2\/media?parent=2158"}],"curies":[{"name":"wp","href":"https:\/\/api.w.org\/{rel}","templated":true}]}}