{"id":2386,"date":"2023-10-26T12:35:47","date_gmt":"2023-10-26T12:35:47","guid":{"rendered":"https:\/\/bolyai200.temesvaros.ro\/dr-szekely-gabriel\/"},"modified":"2023-10-26T13:03:29","modified_gmt":"2023-10-26T13:03:29","slug":"dr-szekely-gabriel","status":"publish","type":"page","link":"https:\/\/bolyai200.temesvaros.ro\/ro\/dr-szekely-gabriel\/","title":{"rendered":"Dr. Sz\u00e9kely Gabriel"},"content":{"rendered":"\t\t<div data-elementor-type=\"wp-page\" data-elementor-id=\"2386\" class=\"elementor elementor-2386 elementor-2371\" data-elementor-post-type=\"page\">\n\t\t\t\t\t\t<section class=\"elementor-section elementor-top-section elementor-element elementor-element-d711d2a elementor-section-boxed elementor-section-height-default elementor-section-height-default\" data-id=\"d711d2a\" data-element_type=\"section\" data-settings=\"{&quot;background_background&quot;:&quot;classic&quot;}\">\n\t\t\t\t\t\t<div class=\"elementor-container elementor-column-gap-default\">\n\t\t\t\t\t<div class=\"elementor-column elementor-col-100 elementor-top-column elementor-element elementor-element-98d0366\" data-id=\"98d0366\" data-element_type=\"column\">\n\t\t\t<div class=\"elementor-widget-wrap elementor-element-populated\">\n\t\t\t\t\t\t<div class=\"elementor-element elementor-element-496ab32 elementor-widget elementor-widget-heading\" data-id=\"496ab32\" data-element_type=\"widget\" data-widget_type=\"heading.default\">\n\t\t\t\t<div class=\"elementor-widget-container\">\n\t\t\t\t\t<h2 class=\"elementor-heading-title elementor-size-default\">Dr. Sz\u00e9kely Gabriel<\/h2>\t\t\t\t<\/div>\n\t\t\t\t<\/div>\n\t\t\t\t\t<\/div>\n\t\t<\/div>\n\t\t\t\t\t<\/div>\n\t\t<\/section>\n\t\t\t\t<section class=\"elementor-section elementor-top-section elementor-element elementor-element-1604545 elementor-section-full_width elementor-section-height-default elementor-section-height-default\" data-id=\"1604545\" data-element_type=\"section\">\n\t\t\t\t\t\t<div class=\"elementor-container elementor-column-gap-no\">\n\t\t\t\t\t<div class=\"elementor-column elementor-col-50 elementor-top-column elementor-element elementor-element-4a6b9473\" data-id=\"4a6b9473\" data-element_type=\"column\" data-settings=\"{&quot;background_background&quot;:&quot;classic&quot;}\">\n\t\t\t<div class=\"elementor-widget-wrap elementor-element-populated\">\n\t\t\t\t\t\t<div class=\"elementor-element elementor-element-e4f350a elementor-widget elementor-widget-image\" data-id=\"e4f350a\" data-element_type=\"widget\" data-widget_type=\"image.default\">\n\t\t\t\t<div class=\"elementor-widget-container\">\n\t\t\t\t\t\t\t\t\t\t\t\t\t\t\t<img fetchpriority=\"high\" decoding=\"async\" width=\"244\" height=\"311\" src=\"https:\/\/bolyai200.temesvaros.ro\/wp-content\/uploads\/2023\/10\/25-Szekely-Gabor.jpg\" class=\"attachment-large size-large wp-image-2373\" alt=\"25 szekely gabor\" srcset=\"https:\/\/bolyai200.temesvaros.ro\/wp-content\/uploads\/2023\/10\/25-Szekely-Gabor.jpg 244w, https:\/\/bolyai200.temesvaros.ro\/wp-content\/uploads\/2023\/10\/25-Szekely-Gabor-235x300.jpg 235w\" sizes=\"(max-width: 244px) 100vw, 244px\" \/>\t\t\t\t\t\t\t\t\t\t\t\t\t\t\t<\/div>\n\t\t\t\t<\/div>\n\t\t\t\t\t<\/div>\n\t\t<\/div>\n\t\t\t\t<div class=\"elementor-column elementor-col-50 elementor-top-column elementor-element elementor-element-56bc6187\" data-id=\"56bc6187\" data-element_type=\"column\">\n\t\t\t<div class=\"elementor-widget-wrap elementor-element-populated\">\n\t\t\t\t\t\t<section class=\"elementor-section elementor-inner-section elementor-element elementor-element-4a742f27 elementor-section-full_width elementor-section-content-middle elementor-section-height-default elementor-section-height-default\" data-id=\"4a742f27\" data-element_type=\"section\" data-settings=\"{&quot;background_background&quot;:&quot;classic&quot;}\">\n\t\t\t\t\t\t<div class=\"elementor-container elementor-column-gap-no\">\n\t\t\t\t\t<div class=\"elementor-column elementor-col-100 elementor-inner-column elementor-element elementor-element-3409769d\" data-id=\"3409769d\" data-element_type=\"column\" data-settings=\"{&quot;background_background&quot;:&quot;classic&quot;}\">\n\t\t\t<div class=\"elementor-widget-wrap elementor-element-populated\">\n\t\t\t\t\t\t<div class=\"elementor-element elementor-element-a86589c elementor-widget elementor-widget-text-editor\" data-id=\"a86589c\" data-element_type=\"widget\" data-widget_type=\"text-editor.default\">\n\t\t\t\t<div class=\"elementor-widget-container\">\n\t\t\t\t\t\t\t\t\t<p>Dr. Sz\u00e9kely Gabriel<span>, conferen\u021biar, Univ. De \u0218tiin\u021be ale Vie\u021bii Timi\u0219oara:<br \/><\/span><strong>Arhitec\u021bi \u0219i me\u0219teri constructori la Timi\u0219oara \u00een epoca lui Bolyai<\/strong><\/p><p><\/p><p><br \/>\u00cen secolul al XIX-lea Timi\u0219oara s-a transformat fa\u021b\u0103 de secolele anterioare. Fortifica\u021bia de mari dimensiuni s-a transformat \u00een timp\u00a0 \u00eentr-un ora\u0219 mic cu o societate burghez\u0103. Puterea Habsburgic\u0103 nu a mai adus \u00een ora\u0219 ingineri militari ca \u00een secolul precedent. Lucr\u0103rile de proiectare \u0219i construc\u021bii au fost preluate de me\u0219teri constructori bine preg\u0103ti\u021bi, printre care cel mai renumit a fost Anton Schmidt. \u00cen a doua jum\u0103tate a secolului, episcopia cheam\u0103 la Timi\u0219oara un arhitect t\u00e2n\u0103r. Acest arhitect este Eduard Reiter, care a devenit cel mai important proiectant la Timi\u0219oara \u00een secolul al XIX-lea.\u00a0<br \/><br \/><\/p><p>Mai mult:<\/p><p><span><a href=\"http:\/\/www.bjt2006.org\/Minipedia_Iudaica_Timisoreana_2915.pdf\" target=\"_blank\" rel=\"noopener\">bjt2006.org<\/a><\/span><\/p><p><\/p><p><span>\u00a0<\/span><\/p>\t\t\t\t\t\t\t\t<\/div>\n\t\t\t\t<\/div>\n\t\t\t\t\t<\/div>\n\t\t<\/div>\n\t\t\t\t\t<\/div>\n\t\t<\/section>\n\t\t\t\t\t<\/div>\n\t\t<\/div>\n\t\t\t\t\t<\/div>\n\t\t<\/section>\n\t\t\t\t<\/div>\n\t\t","protected":false},"excerpt":{"rendered":"<p>Dr. Sz\u00e9kely Gabriel Dr. Sz\u00e9kely Gabriel, conferen\u021biar, Univ. De \u0218tiin\u021be ale Vie\u021bii Timi\u0219oara:Arhitec\u021bi \u0219i me\u0219teri constructori la Timi\u0219oara \u00een epoca lui Bolyai \u00cen secolul al XIX-lea Timi\u0219oara s-a transformat fa\u021b\u0103 de secolele anterioare. Fortifica\u021bia de mari dimensiuni s-a transformat \u00een timp\u00a0 \u00eentr-un ora\u0219 mic cu o societate burghez\u0103. Puterea Habsburgic\u0103 nu a mai adus \u00een [&hellip;]<\/p>\n","protected":false},"author":2,"featured_media":2375,"parent":0,"menu_order":23,"comment_status":"closed","ping_status":"closed","template":"","meta":{"_seopress_robots_primary_cat":"","_seopress_titles_title":"","_seopress_titles_desc":"","_seopress_robots_index":"","ngg_post_thumbnail":0,"footnotes":""},"_links":{"self":[{"href":"https:\/\/bolyai200.temesvaros.ro\/ro\/wp-json\/wp\/v2\/pages\/2386"}],"collection":[{"href":"https:\/\/bolyai200.temesvaros.ro\/ro\/wp-json\/wp\/v2\/pages"}],"about":[{"href":"https:\/\/bolyai200.temesvaros.ro\/ro\/wp-json\/wp\/v2\/types\/page"}],"author":[{"embeddable":true,"href":"https:\/\/bolyai200.temesvaros.ro\/ro\/wp-json\/wp\/v2\/users\/2"}],"replies":[{"embeddable":true,"href":"https:\/\/bolyai200.temesvaros.ro\/ro\/wp-json\/wp\/v2\/comments?post=2386"}],"version-history":[{"count":5,"href":"https:\/\/bolyai200.temesvaros.ro\/ro\/wp-json\/wp\/v2\/pages\/2386\/revisions"}],"predecessor-version":[{"id":2393,"href":"https:\/\/bolyai200.temesvaros.ro\/ro\/wp-json\/wp\/v2\/pages\/2386\/revisions\/2393"}],"wp:featuredmedia":[{"embeddable":true,"href":"https:\/\/bolyai200.temesvaros.ro\/ro\/wp-json\/wp\/v2\/media\/2375"}],"wp:attachment":[{"href":"https:\/\/bolyai200.temesvaros.ro\/ro\/wp-json\/wp\/v2\/media?parent=2386"}],"curies":[{"name":"wp","href":"https:\/\/api.w.org\/{rel}","templated":true}]}}