{"id":3543,"date":"2023-11-06T17:01:22","date_gmt":"2023-11-06T17:01:22","guid":{"rendered":"https:\/\/bolyai200.temesvaros.ro\/galeria\/"},"modified":"2023-11-08T23:57:11","modified_gmt":"2023-11-08T23:57:11","slug":"galerie","status":"publish","type":"page","link":"https:\/\/bolyai200.temesvaros.ro\/ro\/galerie\/","title":{"rendered":"Galerie"},"content":{"rendered":"\t\t<div data-elementor-type=\"wp-page\" data-elementor-id=\"3543\" class=\"elementor elementor-3543 elementor-3269\" data-elementor-post-type=\"page\">\n\t\t\t\t\t\t<section class=\"elementor-section elementor-top-section elementor-element elementor-element-d711d2a elementor-section-boxed elementor-section-height-default elementor-section-height-default\" data-id=\"d711d2a\" data-element_type=\"section\" data-settings=\"{&quot;background_background&quot;:&quot;classic&quot;}\">\n\t\t\t\t\t\t<div class=\"elementor-container elementor-column-gap-default\">\n\t\t\t\t\t<div class=\"elementor-column elementor-col-100 elementor-top-column elementor-element elementor-element-98d0366\" data-id=\"98d0366\" data-element_type=\"column\">\n\t\t\t<div class=\"elementor-widget-wrap elementor-element-populated\">\n\t\t\t\t\t\t<div class=\"elementor-element elementor-element-496ab32 elementor-widget elementor-widget-heading\" data-id=\"496ab32\" data-element_type=\"widget\" data-widget_type=\"heading.default\">\n\t\t\t\t<div class=\"elementor-widget-container\">\n\t\t\t\t\t<h2 class=\"elementor-heading-title elementor-size-default\">Galerie foto<\/h2>\t\t\t\t<\/div>\n\t\t\t\t<\/div>\n\t\t\t\t\t<\/div>\n\t\t<\/div>\n\t\t\t\t\t<\/div>\n\t\t<\/section>\n\t\t\t\t<section class=\"elementor-section elementor-top-section elementor-element elementor-element-601d8a8 elementor-section-boxed elementor-section-height-default elementor-section-height-default\" data-id=\"601d8a8\" data-element_type=\"section\">\n\t\t\t\t\t\t<div class=\"elementor-container elementor-column-gap-default\">\n\t\t\t\t\t<div class=\"elementor-column elementor-col-100 elementor-top-column elementor-element elementor-element-26ef7ae\" data-id=\"26ef7ae\" data-element_type=\"column\">\n\t\t\t<div class=\"elementor-widget-wrap elementor-element-populated\">\n\t\t\t\t\t\t<div class=\"elementor-element elementor-element-d5a79bf elementor-widget elementor-widget-shortcode\" data-id=\"d5a79bf\" data-element_type=\"widget\" data-widget_type=\"shortcode.default\">\n\t\t\t\t<div class=\"elementor-widget-container\">\n\t\t\t\t\t\t\t<div class=\"elementor-shortcode\">\t<div class=\"ngg-albumoverview default-view\">\n\t\t\t\t\t<div class=\"ngg-album-compact\">\n\t\t\t\t<div class=\"ngg-album-compactbox\">\n\t\t\t\t\t<div class=\"ngg-album-link\">\n\t\t\t\t\t\t\t\t\t\t\t\t\t\t\t\t\t\t\t\t\t<a title='Bolyai200 atelier de crea\u021bie \u2013 Cum s\u0103 \u00eencepem?' href='https:\/\/bolyai200.temesvaros.ro\/ro\/galerie\/nggallery\/bolyai200-ro\/bolyai200-atelier-de-creatie-cum-sa-incepem-6'>\n\t\t\t\t\t\t\t\t\t<img class=\"Thumb\"\n\t\t\t\t\t\t\t\t\t\talt=\"Bolyai200 atelier de crea\u021bie \u2013 Cum s\u0103 \u00eencepem?\"\n\t\t\t\t\t\t\t\t\t\tsrc=\"https:\/\/bolyai200.temesvaros.ro\/wp-content\/gallery\/bolyai200-atelier-de-creatie-cum-sa-incepem-1\/cache\/Diakworkshop___005.jpg-nggid03363-ngg0dyn-240x160x100-00f0w010c011r110f110r010t010.jpg\"\/>\n\t\t\t\t\t\t\t\t<\/a>\n\t\t\t\t\t\t\t\t\t\t\t\t\t\t\t\t\t\t<\/div>\n\t\t\t\t<\/div>\n\t\t\t\t\t\t\t\t<h4>\n\t\t\t\t\t<a class='ngg-album-desc' \n\t\t\t\t\ttitle='Bolyai200 atelier de crea\u021bie \u2013 Cum s\u0103 \u00eencepem?' href='https:\/\/bolyai200.temesvaros.ro\/ro\/galerie\/nggallery\/bolyai200-ro\/bolyai200-atelier-de-creatie-cum-sa-incepem-6'style=\"max-width: 260px\"\t\t\t\t\t>\n\t\t\t\t\t\tBolyai200 atelier de crea\u021bie \u2013 Cum s\u0103 \u00eencepem?\t\t\t\t\t<\/a>\n\t\t\t\t<\/h4>\n\t\t\t\t<p class=\"ngg-album-gallery-image-counter\">\n\t\t\t\t\t\t\t\t\t\t\t<strong>24<\/strong>&nbsp;Photos\t\t\t\t\t\t\t\t\t<\/p>\n\t\t\t<\/div>\n\t\t\t\t\t<div class=\"ngg-album-compact\">\n\t\t\t\t<div class=\"ngg-album-compactbox\">\n\t\t\t\t\t<div class=\"ngg-album-link\">\n\t\t\t\t\t\t\t\t\t\t\t\t\t\t\t\t\t\t\t\t\t<a title='Bolyai \u0219i Timi\u0219oara \u2013 traseu cultural, depunere de coroane \u0219i spectacol de teatru' href='https:\/\/bolyai200.temesvaros.ro\/ro\/galerie\/nggallery\/bolyai200-ro\/bolyai-si-timisoara-traseu-cultural-depunere-de-coroane-si-spectacol-de-teatru'>\n\t\t\t\t\t\t\t\t\t<img class=\"Thumb\"\n\t\t\t\t\t\t\t\t\t\talt=\"Bolyai \u0219i Timi\u0219oara \u2013 traseu cultural, depunere de coroane \u0219i spectacol de teatru\"\n\t\t\t\t\t\t\t\t\t\tsrc=\"https:\/\/bolyai200.temesvaros.ro\/wp-content\/gallery\/bolyai-si-timisoara-traseu-cultural-depunere-de-coroane-si-spectacol-de-teatru\/cache\/Koszoruzas___041.jpg-nggid03411-ngg0dyn-240x160x100-00f0w010c011r110f110r010t010.jpg\"\/>\n\t\t\t\t\t\t\t\t<\/a>\n\t\t\t\t\t\t\t\t\t\t\t\t\t\t\t\t\t\t<\/div>\n\t\t\t\t<\/div>\n\t\t\t\t\t\t\t\t<h4>\n\t\t\t\t\t<a class='ngg-album-desc' \n\t\t\t\t\ttitle='Bolyai \u0219i Timi\u0219oara \u2013 traseu cultural, depunere de coroane \u0219i spectacol de teatru' href='https:\/\/bolyai200.temesvaros.ro\/ro\/galerie\/nggallery\/bolyai200-ro\/bolyai-si-timisoara-traseu-cultural-depunere-de-coroane-si-spectacol-de-teatru'style=\"max-width: 260px\"\t\t\t\t\t>\n\t\t\t\t\t\tBolyai \u0219i Timi\u0219oara \u2013 traseu cultural, depunere de coroane \u0219i spectacol de teatru\t\t\t\t\t<\/a>\n\t\t\t\t<\/h4>\n\t\t\t\t<p class=\"ngg-album-gallery-image-counter\">\n\t\t\t\t\t\t\t\t\t\t\t<strong>45<\/strong>&nbsp;Photos\t\t\t\t\t\t\t\t\t<\/p>\n\t\t\t<\/div>\n\t\t\t\t\t<div class=\"ngg-album-compact\">\n\t\t\t\t<div class=\"ngg-album-compactbox\">\n\t\t\t\t\t<div class=\"ngg-album-link\">\n\t\t\t\t\t\t\t\t\t\t\t\t\t\t\t\t\t\t\t\t\t<a title='Memorialul Bolyai \u2013 ceremonia de deschidere' href='https:\/\/bolyai200.temesvaros.ro\/ro\/galerie\/nggallery\/bolyai200-ro\/memorialul-bolyai-ceremonia-de-deschidere'>\n\t\t\t\t\t\t\t\t\t<img class=\"Thumb\"\n\t\t\t\t\t\t\t\t\t\talt=\"Memorialul Bolyai \u2013 ceremonia de deschidere\"\n\t\t\t\t\t\t\t\t\t\tsrc=\"https:\/\/bolyai200.temesvaros.ro\/wp-content\/gallery\/memorialul-bolyai-ceremonia-de-deschidere\/cache\/Megnyito___003.jpg-nggid03500-ngg0dyn-240x160x100-00f0w010c011r110f110r010t010.jpg\"\/>\n\t\t\t\t\t\t\t\t<\/a>\n\t\t\t\t\t\t\t\t\t\t\t\t\t\t\t\t\t\t<\/div>\n\t\t\t\t<\/div>\n\t\t\t\t\t\t\t\t<h4>\n\t\t\t\t\t<a class='ngg-album-desc' \n\t\t\t\t\ttitle='Memorialul Bolyai \u2013 ceremonia de deschidere' href='https:\/\/bolyai200.temesvaros.ro\/ro\/galerie\/nggallery\/bolyai200-ro\/memorialul-bolyai-ceremonia-de-deschidere'style=\"max-width: 260px\"\t\t\t\t\t>\n\t\t\t\t\t\tMemorialul Bolyai \u2013 ceremonia de deschidere\t\t\t\t\t<\/a>\n\t\t\t\t<\/h4>\n\t\t\t\t<p class=\"ngg-album-gallery-image-counter\">\n\t\t\t\t\t\t\t\t\t\t\t<strong>38<\/strong>&nbsp;Photos\t\t\t\t\t\t\t\t\t<\/p>\n\t\t\t<\/div>\n\t\t\t\t\t<div class=\"ngg-album-compact\">\n\t\t\t\t<div class=\"ngg-album-compactbox\">\n\t\t\t\t\t<div class=\"ngg-album-link\">\n\t\t\t\t\t\t\t\t\t\t\t\t\t\t\t\t\t\t\t\t\t<a title='Concert de org\u0103 din operele contemporane ale celor doi Bolyai' href='https:\/\/bolyai200.temesvaros.ro\/ro\/galerie\/nggallery\/bolyai200-ro\/concert-de-orga-din-operele-contemporane-ale-celor-doi-bolyai'>\n\t\t\t\t\t\t\t\t\t<img class=\"Thumb\"\n\t\t\t\t\t\t\t\t\t\talt=\"Concert de org\u0103 din operele contemporane ale celor doi Bolyai\"\n\t\t\t\t\t\t\t\t\t\tsrc=\"https:\/\/bolyai200.temesvaros.ro\/wp-content\/gallery\/concert-de-orga-din-operele-contemporane-ale-celor-doi-bolyai\/cache\/Orgonahangverseny-3.jpg-nggid03574-ngg0dyn-240x160x100-00f0w010c011r110f110r010t010.jpg\"\/>\n\t\t\t\t\t\t\t\t<\/a>\n\t\t\t\t\t\t\t\t\t\t\t\t\t\t\t\t\t\t<\/div>\n\t\t\t\t<\/div>\n\t\t\t\t\t\t\t\t<h4>\n\t\t\t\t\t<a class='ngg-album-desc' \n\t\t\t\t\ttitle='Concert de org\u0103 din operele contemporane ale celor doi Bolyai' href='https:\/\/bolyai200.temesvaros.ro\/ro\/galerie\/nggallery\/bolyai200-ro\/concert-de-orga-din-operele-contemporane-ale-celor-doi-bolyai'style=\"max-width: 260px\"\t\t\t\t\t>\n\t\t\t\t\t\tConcert de org\u0103 din operele contemporane ale celor doi Bolyai\t\t\t\t\t<\/a>\n\t\t\t\t<\/h4>\n\t\t\t\t<p class=\"ngg-album-gallery-image-counter\">\n\t\t\t\t\t\t\t\t\t\t\t<strong>5<\/strong>&nbsp;Photos\t\t\t\t\t\t\t\t\t<\/p>\n\t\t\t<\/div>\n\t\t\t\t\t<div class=\"ngg-album-compact\">\n\t\t\t\t<div class=\"ngg-album-compactbox\">\n\t\t\t\t\t<div class=\"ngg-album-link\">\n\t\t\t\t\t\t\t\t\t\t\t\t\t\t\t\t\t\t\t\t\t<a title='Sesiuni \u0219tiin\u021bifice (s\u00e2mb\u0103t\u0103)' href='https:\/\/bolyai200.temesvaros.ro\/ro\/galerie\/nggallery\/bolyai200-ro\/sesiuni-stiintifice-sambata'>\n\t\t\t\t\t\t\t\t\t<img class=\"Thumb\"\n\t\t\t\t\t\t\t\t\t\talt=\"Sesiuni \u0219tiin\u021bifice (s\u00e2mb\u0103t\u0103)\"\n\t\t\t\t\t\t\t\t\t\tsrc=\"https:\/\/bolyai200.temesvaros.ro\/wp-content\/gallery\/sesiuni-stiintifice-sambata\/cache\/Bolyai200-szombat___002.jpg-nggid03586-ngg0dyn-240x160x100-00f0w010c011r110f110r010t010.jpg\"\/>\n\t\t\t\t\t\t\t\t<\/a>\n\t\t\t\t\t\t\t\t\t\t\t\t\t\t\t\t\t\t<\/div>\n\t\t\t\t<\/div>\n\t\t\t\t\t\t\t\t<h4>\n\t\t\t\t\t<a class='ngg-album-desc' \n\t\t\t\t\ttitle='Sesiuni \u0219tiin\u021bifice (s\u00e2mb\u0103t\u0103)' href='https:\/\/bolyai200.temesvaros.ro\/ro\/galerie\/nggallery\/bolyai200-ro\/sesiuni-stiintifice-sambata'style=\"max-width: 260px\"\t\t\t\t\t>\n\t\t\t\t\t\tSesiuni \u0219tiin\u021bifice (s\u00e2mb\u0103t\u0103)\t\t\t\t\t<\/a>\n\t\t\t\t<\/h4>\n\t\t\t\t<p class=\"ngg-album-gallery-image-counter\">\n\t\t\t\t\t\t\t\t\t\t\t<strong>81<\/strong>&nbsp;Photos\t\t\t\t\t\t\t\t\t<\/p>\n\t\t\t<\/div>\n\t\t\t\t\t<div class=\"ngg-album-compact\">\n\t\t\t\t<div class=\"ngg-album-compactbox\">\n\t\t\t\t\t<div class=\"ngg-album-link\">\n\t\t\t\t\t\t\t\t\t\t\t\t\t\t\t\t\t\t\t\t\t<a title='Bolyai200 atelier de crea\u021bie' href='https:\/\/bolyai200.temesvaros.ro\/ro\/galerie\/nggallery\/bolyai200-ro\/bolyai200-atelier-de-creatie'>\n\t\t\t\t\t\t\t\t\t<img class=\"Thumb\"\n\t\t\t\t\t\t\t\t\t\talt=\"Bolyai200 atelier de crea\u021bie\"\n\t\t\t\t\t\t\t\t\t\tsrc=\"https:\/\/bolyai200.temesvaros.ro\/wp-content\/gallery\/bolyai200-atelier-de-creatie\/cache\/Bolyai200-szombat___088.jpg-nggid03749-ngg0dyn-240x160x100-00f0w010c011r110f110r010t010.jpg\"\/>\n\t\t\t\t\t\t\t\t<\/a>\n\t\t\t\t\t\t\t\t\t\t\t\t\t\t\t\t\t\t<\/div>\n\t\t\t\t<\/div>\n\t\t\t\t\t\t\t\t<h4>\n\t\t\t\t\t<a class='ngg-album-desc' \n\t\t\t\t\ttitle='Bolyai200 atelier de crea\u021bie' href='https:\/\/bolyai200.temesvaros.ro\/ro\/galerie\/nggallery\/bolyai200-ro\/bolyai200-atelier-de-creatie'style=\"max-width: 260px\"\t\t\t\t\t>\n\t\t\t\t\t\tBolyai200 atelier de crea\u021bie\t\t\t\t\t<\/a>\n\t\t\t\t<\/h4>\n\t\t\t\t<p class=\"ngg-album-gallery-image-counter\">\n\t\t\t\t\t\t\t\t\t\t\t<strong>22<\/strong>&nbsp;Photos\t\t\t\t\t\t\t\t\t<\/p>\n\t\t\t<\/div>\n\t\t\t\t\t<div class=\"ngg-album-compact\">\n\t\t\t\t<div class=\"ngg-album-compactbox\">\n\t\t\t\t\t<div class=\"ngg-album-link\">\n\t\t\t\t\t\t\t\t\t\t\t\t\t\t\t\t\t\t\t\t\t<a title='Expozi\u021bii \u0219i workshopuri' href='https:\/\/bolyai200.temesvaros.ro\/ro\/galerie\/nggallery\/bolyai200-ro\/expozitii-si-workshopuri'>\n\t\t\t\t\t\t\t\t\t<img class=\"Thumb\"\n\t\t\t\t\t\t\t\t\t\talt=\"Expozi\u021bii \u0219i workshopuri\"\n\t\t\t\t\t\t\t\t\t\tsrc=\"https:\/\/bolyai200.temesvaros.ro\/wp-content\/gallery\/expozitii-si-workshopuri\/cache\/Bolyai200-szombat___036.jpg-nggid03795-ngg0dyn-240x160x100-00f0w010c011r110f110r010t010.jpg\"\/>\n\t\t\t\t\t\t\t\t<\/a>\n\t\t\t\t\t\t\t\t\t\t\t\t\t\t\t\t\t\t<\/div>\n\t\t\t\t<\/div>\n\t\t\t\t\t\t\t\t<h4>\n\t\t\t\t\t<a class='ngg-album-desc' \n\t\t\t\t\ttitle='Expozi\u021bii \u0219i workshopuri' href='https:\/\/bolyai200.temesvaros.ro\/ro\/galerie\/nggallery\/bolyai200-ro\/expozitii-si-workshopuri'style=\"max-width: 260px\"\t\t\t\t\t>\n\t\t\t\t\t\tExpozi\u021bii \u0219i workshopuri\t\t\t\t\t<\/a>\n\t\t\t\t<\/h4>\n\t\t\t\t<p class=\"ngg-album-gallery-image-counter\">\n\t\t\t\t\t\t\t\t\t\t\t<strong>62<\/strong>&nbsp;Photos\t\t\t\t\t\t\t\t\t<\/p>\n\t\t\t<\/div>\n\t\t\t\t\t<div class=\"ngg-album-compact\">\n\t\t\t\t<div class=\"ngg-album-compactbox\">\n\t\t\t\t\t<div class=\"ngg-album-link\">\n\t\t\t\t\t\t\t\t\t\t\t\t\t\t\t\t\t\t\t\t\t<a title='Prezentare de carte' href='https:\/\/bolyai200.temesvaros.ro\/ro\/galerie\/nggallery\/bolyai200-ro\/prezentare-de-carte'>\n\t\t\t\t\t\t\t\t\t<img class=\"Thumb\"\n\t\t\t\t\t\t\t\t\t\talt=\"Prezentare de carte\"\n\t\t\t\t\t\t\t\t\t\tsrc=\"https:\/\/bolyai200.temesvaros.ro\/wp-content\/gallery\/prezentare-de-carte\/cache\/Bolyai200-szombat___167.jpg-nggid03918-ngg0dyn-240x160x100-00f0w010c011r110f110r010t010.jpg\"\/>\n\t\t\t\t\t\t\t\t<\/a>\n\t\t\t\t\t\t\t\t\t\t\t\t\t\t\t\t\t\t<\/div>\n\t\t\t\t<\/div>\n\t\t\t\t\t\t\t\t<h4>\n\t\t\t\t\t<a class='ngg-album-desc' \n\t\t\t\t\ttitle='Prezentare de carte' href='https:\/\/bolyai200.temesvaros.ro\/ro\/galerie\/nggallery\/bolyai200-ro\/prezentare-de-carte'style=\"max-width: 260px\"\t\t\t\t\t>\n\t\t\t\t\t\tPrezentare de carte\t\t\t\t\t<\/a>\n\t\t\t\t<\/h4>\n\t\t\t\t<p class=\"ngg-album-gallery-image-counter\">\n\t\t\t\t\t\t\t\t\t\t\t<strong>5<\/strong>&nbsp;Photos\t\t\t\t\t\t\t\t\t<\/p>\n\t\t\t<\/div>\n\t\t\t\t\t<div class=\"ngg-album-compact\">\n\t\t\t\t<div class=\"ngg-album-compactbox\">\n\t\t\t\t\t<div class=\"ngg-album-link\">\n\t\t\t\t\t\t\t\t\t\t\t\t\t\t\t\t\t\t\t\t\t<a title='Performan\u021b\u0103 de lectur\u0103' href='https:\/\/bolyai200.temesvaros.ro\/ro\/galerie\/nggallery\/bolyai200-ro\/performanta-de-lectura'>\n\t\t\t\t\t\t\t\t\t<img class=\"Thumb\"\n\t\t\t\t\t\t\t\t\t\talt=\"Performan\u021b\u0103 de lectur\u0103\"\n\t\t\t\t\t\t\t\t\t\tsrc=\"https:\/\/bolyai200.temesvaros.ro\/wp-content\/gallery\/performanta-de-lectura\/cache\/Bolyai200-szombat___172.jpg-nggid03926-ngg0dyn-240x160x100-00f0w010c011r110f110r010t010.jpg\"\/>\n\t\t\t\t\t\t\t\t<\/a>\n\t\t\t\t\t\t\t\t\t\t\t\t\t\t\t\t\t\t<\/div>\n\t\t\t\t<\/div>\n\t\t\t\t\t\t\t\t<h4>\n\t\t\t\t\t<a class='ngg-album-desc' \n\t\t\t\t\ttitle='Performan\u021b\u0103 de lectur\u0103' href='https:\/\/bolyai200.temesvaros.ro\/ro\/galerie\/nggallery\/bolyai200-ro\/performanta-de-lectura'style=\"max-width: 260px\"\t\t\t\t\t>\n\t\t\t\t\t\tPerforman\u021b\u0103 de lectur\u0103\t\t\t\t\t<\/a>\n\t\t\t\t<\/h4>\n\t\t\t\t<p class=\"ngg-album-gallery-image-counter\">\n\t\t\t\t\t\t\t\t\t\t\t<strong>3<\/strong>&nbsp;Photos\t\t\t\t\t\t\t\t\t<\/p>\n\t\t\t<\/div>\n\t\t\t\t\t<div class=\"ngg-album-compact\">\n\t\t\t\t<div class=\"ngg-album-compactbox\">\n\t\t\t\t\t<div class=\"ngg-album-link\">\n\t\t\t\t\t\t\t\t\t\t\t\t\t\t\t\t\t\t\t\t\t<a title='Recital de vioar\u0103 \u2013 piese Paganini' href='https:\/\/bolyai200.temesvaros.ro\/ro\/galerie\/nggallery\/bolyai200-ro\/recital-de-vioara-piese-paganini'>\n\t\t\t\t\t\t\t\t\t<img class=\"Thumb\"\n\t\t\t\t\t\t\t\t\t\talt=\"Recital de vioar\u0103 \u2013 piese Paganini\"\n\t\t\t\t\t\t\t\t\t\tsrc=\"https:\/\/bolyai200.temesvaros.ro\/wp-content\/gallery\/recital-de-vioara-piese-paganini\/cache\/Bolyai200-szombat___178.jpg-nggid03935-ngg0dyn-240x160x100-00f0w010c011r110f110r010t010.jpg\"\/>\n\t\t\t\t\t\t\t\t<\/a>\n\t\t\t\t\t\t\t\t\t\t\t\t\t\t\t\t\t\t<\/div>\n\t\t\t\t<\/div>\n\t\t\t\t\t\t\t\t<h4>\n\t\t\t\t\t<a class='ngg-album-desc' \n\t\t\t\t\ttitle='Recital de vioar\u0103 \u2013 piese Paganini' href='https:\/\/bolyai200.temesvaros.ro\/ro\/galerie\/nggallery\/bolyai200-ro\/recital-de-vioara-piese-paganini'style=\"max-width: 260px\"\t\t\t\t\t>\n\t\t\t\t\t\tRecital de vioar\u0103 \u2013 piese Paganini\t\t\t\t\t<\/a>\n\t\t\t\t<\/h4>\n\t\t\t\t<p class=\"ngg-album-gallery-image-counter\">\n\t\t\t\t\t\t\t\t\t\t\t<strong>6<\/strong>&nbsp;Photos\t\t\t\t\t\t\t\t\t<\/p>\n\t\t\t<\/div>\n\t\t\t\t\t<div class=\"ngg-album-compact\">\n\t\t\t\t<div class=\"ngg-album-compactbox\">\n\t\t\t\t\t<div class=\"ngg-album-link\">\n\t\t\t\t\t\t\t\t\t\t\t\t\t\t\t\t\t\t\t\t\t<a title='Sesiuni \u0219tiin\u021bifice (duminic\u0103)' href='https:\/\/bolyai200.temesvaros.ro\/ro\/galerie\/nggallery\/bolyai200-ro\/sesiuni-stiintifice-duminica'>\n\t\t\t\t\t\t\t\t\t<img class=\"Thumb\"\n\t\t\t\t\t\t\t\t\t\talt=\"Sesiuni \u0219tiin\u021bifice (duminic\u0103)\"\n\t\t\t\t\t\t\t\t\t\tsrc=\"https:\/\/bolyai200.temesvaros.ro\/wp-content\/gallery\/sesiuni-stiintifice-duminica\/cache\/Bolyai200-vasarnap___019.jpg-nggid03947-ngg0dyn-240x160x100-00f0w010c011r110f110r010t010.jpg\"\/>\n\t\t\t\t\t\t\t\t<\/a>\n\t\t\t\t\t\t\t\t\t\t\t\t\t\t\t\t\t\t<\/div>\n\t\t\t\t<\/div>\n\t\t\t\t\t\t\t\t<h4>\n\t\t\t\t\t<a class='ngg-album-desc' \n\t\t\t\t\ttitle='Sesiuni \u0219tiin\u021bifice (duminic\u0103)' href='https:\/\/bolyai200.temesvaros.ro\/ro\/galerie\/nggallery\/bolyai200-ro\/sesiuni-stiintifice-duminica'style=\"max-width: 260px\"\t\t\t\t\t>\n\t\t\t\t\t\tSesiuni \u0219tiin\u021bifice (duminic\u0103)\t\t\t\t\t<\/a>\n\t\t\t\t<\/h4>\n\t\t\t\t<p class=\"ngg-album-gallery-image-counter\">\n\t\t\t\t\t\t\t\t\t\t\t<strong>23<\/strong>&nbsp;Photos\t\t\t\t\t\t\t\t\t<\/p>\n\t\t\t<\/div>\n\t\t\t\t\t<div class=\"ngg-album-compact\">\n\t\t\t\t<div class=\"ngg-album-compactbox\">\n\t\t\t\t\t<div class=\"ngg-album-link\">\n\t\t\t\t\t\t\t\t\t\t\t\t\t\t\t\t\t\t\t\t\t<a title='Prezentarea lucr\u0103rilor echipelor de la workshopul de crea\u021bie Bolyai200 \u0219i premieri' href='https:\/\/bolyai200.temesvaros.ro\/ro\/galerie\/nggallery\/bolyai200-ro\/prezentarea-lucrarilor-echipelor-de-la-workshopul-de-creatie-bolyai200-si-premieri'>\n\t\t\t\t\t\t\t\t\t<img class=\"Thumb\"\n\t\t\t\t\t\t\t\t\t\talt=\"Prezentarea lucr\u0103rilor echipelor de la workshopul de crea\u021bie Bolyai200 \u0219i premieri\"\n\t\t\t\t\t\t\t\t\t\tsrc=\"https:\/\/bolyai200.temesvaros.ro\/wp-content\/gallery\/prezentarea-lucrarilor-echipelor-de-la-workshopul-de-creatie-bolyai200-si-premieri\/cache\/Bolyai200-vasarnap___003.jpg-nggid03993-ngg0dyn-240x160x100-00f0w010c011r110f110r010t010.jpg\"\/>\n\t\t\t\t\t\t\t\t<\/a>\n\t\t\t\t\t\t\t\t\t\t\t\t\t\t\t\t\t\t<\/div>\n\t\t\t\t<\/div>\n\t\t\t\t\t\t\t\t<h4>\n\t\t\t\t\t<a class='ngg-album-desc' \n\t\t\t\t\ttitle='Prezentarea lucr\u0103rilor echipelor de la workshopul de crea\u021bie Bolyai200 \u0219i premieri' href='https:\/\/bolyai200.temesvaros.ro\/ro\/galerie\/nggallery\/bolyai200-ro\/prezentarea-lucrarilor-echipelor-de-la-workshopul-de-creatie-bolyai200-si-premieri'style=\"max-width: 260px\"\t\t\t\t\t>\n\t\t\t\t\t\tPrezentarea lucr\u0103rilor echipelor de la workshopul de crea\u021bie Bolyai200 \u0219i premieri\t\t\t\t\t<\/a>\n\t\t\t\t<\/h4>\n\t\t\t\t<p class=\"ngg-album-gallery-image-counter\">\n\t\t\t\t\t\t\t\t\t\t\t<strong>41<\/strong>&nbsp;Photos\t\t\t\t\t\t\t\t\t<\/p>\n\t\t\t<\/div>\n\t\t\t\t<br class=\"ngg-clear\"\/>\n\t\t<div class='ngg-clear'><\/div>\t<\/div>\n<\/div>\n\t\t\t\t\t\t<\/div>\n\t\t\t\t<\/div>\n\t\t\t\t\t<\/div>\n\t\t<\/div>\n\t\t\t\t\t<\/div>\n\t\t<\/section>\n\t\t\t\t<\/div>\n\t\t","protected":false},"excerpt":{"rendered":"<p>Galerie foto<\/p>\n","protected":false},"author":2,"featured_media":1860,"parent":0,"menu_order":23,"comment_status":"closed","ping_status":"closed","template":"","meta":{"_seopress_robots_primary_cat":"","_seopress_titles_title":"","_seopress_titles_desc":"","_seopress_robots_index":"","ngg_post_thumbnail":0,"footnotes":""},"_links":{"self":[{"href":"https:\/\/bolyai200.temesvaros.ro\/ro\/wp-json\/wp\/v2\/pages\/3543"}],"collection":[{"href":"https:\/\/bolyai200.temesvaros.ro\/ro\/wp-json\/wp\/v2\/pages"}],"about":[{"href":"https:\/\/bolyai200.temesvaros.ro\/ro\/wp-json\/wp\/v2\/types\/page"}],"author":[{"embeddable":true,"href":"https:\/\/bolyai200.temesvaros.ro\/ro\/wp-json\/wp\/v2\/users\/2"}],"replies":[{"embeddable":true,"href":"https:\/\/bolyai200.temesvaros.ro\/ro\/wp-json\/wp\/v2\/comments?post=3543"}],"version-history":[{"count":6,"href":"https:\/\/bolyai200.temesvaros.ro\/ro\/wp-json\/wp\/v2\/pages\/3543\/revisions"}],"predecessor-version":[{"id":4295,"href":"https:\/\/bolyai200.temesvaros.ro\/ro\/wp-json\/wp\/v2\/pages\/3543\/revisions\/4295"}],"wp:featuredmedia":[{"embeddable":true,"href":"https:\/\/bolyai200.temesvaros.ro\/ro\/wp-json\/wp\/v2\/media\/1860"}],"wp:attachment":[{"href":"https:\/\/bolyai200.temesvaros.ro\/ro\/wp-json\/wp\/v2\/media?parent=3543"}],"curies":[{"name":"wp","href":"https:\/\/api.w.org\/{rel}","templated":true}]}}